{"id":17274,"date":"2017-09-27T17:47:08","date_gmt":"2017-09-27T17:47:08","guid":{"rendered":"http:\/\/www.shentek.com\/aboutus-shentek\/"},"modified":"2019-04-21T20:32:22","modified_gmt":"2019-04-21T12:32:22","slug":"aboutus-shentek","status":"publish","type":"page","link":"https:\/\/shentek.com\/de\/aboutus-shentek\/","title":{"rendered":"\u00dcber uns"},"content":{"rendered":"<p>[vc_row css_animation=&#8221;slideInDown&#8221; css=&#8221;.vc_custom_1529420940000{padding-top: 50px !important;padding-bottom: 50px !important;}&#8221;][vc_column width=&#8221;1\/2&#8243;][vc_single_image image=&#8221;651&#8243; img_size=&#8221;full&#8221;][\/vc_column][vc_column css_animation=&#8221;slideInDown&#8221; width=&#8221;1\/2&#8243; nasa_effect=&#8221;fadeIn&#8221; css=&#8221;.vc_custom_1529421071948{padding-top: 50px !important;padding-bottom: 50px !important;}&#8221;][vc_column_text css=&#8221;.vc_custom_1554553460108{padding-top: 30px !important;padding-bottom: 50px !important;}&#8221;]<\/p>\n<h3 style=\"text-align: left;\">Shentek Technology Co., LTD ist ein Hersteller- und Designunternehmen mit Sitz in Taipeh, Taiwan. Wir machen ODM-Design und die Marke \u201eShentek\u201c f\u00fcr unsere Partner.<\/h3>\n<p>[\/vc_column_text][\/vc_column][\/vc_row][vc_row css=&#8221;.vc_custom_1529556957597{margin-bottom: 50px !important;}&#8221;][vc_column css=&#8221;.vc_custom_1529557000065{padding-right: 120px !important;padding-left: 120px !important;}&#8221;][vc_empty_space][vc_single_image image=&#8221;574&#8243; img_size=&#8221;large&#8221; alignment=&#8221;center&#8221; css_animation=&#8221;none&#8221;][vc_column_text]<\/p>\n<h4 class=\"av-special-heading-tag\" style=\"text-align: center; color: #8ec31f;\">CONNECT PERFECTLY IN IT PERIPHERALS<\/h4>\n<p>[\/vc_column_text][vc_empty_space height=&#8221;80px&#8221;][vc_btn title=&#8221;Unser Produkt&#8221; color=&#8221;green&#8221; size=&#8221;lg&#8221; align=&#8221;center&#8221; link=&#8221;url:%2Fshop%2F|||&#8221;][vc_empty_space][\/vc_column][\/vc_row][vc_row][vc_column][vc_empty_space height=&#8221;120px&#8221;][\/vc_column][\/vc_row][vc_row css=&#8221;.vc_custom_1529423030310{margin-bottom: 50px !important;background-color: #ffffff !important;}&#8221;][vc_column css_animation=&#8221;fadeInDown&#8221; width=&#8221;1\/3&#8243; nasa_effect=&#8221;fadeInDown&#8221;][vc_row_inner][vc_column_inner css=&#8221;.vc_custom_1529556623802{margin-top: 0px !important;margin-right: 80px !important;margin-bottom: 20px !important;margin-left: 80px !important;padding-top: 40px !important;padding-right: 20px !important;padding-bottom: 20px !important;padding-left: 20px !important;background-color: #d2ea79 !important;border-radius: 15px !important;}&#8221;][vc_column_text css_animation=&#8221;fadeIn&#8221; css=&#8221;.vc_custom_1529555342664{padding-bottom: 10px !important;}&#8221;]<\/p>\n<h3 style=\"color: white; text-align: center;\"><strong>VISION<\/strong><\/h3>\n<p>[\/vc_column_text][vc_icon icon_fontawesome=&#8221;fa fa-rocket&#8221; color=&#8221;white&#8221; size=&#8221;xl&#8221; align=&#8221;center&#8221; css_animation=&#8221;fadeIn&#8221; css=&#8221;.vc_custom_1529555354995{padding-top: 10px !important;padding-right: 10px !important;padding-bottom: 10px !important;padding-left: 10px !important;}&#8221;][\/vc_column_inner][\/vc_row_inner][\/vc_column][vc_column css_animation=&#8221;fadeInDown&#8221; width=&#8221;2\/3&#8243; nasa_effect=&#8221;fadeInDown&#8221;][vc_column_text css_animation=&#8221;fadeIn&#8221;]<\/p>\n<h5><strong><span class=\"s1\"><span class=\"s2\">\u2022\u00a0<\/span>Um Weltmarktf\u00fchrer bei IT-Peripherieger\u00e4ten zu werden<\/span><\/strong><\/h5>\n<h5><span class=\"s2\">Als f\u00fchrender Anbieter von IT-Peripherieger\u00e4ten befasst sich SHENTEK mit der Bereitstellung qualitativ hochwertiger Produkte und prompten Services f\u00fcr unsere Kunden. Um dies zu erreichen, bieten wir eine Komplettl\u00f6sung und verpflichten die nachstehenden Aussagen unseren Kunden, Mitarbeitern und Partnern.<\/span><\/h5>\n<h5><strong><span class=\"s2\">\u2022 Zu Kunden<\/span><\/strong><\/h5>\n<h5><span class=\"s2\">Um die hohe Kundenzufriedenheit und hohe Loyalit\u00e4t als oberstes Ziel zu erreichen, bietet SHENTEK w\u00e4hrend des Zeitraums des Vorverkaufs, des In-Selling oder sogar des Nachverkaufs von 2009 einen sofortigen Kundendienst und technische Unterst\u00fctzung bei der Spezifikation oder Nutzung Machen Sie das Produkt mit hoher Kompatibilit\u00e4t und schnelle Antworten, die die beste Sicherheit f\u00fcr die Kunden darstellen.<\/span><\/h5>\n<h5><strong><span class=\"s2\">\u2022 An die Mitarbeiter<\/span><\/strong><\/h5>\n<h5><span class=\"s2\"><span class=\"Apple-converted-space\">\u00a0\u00a0<\/span>SHENTEK wird die gut durchdachten Schulungen anbieten, um sicherzustellen, dass alle Mitarbeiter im Bereich der IT-Peripherie immer professioneller sind und der beste Kundendienst ist, um ihr Potenzial voll auszusch\u00f6pfen. Dar\u00fcber hinaus wird SHENTEK daf\u00fcr sorgen, dass die Mitarbeiter mit dem Unternehmen wachsen und das Wohlergehen teilen k\u00f6nnen.<\/span><\/h5>\n<h5><strong><span class=\"s2\">\u2022 Zu den Partnern<\/span><\/strong><\/h5>\n<h5><span class=\"s2\">SHENTEK ist auf der \u00dcberzeugung von Zusammenwachsen und Co-Wohlstand auf der Suche nach einem langfristigen Partner, der zusammenarbeiten kann, zusammenw\u00e4chst und zusammen der Weltmarktf\u00fchrer im IT-Peripheriemarkt wird.<\/span><\/h5>\n<p>[\/vc_column_text][vc_empty_space height=&#8221;40px&#8221;][\/vc_column][\/vc_row][vc_row css=&#8221;.vc_custom_1529423030310{margin-bottom: 50px !important;background-color: #ffffff !important;}&#8221;][vc_column css_animation=&#8221;fadeInDown&#8221; width=&#8221;1\/3&#8243; nasa_effect=&#8221;fadeInDown&#8221;][vc_row_inner][vc_column_inner css=&#8221;.vc_custom_1529556659477{margin-top: 0px !important;margin-right: 80px !important;margin-bottom: 20px !important;margin-left: 80px !important;padding-top: 40px !important;padding-right: 20px !important;padding-bottom: 20px !important;padding-left: 20px !important;background-color: #f4df7f !important;border-radius: 15px !important;}&#8221;][vc_column_text css_animation=&#8221;fadeIn&#8221; css=&#8221;.vc_custom_1529556579416{padding-bottom: 10px !important;}&#8221;]<\/p>\n<h3 style=\"color: white; text-align: center;\"><strong><span style=\"color: #ffffff;\">COMPETENCE<\/span><\/strong><\/h3>\n<p>[\/vc_column_text][vc_icon icon_fontawesome=&#8221;fa fa-globe&#8221; color=&#8221;white&#8221; size=&#8221;xl&#8221; align=&#8221;center&#8221; css_animation=&#8221;fadeIn&#8221; css=&#8221;.vc_custom_1529556491471{padding-top: 10px !important;padding-right: 10px !important;padding-bottom: 10px !important;padding-left: 10px !important;}&#8221;][\/vc_column_inner][\/vc_row_inner][\/vc_column][vc_column css_animation=&#8221;fadeInDown&#8221; width=&#8221;2\/3&#8243; nasa_effect=&#8221;fadeInDown&#8221;][vc_column_text css_animation=&#8221;fadeIn&#8221;]<\/p>\n<h5><strong><span class=\"s1\"> \u00a0 1. Global denken, lokal handeln<\/span><\/strong><\/h5>\n<h5><span class=\"s1\">Die Kunden von SHENTEK sind weltweit verteilt, und SHENTEK muss eine globale L\u00f6sung anbieten. Die L\u00f6sung muss jedoch auch kosteng\u00fcnstig sein. Daher beschlie\u00dft SHENTEK, es in Taiwan mit hoher Qualit\u00e4t zu entwerfen und herzustellen, um die Anforderungen zu erf\u00fcllen. Das professionelle Designteam von SHENTEK verf\u00fcgt \u00fcber umfassende Erfahrung mit IT-Peripherieger\u00e4ten, insbesondere im Verbindungsbereich, wie z. B. der Schnittstelle USB, Serial ATA, RS232 \/ 422\/485 und LAN. Alle Untersuchungen konzentrieren sich auf die nahtlose Verbindung und perfekte Kompatibilit\u00e4t.<\/span><\/h5>\n<h5><strong>2 Schlanke Produktion<\/strong><\/h5>\n<h5>Erstens gibt SHENTEK an, dass der Wert der Konnektivit\u00e4t die Kompatibilit\u00e4t ist, unabh\u00e4ngig davon, wie alt oder wie aktuell das Ger\u00e4t ist. Zweitens ist der Produktionsfluss durch die Auswahl des Materials oder der Komponenten, die Herstellung oder sogar die Endpr\u00fcfung fest. Alles muss genau definierten SOP und den strengen Pr\u00fcfschritten folgen, bis alle Zuverl\u00e4ssigkeitstests bestanden sind. SHENTEK macht das Prinzip von Innovation, Qualit\u00e4t und Service vollst\u00e4ndig wahr. die Zufriedenheit und Loyalit\u00e4t der Kunden erh\u00f6hen. SHENTEK setzt sich au\u00dferdem daf\u00fcr ein, die Produktqualit\u00e4t und den Kundenservice zu verbessern, um die Perfektion von Zusammenwachsen und permanenter Arbeit f\u00fcr unsere Kunden zu erreichen!<\/h5>\n<p>[\/vc_column_text][vc_empty_space height=&#8221;40px&#8221;][\/vc_column][\/vc_row][vc_row css=&#8221;.vc_custom_1529423030310{margin-bottom: 50px !important;background-color: #ffffff !important;}&#8221;][vc_column css_animation=&#8221;fadeInDown&#8221; width=&#8221;1\/3&#8243; nasa_effect=&#8221;fadeInDown&#8221;][vc_row_inner][vc_column_inner css=&#8221;.vc_custom_1529556679813{margin-top: 0px !important;margin-right: 80px !important;margin-bottom: 20px !important;margin-left: 80px !important;padding-top: 40px !important;padding-right: 20px !important;padding-bottom: 20px !important;padding-left: 20px !important;background-color: #83c7fc !important;border-radius: 15px !important;}&#8221;][vc_column_text css_animation=&#8221;fadeIn&#8221; css=&#8221;.vc_custom_1529556320059{padding-bottom: 10px !important;}&#8221;]<\/p>\n<h3 style=\"color: white; text-align: center;\"><strong>CULTURE<\/strong><\/h3>\n<p>[\/vc_column_text][vc_icon icon_fontawesome=&#8221;fa fa-handshake-o&#8221; color=&#8221;white&#8221; size=&#8221;xl&#8221; align=&#8221;center&#8221; css_animation=&#8221;fadeIn&#8221; css=&#8221;.vc_custom_1529556388420{padding-top: 10px !important;padding-right: 10px !important;padding-bottom: 10px !important;padding-left: 10px !important;}&#8221;][\/vc_column_inner][\/vc_row_inner][\/vc_column][vc_column css_animation=&#8221;fadeInDown&#8221; width=&#8221;2\/3&#8243; nasa_effect=&#8221;fadeInDown&#8221;][vc_column_text css_animation=&#8221;fadeIn&#8221;]<\/p>\n<h5 class=\"p1\"><span class=\"s1\">SHENTEK h\u00e4lt sich an das Prinzip der Integrit\u00e4t, Lean und Innovation seit Bestehen und schafft kontinuierlich hochqualifizierte Arbeitskr\u00e4fte, verbessert die Produktleistung und -kompatibilit\u00e4t und forscht und entwickelt Innovationen, um die neuen Herausforderungen der IT-Branche zu meistern.<\/span><\/h5>\n<h5 class=\"p1\"><span class=\"s1\">SHENTEK legt Wert auf Teamarbeit, indem es die neueste Technologie, schnelle und perfekte Kundendienstleistungen und ein qualitativ hochwertiges Produkt bietet, um die Anforderungen der Kunden vollst\u00e4ndig zu erf\u00fcllen. SHENTEK wird auch weiterhin die technologische Innovation beibehalten, die Qualit\u00e4t garantieren und den besten Service f\u00fcr Peripherieger\u00e4te, Erweiterungskarten oder andere verwandte Produkte bieten. SHENTEK zielt immer darauf ab, ein erstklassiges Produkt zu entwickeln und das Unternehmen als permanenten Betrieb zu betrachten.<\/span><\/h5>\n<h5 class=\"p1\"><span class=\"s1\">Wichtiger ist, dass SHENTEK nach langfristigen Partnerschaften gesucht hat, die auf dem IT-Markt mit gegenseitiger Unterst\u00fctzung zusammenwachsen k\u00f6nnen. SHENTEK, begr\u00fc\u00dfen Sie jeden Partner, der perfekte Konnektivit\u00e4t verwirklichen und Weltklasse oder Marktf\u00fchrer im IT-Peripheriemarkt werden m\u00f6chte!<\/span><\/h5>\n<p>[\/vc_column_text][vc_empty_space height=&#8221;40px&#8221;][\/vc_column][\/vc_row]<\/p>\n","protected":false},"excerpt":{"rendered":"<p>[vc_row css_animation=&#8221;slideInDown&#8221; css=&#8221;.vc_custom_1529420940000{padding-top: 50px !important;padding-bottom: 50px !important;}&#8221;][vc_column width=&#8221;1\/2&#8243;][vc_single_image image=&#8221;651&#8243; img_size=&#8221;full&#8221;][\/vc_column][vc_column css_animation=&#8221;slideInDown&#8221; width=&#8221;1\/2&#8243; nasa_effect=&#8221;fadeIn&#8221; css=&#8221;.vc_custom_1529421071948{padding-top: 50px !important;padding-bottom: 50px !important;}&#8221;][vc_column_text css=&#8221;.vc_custom_1554553460108{padding-top: 30px !important;padding-bottom: 50px !important;}&#8221;] Shentek Technology Co., LTD ist ein Hersteller- und Designunternehmen mit Sitz in Taipeh, Taiwan. Wir machen ODM-Design und die Marke \u201eShentek\u201c f\u00fcr unsere Partner. [\/vc_column_text][\/vc_column][\/vc_row][vc_row css=&#8221;.vc_custom_1529556957597{margin-bottom: 50px !important;}&#8221;][vc_column css=&#8221;.vc_custom_1529557000065{padding-right: 120px !important;padding-left: 120px [&hellip;]<\/p>\n","protected":false},"author":10,"featured_media":0,"parent":0,"menu_order":0,"comment_status":"closed","ping_status":"closed","template":"page-visual-composer.php","meta":{"footnotes":""},"yst_prominent_words":[],"_links":{"self":[{"href":"https:\/\/shentek.com\/de\/wp-json\/wp\/v2\/pages\/17274"}],"collection":[{"href":"https:\/\/shentek.com\/de\/wp-json\/wp\/v2\/pages"}],"about":[{"href":"https:\/\/shentek.com\/de\/wp-json\/wp\/v2\/types\/page"}],"author":[{"embeddable":true,"href":"https:\/\/shentek.com\/de\/wp-json\/wp\/v2\/users\/10"}],"replies":[{"embeddable":true,"href":"https:\/\/shentek.com\/de\/wp-json\/wp\/v2\/comments?post=17274"}],"version-history":[{"count":0,"href":"https:\/\/shentek.com\/de\/wp-json\/wp\/v2\/pages\/17274\/revisions"}],"wp:attachment":[{"href":"https:\/\/shentek.com\/de\/wp-json\/wp\/v2\/media?parent=17274"}],"wp:term":[{"taxonomy":"yst_prominent_words","embeddable":true,"href":"https:\/\/shentek.com\/de\/wp-json\/wp\/v2\/yst_prominent_words?post=17274"}],"curies":[{"name":"wp","href":"https:\/\/api.w.org\/{rel}","templated":true}]}}