{"id":17446,"date":"2018-06-19T21:40:11","date_gmt":"2018-06-19T21:40:11","guid":{"rendered":"http:\/\/www.shentek.com\/where-to-buy\/"},"modified":"2019-04-07T08:28:51","modified_gmt":"2019-04-07T00:28:51","slug":"wo-zu-kaufen","status":"publish","type":"page","link":"https:\/\/shentek.com\/de\/wo-zu-kaufen\/","title":{"rendered":"Wo zu kaufen"},"content":{"rendered":"<p>[vc_row][vc_column][vc_empty_space height=&#8221;100px&#8221;][\/vc_column][\/vc_row][vc_row][vc_column width=&#8221;1\/3&#8243;][vc_icon icon_fontawesome=&#8221;fa fa-shopping-cart&#8221; color=&#8221;custom&#8221; size=&#8221;xl&#8221; align=&#8221;center&#8221; css_animation=&#8221;slideInDown&#8221; custom_color=&#8221;#8ec31f&#8221;][\/vc_column][vc_column width=&#8221;2\/3&#8243;][vc_column_text]<\/p>\n<h5>Beginnen wir mit der \u00dcberschrift. Die VA hat diese Pflegeheim-Bewertungen am 12. Juni ver\u00f6ffentlicht. Die Angabe \u201egeheim\u201c ist falsch und unverantwortlich. Daher konzentriert sich dieses Papier auf eine einzelne, von der Kirschpflanze ausgew\u00e4hlte Submetrik &#8211; und nicht auf die Gesamtrangliste -, um ein irref\u00fchrendes Bild davon zu zeichnen, wie unsere Einrichtungen tats\u00e4chlich mit dem privaten Sektor verglichen werden.<\/h5>\n<p>[\/vc_column_text][vc_empty_space height=&#8221;30px&#8221;][vc_btn title=&#8221;Online kaufen&#8221; style=&#8221;flat&#8221; color=&#8221;green&#8221; size=&#8221;sm&#8221; align=&#8221;left&#8221; css_animation=&#8221;slideInDown&#8221; link=&#8221;url:%2Fproducts-and-solutions%2F|||&#8221;][vc_empty_space height=&#8221;60px&#8221;][\/vc_column][\/vc_row][vc_row][vc_column width=&#8221;1\/3&#8243;][vc_icon icon_fontawesome=&#8221;fa fa-envelope-open&#8221; color=&#8221;custom&#8221; size=&#8221;xl&#8221; align=&#8221;center&#8221; css_animation=&#8221;slideInDown&#8221; custom_color=&#8221;#8ec31f&#8221;][\/vc_column][vc_column width=&#8221;2\/3&#8243;][vc_column_text]<\/p>\n<h5>Beginnen wir mit der \u00dcberschrift. Die VA hat diese Pflegeheim-Bewertungen am 12. Juni ver\u00f6ffentlicht. Die Angabe \u201egeheim\u201c ist falsch und unverantwortlich. Daher konzentriert sich dieses Papier auf eine einzelne, von der Kirschpflanze ausgew\u00e4hlte Submetrik &#8211; und nicht auf die Gesamtrangliste -, um ein irref\u00fchrendes Bild davon zu zeichnen, wie unsere Einrichtungen tats\u00e4chlich mit dem privaten Sektor verglichen werden.<\/h5>\n<p>[\/vc_column_text][vc_empty_space height=&#8221;60px&#8221;][vc_btn title=&#8221;Kontaktiere uns&#8221; style=&#8221;flat&#8221; color=&#8221;green&#8221; size=&#8221;sm&#8221; align=&#8221;left&#8221; css_animation=&#8221;slideInDown&#8221; link=&#8221;url:%2Fcontact-us%2F|||&#8221;][vc_empty_space height=&#8221;60px&#8221;][\/vc_column][\/vc_row][vc_row][vc_column][vc_empty_space height=&#8221;60px&#8221;][\/vc_column][\/vc_row]<\/p>\n","protected":false},"excerpt":{"rendered":"<p>[vc_row][vc_column][vc_empty_space height=&#8221;100px&#8221;][\/vc_column][\/vc_row][vc_row][vc_column width=&#8221;1\/3&#8243;][vc_icon icon_fontawesome=&#8221;fa fa-shopping-cart&#8221; color=&#8221;custom&#8221; size=&#8221;xl&#8221; align=&#8221;center&#8221; css_animation=&#8221;slideInDown&#8221; custom_color=&#8221;#8ec31f&#8221;][\/vc_column][vc_column width=&#8221;2\/3&#8243;][vc_column_text] Beginnen wir mit der \u00dcberschrift. Die VA hat diese Pflegeheim-Bewertungen am 12. Juni ver\u00f6ffentlicht. Die Angabe \u201egeheim\u201c ist falsch und unverantwortlich. Daher konzentriert sich dieses Papier auf eine einzelne, von der Kirschpflanze ausgew\u00e4hlte Submetrik &#8211; und nicht auf die Gesamtrangliste -, um ein irref\u00fchrendes [&hellip;]<\/p>\n","protected":false},"author":12,"featured_media":0,"parent":0,"menu_order":0,"comment_status":"closed","ping_status":"closed","template":"","meta":{"footnotes":""},"yst_prominent_words":[],"_links":{"self":[{"href":"https:\/\/shentek.com\/de\/wp-json\/wp\/v2\/pages\/17446"}],"collection":[{"href":"https:\/\/shentek.com\/de\/wp-json\/wp\/v2\/pages"}],"about":[{"href":"https:\/\/shentek.com\/de\/wp-json\/wp\/v2\/types\/page"}],"author":[{"embeddable":true,"href":"https:\/\/shentek.com\/de\/wp-json\/wp\/v2\/users\/12"}],"replies":[{"embeddable":true,"href":"https:\/\/shentek.com\/de\/wp-json\/wp\/v2\/comments?post=17446"}],"version-history":[{"count":0,"href":"https:\/\/shentek.com\/de\/wp-json\/wp\/v2\/pages\/17446\/revisions"}],"wp:attachment":[{"href":"https:\/\/shentek.com\/de\/wp-json\/wp\/v2\/media?parent=17446"}],"wp:term":[{"taxonomy":"yst_prominent_words","embeddable":true,"href":"https:\/\/shentek.com\/de\/wp-json\/wp\/v2\/yst_prominent_words?post=17446"}],"curies":[{"name":"wp","href":"https:\/\/api.w.org\/{rel}","templated":true}]}}