{"id":16411,"date":"2018-08-16T17:34:37","date_gmt":"2018-08-16T09:34:37","guid":{"rendered":"http:\/\/www.shentek.com\/product\/2-port-rs422-rs485-device-server-over-ethernet\/"},"modified":"2019-04-04T12:34:03","modified_gmt":"2019-04-04T04:34:03","slug":"2-port-rs422-rs485-geraet-server-over-ethernet","status":"publish","type":"product","link":"https:\/\/shentek.com\/de\/product\/2-port-rs422-rs485-geraet-server-over-ethernet\/","title":{"rendered":"2-Port RS422 RS485-Ger\u00e4teserver \u00fcber Ethernet"},"content":{"rendered":"","protected":false},"excerpt":{"rendered":"<p><span lang=\"EN-US\" style=\"margin: 0px; font-family: 'Arial','sans-serif'; font-size: 10pt;\"><span style=\"color: #000000;\">Funktionen und Nutzen<\/span><\/span><\/p>\n<p><span lang=\"EN-US\" style=\"margin: 0px; font-family: 'Arial','sans-serif'; font-size: 10pt;\"><span style=\"color: #000000;\">Senden und Empfangen sowie Ethernet Link und 10\/100 LED-Treiber<\/span><\/span><\/p>\n<p><span lang=\"EN-US\" style=\"margin: 0px; font-family: 'Arial','sans-serif'; font-size: 10pt;\"><span style=\"color: #000000;\">Tor IP Adresse <\/span><\/span><\/p>\n<p><span lang=\"EN-US\" style=\"margin: 0px; font-family: 'Arial','sans-serif'; font-size: 10pt;\"><span style=\"color: #000000;\">Serielle RS-422\/485-Schnittstelle 2<\/span><\/span><\/p>\n<p><span lang=\"EN-US\" style=\"margin: 0px; font-family: 'Arial','sans-serif'; font-size: 10pt;\"><span style=\"color: #000000;\">15 kV ESD-Schutz<\/span><\/span><\/p>\n<p><span lang=\"EN-US\" style=\"margin: 0px; font-family: 'Arial','sans-serif'; font-size: 10pt;\"><span style=\"color: #000000;\">10\/100 Mbps Ethernet-Schnittstelle<\/span><\/span><\/p>\n<p><span lang=\"EN-US\" style=\"margin: 0px; font-family: 'Arial','sans-serif'; font-size: 10pt;\"><span style=\"color: #000000;\">\u00dcbertragungsrate bis zu 460 Kbps<\/span><\/span><\/p>\n<p><span lang=\"EN-US\" style=\"margin: 0px; font-family: 'Arial','sans-serif'; font-size: 10pt;\"><span style=\"color: #000000;\">Zwei Stromversorgungen unterst\u00fctzen beide 10 &#8211; 30V<\/span><\/span><\/p>\n<p><span lang=\"EN-US\" style=\"margin: 0px; font-family: 'Arial','sans-serif'; font-size: 10pt;\"><span style=\"color: #000000;\">Unterst\u00fctzungsmodus: VSP Com, TCP-Server, TCP-Client, UDP, Paired-Modus, HTTP, DHCP, ICMP (Ping), Statische IP und ARP werden unterst\u00fctzt<\/span><\/span><\/p>\n<p><span lang=\"EN-US\" style=\"margin: 0px; font-family: 'Arial','sans-serif'; font-size: 10pt;\"><span style=\"color: #000000;\">Unterst\u00fctzt Industrielle Spezifikation<\/span><\/span><\/p>\n<p><span lang=\"EN-US\" style=\"margin: 0px; font-family: 'Arial','sans-serif'; font-size: 10pt;\"><span style=\"color: #000000;\">Eingebauter Abschlusswiderstand 120 Ohm f\u00fcr die Einstellung der DIP-Schalter<\/span><\/span><\/p>\n<p><span lang=\"EN-US\" style=\"margin: 0px; font-family: 'Arial','sans-serif'; font-size: 10pt;\"><span style=\"color: #000000;\">32 Ger\u00e4tekonnektivit\u00e4t f\u00fcr RS-485 max<\/span><\/span><\/p>\n","protected":false},"featured_media":16415,"comment_status":"open","ping_status":"closed","template":"","meta":[],"product_cat":[2118,2119,2095],"product_tag":[2120,2088,2090,2092,2093,2094],"_links":{"self":[{"href":"https:\/\/shentek.com\/de\/wp-json\/wp\/v2\/product\/16411"}],"collection":[{"href":"https:\/\/shentek.com\/de\/wp-json\/wp\/v2\/product"}],"about":[{"href":"https:\/\/shentek.com\/de\/wp-json\/wp\/v2\/types\/product"}],"replies":[{"embeddable":true,"href":"https:\/\/shentek.com\/de\/wp-json\/wp\/v2\/comments?post=16411"}],"wp:featuredmedia":[{"embeddable":true,"href":"https:\/\/shentek.com\/de\/wp-json\/wp\/v2\/media\/16415"}],"wp:attachment":[{"href":"https:\/\/shentek.com\/de\/wp-json\/wp\/v2\/media?parent=16411"}],"wp:term":[{"taxonomy":"product_cat","embeddable":true,"href":"https:\/\/shentek.com\/de\/wp-json\/wp\/v2\/product_cat?post=16411"},{"taxonomy":"product_tag","embeddable":true,"href":"https:\/\/shentek.com\/de\/wp-json\/wp\/v2\/product_tag?post=16411"}],"curies":[{"name":"wp","href":"https:\/\/api.w.org\/{rel}","templated":true}]}}