{"id":16502,"date":"2018-08-16T14:36:02","date_gmt":"2018-08-16T06:36:02","guid":{"rendered":"http:\/\/www.shentek.com\/product\/rs232-rs485-converter-serial-port-powered-bi-direction\/"},"modified":"2019-04-04T12:40:59","modified_gmt":"2019-04-04T04:40:59","slug":"rs232-rs485-konverter-serielle-port-powered-bidirektion","status":"publish","type":"product","link":"https:\/\/shentek.com\/de\/product\/rs232-rs485-konverter-serielle-port-powered-bidirektion\/","title":{"rendered":"RS232 RS485-Konverter serieller Anschluss mit Bidirektion"},"content":{"rendered":"","protected":false},"excerpt":{"rendered":"<p><span lang=\"EN-US\" style=\"margin: 0px; font-family: 'Arial','sans-serif'; font-size: 10pt;\"><span style=\"color: #000000;\">Funktionen und Nutzen<\/span><\/span><\/p>\n<p><span lang=\"EN-US\" style=\"margin: 0px; font-family: 'Arial','sans-serif'; font-size: 10pt;\"><span style=\"color: #000000;\">\u00a0\u00a0\u00a0\u00a0\u00a0\u00a0\u00a0 Baudrate bis zu 921.6Kbps<\/span><\/span><\/p>\n<p><span lang=\"EN-US\" style=\"margin: 0px; font-family: 'Arial','sans-serif'; font-size: 10pt;\"><span style=\"color: #000000;\">\u00a0\u00a0\u00a0\u00a0\u00a0\u00a0\u00a0 Eingebauter Abschlusswiderstand 120 Ohm f\u00fcr die Einstellung der DIP-Schalter<\/span><\/span><\/p>\n<p><span lang=\"EN-US\" style=\"margin: 0px; font-family: 'Arial','sans-serif'; font-size: 10pt;\"><span style=\"color: #000000;\">\u00a0\u00a0\u00a0\u00a0\u00a0\u00a0\u00a0Max. 10 Ger\u00e4tekonnektivit\u00e4t f\u00fcr den 4-Draht-RS-485-Modus (RS-422-Multi-Drop)<\/span><\/span><\/p>\n<p><span lang=\"EN-US\" style=\"margin: 0px; font-family: 'Arial','sans-serif'; font-size: 10pt;\"><span style=\"color: #000000;\">\u00a0\u00a0\u00a0\u00a0\u00a0\u00a0\u00a0 Max. 32 Ger\u00e4tekonnektivit\u00e4t f\u00fcr RS-485-Modus<\/span><\/span><\/p>\n<p><span lang=\"EN-US\" style=\"margin: 0px; font-family: 'Arial','sans-serif'; font-size: 10pt;\"><span style=\"color: #000000;\">\u00a0\u00a0\u00a0\u00a0\u00a0\u00a0\u00a0 Der Kommunikationsstatus kann \u00fcber eine LED \u00fcberwacht werden<\/span><\/span><\/p>\n<p><span lang=\"EN-US\" style=\"margin: 0px; font-family: 'Arial','sans-serif'; font-size: 10pt;\"><span style=\"color: #000000;\">\u00a0\u00a0\u00a0\u00a0\u00a0\u00a0\u00a0 Der Kommunikationsstatus kann \u00fcber eine LED \u00fcberwacht werden<\/span><\/span><\/p>\n<p><span lang=\"EN-US\" style=\"margin: 0px; font-family: 'Arial','sans-serif'; font-size: 10pt;\"><span style=\"color: #000000;\">\u00a0\u00a0\u00a0\u00a0\u00a0\u00a0\u00a0 Eingebauter 15-kV-ESD-Schutz f\u00fcr den gesamten Schutz der seriellen Schnittstelle und RS-422\/485-Signale<\/span><\/span><\/p>\n<p><span lang=\"EN-US\" style=\"margin: 0px; font-family: 'Arial','sans-serif'; font-size: 10pt;\"><span style=\"color: #000000;\">\u00a0\u00a0\u00a0\u00a0\u00a0\u00a0\u00a0 Unterst\u00fctzt die industrielle Spezifikation<\/span><\/span><\/p>\n<p><span lang=\"EN-US\" style=\"margin: 0px; font-family: 'Arial','sans-serif'; font-size: 10pt;\"><span style=\"color: #000000;\">\u00a0\u00a0\u00a0\u00a0\u00a0\u00a0\u00a0 Kein Treiber ben\u00f6tigt <\/span><\/span><\/p>\n","protected":false},"featured_media":16504,"comment_status":"open","ping_status":"closed","template":"","meta":[],"product_cat":[2084,2113,2086,2095],"product_tag":[2087,2088,2090,2091,2092,2093,2094],"_links":{"self":[{"href":"https:\/\/shentek.com\/de\/wp-json\/wp\/v2\/product\/16502"}],"collection":[{"href":"https:\/\/shentek.com\/de\/wp-json\/wp\/v2\/product"}],"about":[{"href":"https:\/\/shentek.com\/de\/wp-json\/wp\/v2\/types\/product"}],"replies":[{"embeddable":true,"href":"https:\/\/shentek.com\/de\/wp-json\/wp\/v2\/comments?post=16502"}],"wp:featuredmedia":[{"embeddable":true,"href":"https:\/\/shentek.com\/de\/wp-json\/wp\/v2\/media\/16504"}],"wp:attachment":[{"href":"https:\/\/shentek.com\/de\/wp-json\/wp\/v2\/media?parent=16502"}],"wp:term":[{"taxonomy":"product_cat","embeddable":true,"href":"https:\/\/shentek.com\/de\/wp-json\/wp\/v2\/product_cat?post=16502"},{"taxonomy":"product_tag","embeddable":true,"href":"https:\/\/shentek.com\/de\/wp-json\/wp\/v2\/product_tag?post=16502"}],"curies":[{"name":"wp","href":"https:\/\/api.w.org\/{rel}","templated":true}]}}