{"id":16608,"date":"2018-08-16T13:43:24","date_gmt":"2018-08-16T05:43:24","guid":{"rendered":"http:\/\/www.shentek.com\/product\/usb-3-0-4-port-hub-supports-transfer-up-to-5g\/"},"modified":"2019-04-04T12:51:01","modified_gmt":"2019-04-04T04:51:01","slug":"usb-3-0-4-port-hub-supports-transfer-up-to-5g","status":"publish","type":"product","link":"https:\/\/shentek.com\/de\/product\/usb-3-0-4-port-hub-supports-transfer-up-to-5g\/","title":{"rendered":"USB 3.0 4-Port-Hub unterst\u00fctzt die \u00dcbertragung von bis zu 5G"},"content":{"rendered":"","protected":false},"excerpt":{"rendered":"<p>Eigenschaften:<br \/>\nF\u00fcgt 4 USB 3.0 Super Speed-Ports (5 Gbit \/ s) hinzu<br \/>\nVollst\u00e4ndig r\u00fcckw\u00e4rts kompatibel mit den Spezifikationen f\u00fcr USB2.0 \/ USB1.1 \/ USB1.0<br \/>\nUnterst\u00fctzt bis zu 127 Hi-Speed-Ger\u00e4te<br \/>\nUnterst\u00fctzt die Daten\u00fcbertragungsrate bei 1,5 \/ 12\/480 \/ Mbit \/ s<br \/>\nEinzelne Port-\u00dcberstromschutz<br \/>\nFreundlich &amp; amp; Starkes Design, leicht trinkbar<br \/>\nStellen Sie bis zu 900mA pro Port bereit, die f\u00fcr verschiedene Ger\u00e4te ausreichen<br \/>\n4 LED-Anzeigen f\u00fcr Daten \/ 1 LED-Anzeige f\u00fcr Leistung<br \/>\nNetzteil (5V \/ 4A Ausgang)<br \/>\nPlug-and-Play-Installation<br \/>\nUnterst\u00fctzt Windows XP, Vista, WIN7 WIN8<br \/>\nUnterst\u00fctzt Macintosh OS 9.0.x nur in Systemen mit USB 2.0-Schnittstelle<br \/>\nEin Hochgeschwindigkeits-Upstream-Port mit Mini-USB-Micro-9-Pin-Buchse<\/p>\n","protected":false},"featured_media":16614,"comment_status":"open","ping_status":"closed","template":"","meta":[],"product_cat":[781],"product_tag":[2146,2147],"_links":{"self":[{"href":"https:\/\/shentek.com\/de\/wp-json\/wp\/v2\/product\/16608"}],"collection":[{"href":"https:\/\/shentek.com\/de\/wp-json\/wp\/v2\/product"}],"about":[{"href":"https:\/\/shentek.com\/de\/wp-json\/wp\/v2\/types\/product"}],"replies":[{"embeddable":true,"href":"https:\/\/shentek.com\/de\/wp-json\/wp\/v2\/comments?post=16608"}],"wp:featuredmedia":[{"embeddable":true,"href":"https:\/\/shentek.com\/de\/wp-json\/wp\/v2\/media\/16614"}],"wp:attachment":[{"href":"https:\/\/shentek.com\/de\/wp-json\/wp\/v2\/media?parent=16608"}],"wp:term":[{"taxonomy":"product_cat","embeddable":true,"href":"https:\/\/shentek.com\/de\/wp-json\/wp\/v2\/product_cat?post=16608"},{"taxonomy":"product_tag","embeddable":true,"href":"https:\/\/shentek.com\/de\/wp-json\/wp\/v2\/product_tag?post=16608"}],"curies":[{"name":"wp","href":"https:\/\/api.w.org\/{rel}","templated":true}]}}