{"id":16747,"date":"2018-08-16T09:36:41","date_gmt":"2018-08-16T01:36:41","guid":{"rendered":"http:\/\/www.shentek.com\/product\/1-port-power-esatap-usb-2-0-adapter-card-euhp\/"},"modified":"2019-04-04T13:14:29","modified_gmt":"2019-04-04T05:14:29","slug":"1-port-power-esatap-usb-2-0-adapter-karte-euhp","status":"publish","type":"product","link":"https:\/\/shentek.com\/de\/product\/1-port-power-esatap-usb-2-0-adapter-karte-euhp\/","title":{"rendered":"1 Port Power eSATAp USB 2.0-Adapterkarte EUHP"},"content":{"rendered":"","protected":false},"excerpt":{"rendered":"<p><span lang=\"EN-US\" style=\"margin: 0px; font-family: 'Arial','sans-serif'; font-size: 10pt;\"><span style=\"color: #000000;\">Funktionen und Nutzen<\/span><\/span><\/p>\n<p><span lang=\"EN-US\" style=\"margin: 0px; font-family: 'Arial','sans-serif'; font-size: 10pt;\"><span style=\"color: #000000;\">\u00a0\u00a0\u00a0\u00a0\u00a0\u00a0\u00a0 Erweitert 2 eSATAp- oder USB2.0-Anschl\u00fcsse f\u00fcr Ihr System<\/span><\/span><\/p>\n<p><span lang=\"EN-US\" style=\"margin: 0px; font-family: 'Arial','sans-serif'; font-size: 10pt;\"><span style=\"color: #000000;\">\u00a0\u00a0\u00a0\u00a0\u00a0\u00a0\u00a0 \u00dcbertragungsrate von bis zu 3Gbps f\u00fcr SATA-Port, 480Mbps f\u00fcr USB2.0-Port<\/span><\/span><\/p>\n<p><span lang=\"EN-US\" style=\"margin: 0px; font-family: 'Arial','sans-serif'; font-size: 10pt;\"><span style=\"color: #000000;\">\u00a0\u00a0\u00a0\u00a0\u00a0\u00a0\u00a0 Unterst\u00fctzt 5 V \/ 12 V \u00fcber den Power eSATAp-Anschluss <\/span><\/span><\/p>\n<p><span lang=\"EN-US\" style=\"margin: 0px; font-family: 'Arial','sans-serif'; font-size: 10pt;\"><span style=\"color: #000000;\">\u00a0\u00a0\u00a0\u00a0\u00a0\u00a0\u00a0 Unterst\u00fctzt keine Treiberanforderungen f\u00fcr alle OS <\/span><\/span><\/p>\n<p><span lang=\"EN-US\" style=\"margin: 0px; font-family: 'Arial','sans-serif'; font-size: 10pt;\"><span style=\"color: #000000;\">\u00a0\u00a0\u00a0\u00a0\u00a0\u00a0\u00a0 Einfache Einrichtung f\u00fcr ein externes Boot-System<\/span><\/span><\/p>\n","protected":false},"featured_media":16760,"comment_status":"open","ping_status":"closed","template":"","meta":[],"product_cat":[2129,2130,2095],"product_tag":[2142,2151],"_links":{"self":[{"href":"https:\/\/shentek.com\/de\/wp-json\/wp\/v2\/product\/16747"}],"collection":[{"href":"https:\/\/shentek.com\/de\/wp-json\/wp\/v2\/product"}],"about":[{"href":"https:\/\/shentek.com\/de\/wp-json\/wp\/v2\/types\/product"}],"replies":[{"embeddable":true,"href":"https:\/\/shentek.com\/de\/wp-json\/wp\/v2\/comments?post=16747"}],"wp:featuredmedia":[{"embeddable":true,"href":"https:\/\/shentek.com\/de\/wp-json\/wp\/v2\/media\/16760"}],"wp:attachment":[{"href":"https:\/\/shentek.com\/de\/wp-json\/wp\/v2\/media?parent=16747"}],"wp:term":[{"taxonomy":"product_cat","embeddable":true,"href":"https:\/\/shentek.com\/de\/wp-json\/wp\/v2\/product_cat?post=16747"},{"taxonomy":"product_tag","embeddable":true,"href":"https:\/\/shentek.com\/de\/wp-json\/wp\/v2\/product_tag?post=16747"}],"curies":[{"name":"wp","href":"https:\/\/api.w.org\/{rel}","templated":true}]}}