{"id":16896,"date":"2018-08-15T12:00:52","date_gmt":"2018-08-15T04:00:52","guid":{"rendered":"http:\/\/www.shentek.com\/product\/serial-rs232-2-port-m-2-card-2260-ngff-embedded\/"},"modified":"2019-04-03T07:07:37","modified_gmt":"2019-04-02T23:07:37","slug":"serielle-rs232-2-port-m-2-card-2260-ngff-embedded","status":"publish","type":"product","link":"https:\/\/shentek.com\/de\/product\/serielle-rs232-2-port-m-2-card-2260-ngff-embedded\/","title":{"rendered":"Serielle RS232 2-Port-M.2-Karte 2260 NGFF Eingebettet"},"content":{"rendered":"","protected":false},"excerpt":{"rendered":"<p><span lang=\"EN-US\" style=\"margin: 0px; font-family: 'Arial','sans-serif'; font-size: 10pt;\"><span style=\"color: #000000;\">Funktionen und Nutzen<\/span><\/span><\/p>\n<p><span lang=\"EN-US\" style=\"margin: 0px; font-family: 'Arial','sans-serif'; font-size: 10pt;\"><span style=\"color: #000000;\">\u00a0\u00a0\u00a0\u00a0\u00a0\u00a0\u00a0 Erweitert 2 COM-RS232-Ports f\u00fcr Ihr System<\/span><\/span><\/p>\n<p><span lang=\"EN-US\" style=\"margin: 0px; font-family: 'Arial','sans-serif'; font-size: 10pt;\"><span style=\"color: #000000;\">\u00a0\u00a0\u00a0\u00a0\u00a0\u00a0\u00a0 Baudrate bis zu 921Kbps<\/span><\/span><\/p>\n<p><span lang=\"EN-US\" style=\"margin: 0px; font-family: 'Arial','sans-serif'; font-size: 10pt;\"><span style=\"color: #000000;\">\u00a0\u00a0\u00a0\u00a0\u00a0\u00a0\u00a0 Design gem\u00e4\u00df M.2 (NGFF) M-Schl\u00fcssel (PCIe-Basis)- 2260<\/span><\/span><\/p>\n<p><span lang=\"EN-US\" style=\"margin: 0px; font-family: 'Arial','sans-serif'; font-size: 10pt;\"><span style=\"color: #000000;\">\u00a0\u00a0\u00a0\u00a0\u00a0\u00a0\u00a0 Eingebauter 15KV ESD-Schutz<\/span><\/span><\/p>\n<p><span lang=\"EN-US\" style=\"margin: 0px; font-family: 'Arial','sans-serif'; font-size: 10pt;\"><span style=\"color: #000000;\">\u00a0\u00a0\u00a0\u00a0\u00a0\u00a0\u00a0 Unterst\u00fctzt die industrielle Spezifikation<\/span><\/span><\/p>\n<p><span lang=\"EN-US\" style=\"margin: 0px; font-family: 'Arial','sans-serif'; font-size: 10pt;\"><span style=\"color: #000000;\">\u00a0\u00a0\u00a0\u00a0\u00a0\u00a0\u00a0 256 byte FIFOs<\/span><\/span><\/p>\n<p><span lang=\"EN-US\" style=\"margin: 0px; font-family: 'Arial','sans-serif'; font-size: 10pt;\"><span style=\"color: #000000;\">\u00a0\u00a0\u00a0\u00a0\u00a0\u00a0\u00a0 Unterst\u00fctzt Microsoft Windows-, Linux- und QNX-Treiber<\/span><\/span><\/p>\n","protected":false},"featured_media":16900,"comment_status":"open","ping_status":"closed","template":"","meta":[],"product_cat":[2184,2137,2095],"product_tag":[2188,2189,2190,2169,2091],"_links":{"self":[{"href":"https:\/\/shentek.com\/de\/wp-json\/wp\/v2\/product\/16896"}],"collection":[{"href":"https:\/\/shentek.com\/de\/wp-json\/wp\/v2\/product"}],"about":[{"href":"https:\/\/shentek.com\/de\/wp-json\/wp\/v2\/types\/product"}],"replies":[{"embeddable":true,"href":"https:\/\/shentek.com\/de\/wp-json\/wp\/v2\/comments?post=16896"}],"wp:featuredmedia":[{"embeddable":true,"href":"https:\/\/shentek.com\/de\/wp-json\/wp\/v2\/media\/16900"}],"wp:attachment":[{"href":"https:\/\/shentek.com\/de\/wp-json\/wp\/v2\/media?parent=16896"}],"wp:term":[{"taxonomy":"product_cat","embeddable":true,"href":"https:\/\/shentek.com\/de\/wp-json\/wp\/v2\/product_cat?post=16896"},{"taxonomy":"product_tag","embeddable":true,"href":"https:\/\/shentek.com\/de\/wp-json\/wp\/v2\/product_tag?post=16896"}],"curies":[{"name":"wp","href":"https:\/\/api.w.org\/{rel}","templated":true}]}}