{"id":16917,"date":"2018-08-15T11:03:32","date_gmt":"2018-08-15T03:03:32","guid":{"rendered":"http:\/\/www.shentek.com\/product\/serial-rs232-2-port-m-key-m-2-card-2-5kv-isolation\/"},"modified":"2019-04-03T07:49:16","modified_gmt":"2019-04-02T23:49:16","slug":"serielle-rs232-2-port-m-key-m-2-card-2-5kv-isolation","status":"publish","type":"product","link":"https:\/\/shentek.com\/de\/product\/serielle-rs232-2-port-m-key-m-2-card-2-5kv-isolation\/","title":{"rendered":"Serieller RS232 2-Port M-Schl\u00fcssel M.2-Karte 2,5-kV-Isolierung"},"content":{"rendered":"","protected":false},"excerpt":{"rendered":"<p><span lang=\"EN-US\" style=\"margin: 0px; font-family: 'Arial','sans-serif'; font-size: 10pt;\"><span style=\"color: #000000;\">Funktionen und Nutzen<\/span><\/span><\/p>\n<p><span lang=\"EN-US\" style=\"margin: 0px; font-family: 'Arial','sans-serif'; font-size: 10pt;\"><span style=\"color: #000000;\">\u00a0\u00a0\u00a0\u00a0\u00a0\u00a0\u00a0 Erweitert 2 Com-Ports f\u00fcr Ihr System<\/span><\/span><\/p>\n<p><span lang=\"EN-US\" style=\"margin: 0px; font-family: 'Arial','sans-serif'; font-size: 10pt;\"><span style=\"color: #000000;\">\u00a0\u00a0\u00a0\u00a0\u00a0\u00a0\u00a0 Baudrate bis zu 460Kbps<\/span><\/span><\/p>\n<p><span lang=\"EN-US\" style=\"margin: 0px; font-family: 'Arial','sans-serif'; font-size: 10pt;\"><span style=\"color: #000000;\">\u00a0\u00a0\u00a0\u00a0\u00a0\u00a0\u00a0 Design gem\u00e4\u00df M.2 (NGFF) M-Schl\u00fcssel (PCIe-Basis)<\/span><\/span><\/p>\n<p><span lang=\"EN-US\" style=\"margin: 0px; font-family: 'Arial','sans-serif'; font-size: 10pt;\"><span style=\"color: #000000;\">\u00a0\u00a0\u00a0\u00a0\u00a0\u00a0\u00a0 Eingebauter 15KV ESD-Schutz<\/span><\/span><\/p>\n<p><span lang=\"EN-US\" style=\"margin: 0px; font-family: 'Arial','sans-serif'; font-size: 10pt;\"><span style=\"color: #000000;\">\u00a0\u00a0\u00a0\u00a0\u00a0\u00a0\u00a0 Unterst\u00fctzt die industrielle Spezifikation<\/span><\/span><\/p>\n<p><span lang=\"EN-US\" style=\"margin: 0px; font-family: 'Arial','sans-serif'; font-size: 10pt;\"><span style=\"color: #000000;\">\u00a0\u00a0\u00a0\u00a0\u00a0\u00a0\u00a0 256 byte FIFOs<\/span><\/span><\/p>\n<p><span lang=\"EN-US\" style=\"margin: 0px; font-family: 'Arial','sans-serif'; font-size: 10pt;\"><span style=\"color: #000000;\">\u00a0\u00a0\u00a0\u00a0\u00a0\u00a0\u00a0 Unterst\u00fctzt den Isolationsschutz von 2,5 kV<\/span><\/span><\/p>\n<p><span lang=\"EN-US\" style=\"margin: 0px; font-family: 'Arial','sans-serif'; font-size: 10pt;\"><span style=\"color: #000000;\">\u00a0\u00a0\u00a0\u00a0\u00a0\u00a0\u00a0 Unterst\u00fctzt Microsoft Windows-, Linux- und QNX-Treiber<\/span><\/span><\/p>\n","protected":false},"featured_media":16929,"comment_status":"open","ping_status":"closed","template":"","meta":[],"product_cat":[2184,2137,2095],"product_tag":[2197,2190,2169,2091],"_links":{"self":[{"href":"https:\/\/shentek.com\/de\/wp-json\/wp\/v2\/product\/16917"}],"collection":[{"href":"https:\/\/shentek.com\/de\/wp-json\/wp\/v2\/product"}],"about":[{"href":"https:\/\/shentek.com\/de\/wp-json\/wp\/v2\/types\/product"}],"replies":[{"embeddable":true,"href":"https:\/\/shentek.com\/de\/wp-json\/wp\/v2\/comments?post=16917"}],"wp:featuredmedia":[{"embeddable":true,"href":"https:\/\/shentek.com\/de\/wp-json\/wp\/v2\/media\/16929"}],"wp:attachment":[{"href":"https:\/\/shentek.com\/de\/wp-json\/wp\/v2\/media?parent=16917"}],"wp:term":[{"taxonomy":"product_cat","embeddable":true,"href":"https:\/\/shentek.com\/de\/wp-json\/wp\/v2\/product_cat?post=16917"},{"taxonomy":"product_tag","embeddable":true,"href":"https:\/\/shentek.com\/de\/wp-json\/wp\/v2\/product_tag?post=16917"}],"curies":[{"name":"wp","href":"https:\/\/api.w.org\/{rel}","templated":true}]}}