{"id":17019,"date":"2018-08-14T15:59:07","date_gmt":"2018-08-14T07:59:07","guid":{"rendered":"http:\/\/www.shentek.com\/product\/serial-rs232-rs422-rs485-2-port-pci-express-pcie-card\/"},"modified":"2019-04-03T11:03:41","modified_gmt":"2019-04-03T03:03:41","slug":"serielle-rs232-rs422-rs485-2-port-pci-express-pcie-card","status":"publish","type":"product","link":"https:\/\/shentek.com\/de\/product\/serielle-rs232-rs422-rs485-2-port-pci-express-pcie-card\/","title":{"rendered":"Serielle RS232 RS422 RS485 PCI Express PCIe-Karte mit 2 Anschl\u00fcssen"},"content":{"rendered":"","protected":false},"excerpt":{"rendered":"<p><span lang=\"EN-US\" style=\"margin: 0px; font-family: 'Arial','sans-serif'; font-size: 10pt;\"><span style=\"color: #000000;\">Funktionen und Nutzen<\/span><\/span><\/p>\n<p><span lang=\"EN-US\" style=\"margin: 0px; font-family: 'Arial','sans-serif'; font-size: 10pt;\"><span style=\"color: #000000;\">\u00a0\u00a0\u00a0\u00a0\u00a0\u00a0\u00a0 Erweitert 2 COM-Ports f\u00fcr Ihr System<\/span><\/span><\/p>\n<p><span lang=\"EN-US\" style=\"margin: 0px; font-family: 'Arial','sans-serif'; font-size: 10pt;\"><span style=\"color: #000000;\">\u00a0\u00a0\u00a0\u00a0\u00a0\u00a0\u00a0 Baudrate bis zu 921.6Kbps<\/span><\/span><\/p>\n<p><span lang=\"EN-US\" style=\"margin: 0px; font-family: 'Arial','sans-serif'; font-size: 10pt;\"><span style=\"color: #000000;\">\u00a0\u00a0\u00a0\u00a0\u00a0\u00a0\u00a0 Entspricht den Anforderungen von PCI ausdr\u00fccken 2.0 Gen 1<\/span><\/span><\/p>\n<p><span lang=\"EN-US\" style=\"margin: 0px; font-family: 'Arial','sans-serif'; font-size: 10pt;\"><span style=\"color: #000000;\">\u00a0\u00a0\u00a0\u00a0\u00a0\u00a0\u00a0 Unterst\u00fctzt PCI ausdr\u00fccken x1, x2, x4, x8, and x16 Fahrbahn<\/span><\/span><\/p>\n<p><span lang=\"EN-US\" style=\"margin: 0px; font-family: 'Arial','sans-serif'; font-size: 10pt;\"><span style=\"color: #000000;\">\u00a0\u00a0\u00a0\u00a0\u00a0\u00a0\u00a0 Max. 10 Ger\u00e4tekonnektivit\u00e4t f\u00fcr den 4-Draht-Modus RS-485 (RS-422 Multi-Drop)<\/span><\/span><\/p>\n<p><span lang=\"EN-US\" style=\"margin: 0px; font-family: 'Arial','sans-serif'; font-size: 10pt;\"><span style=\"color: #000000;\">\u00a0\u00a0\u00a0\u00a0\u00a0\u00a0\u00a0 Max. 32 Ger\u00e4tekonnektivit\u00e4t f\u00fcr den 2-Draht-RS-485-Modus<\/span><\/span><\/p>\n<p><span lang=\"EN-US\" style=\"margin: 0px; font-family: 'Arial','sans-serif'; font-size: 10pt;\"><span style=\"color: #000000;\">\u00a0\u00a0\u00a0\u00a0\u00a0\u00a0\u00a0 Eingebauter 15KV ESD-Schutz<\/span><\/span><\/p>\n<p><span lang=\"EN-US\" style=\"margin: 0px; font-family: 'Arial','sans-serif'; font-size: 10pt;\"><span style=\"color: #000000;\">\u00a0\u00a0\u00a0\u00a0\u00a0\u00a0\u00a0 Unterst\u00fctzt die industrielle Spezifikation<\/span><\/span><\/p>\n<p><span lang=\"EN-US\" style=\"margin: 0px; font-family: 'Arial','sans-serif'; font-size: 10pt;\"><span style=\"color: #000000;\">\u00a0\u00a0\u00a0\u00a0\u00a0\u00a0\u00a0 256 byte FIFOs<\/span><\/span><\/p>\n<p><span lang=\"EN-US\" style=\"margin: 0px; font-family: 'Arial','sans-serif'; font-size: 10pt;\"><span style=\"color: #000000;\">\u00a0\u00a0\u00a0\u00a0\u00a0\u00a0\u00a0 Unterst\u00fctzt Microsoft Windows-, Linux- und QNX-Treiber<\/span><\/span><\/p>\n","protected":false},"featured_media":17032,"comment_status":"open","ping_status":"closed","template":"","meta":[],"product_cat":[2150,2137,2095],"product_tag":[2151,2155,2153,2199,2200,2201,2154],"_links":{"self":[{"href":"https:\/\/shentek.com\/de\/wp-json\/wp\/v2\/product\/17019"}],"collection":[{"href":"https:\/\/shentek.com\/de\/wp-json\/wp\/v2\/product"}],"about":[{"href":"https:\/\/shentek.com\/de\/wp-json\/wp\/v2\/types\/product"}],"replies":[{"embeddable":true,"href":"https:\/\/shentek.com\/de\/wp-json\/wp\/v2\/comments?post=17019"}],"wp:featuredmedia":[{"embeddable":true,"href":"https:\/\/shentek.com\/de\/wp-json\/wp\/v2\/media\/17032"}],"wp:attachment":[{"href":"https:\/\/shentek.com\/de\/wp-json\/wp\/v2\/media?parent=17019"}],"wp:term":[{"taxonomy":"product_cat","embeddable":true,"href":"https:\/\/shentek.com\/de\/wp-json\/wp\/v2\/product_cat?post=17019"},{"taxonomy":"product_tag","embeddable":true,"href":"https:\/\/shentek.com\/de\/wp-json\/wp\/v2\/product_tag?post=17019"}],"curies":[{"name":"wp","href":"https:\/\/api.w.org\/{rel}","templated":true}]}}