{"id":17086,"date":"2018-08-14T14:57:30","date_gmt":"2018-08-14T06:57:30","guid":{"rendered":"http:\/\/www.shentek.com\/product\/usb-a-usb-3-0-internal-pci-express-pcie-card\/"},"modified":"2019-04-03T12:35:25","modified_gmt":"2019-04-03T04:35:25","slug":"usb-a-usb-3-0-internal-pci-express-pcie-card","status":"publish","type":"product","link":"https:\/\/shentek.com\/de\/product\/usb-a-usb-3-0-internal-pci-express-pcie-card\/","title":{"rendered":"USB-A USB 3.0 Interne PCI Express PCIe-Karte"},"content":{"rendered":"","protected":false},"excerpt":{"rendered":"<p><span lang=\"EN-US\" style=\"margin: 0px; font-family: 'Arial','sans-serif';\"><span style=\"color: #000000;\">Funktionen und Nutzen<\/span><\/span><\/p>\n<p><span lang=\"EN-US\" style=\"margin: 0px; font-family: 'Arial','sans-serif';\"><span style=\"color: #000000;\">\u00a0\u00a0\u00a0\u00a0\u00a0\u00a0\u00a0 Erweitert 2 Port External + 2 Port Internal f\u00fcr Ihr System<\/span><\/span><\/p>\n<p><span lang=\"EN-US\" style=\"margin: 0px; font-family: 'Arial','sans-serif';\"><span style=\"color: #000000;\">\u00a0\u00a0\u00a0\u00a0\u00a0\u00a0\u00a0 Hochgeschwindigkeits\u00fcbertragungsrate bis zu 5Gbs<\/span><\/span><\/p>\n<p><span lang=\"EN-US\" style=\"margin: 0px; font-family: 'Arial','sans-serif';\"><span style=\"color: #000000;\">\u00a0\u00a0\u00a0\u00a0\u00a0\u00a0\u00a0 Entspricht den Anforderungen von PCI Express 2.0 Gen 1<\/span><\/span><\/p>\n<p><span lang=\"EN-US\" style=\"margin: 0px; font-family: 'Arial','sans-serif';\"><span style=\"color: #000000;\">\u00a0\u00a0\u00a0\u00a0\u00a0\u00a0\u00a0 Unterst\u00fctzt PCI ausdr\u00fccken x1, x2, x4, x8 und x16 Fahrbahn<\/span><\/span><\/p>\n<p><span lang=\"EN-US\" style=\"margin: 0px; font-family: 'Arial','sans-serif';\"><span style=\"color: #000000;\">\u00a0\u00a0\u00a0\u00a0\u00a0\u00a0\u00a0 Konform mit der Universal Serial Bus 3.0-Spezifikation, Ausf\u00fchrung 1.0<\/span><\/span><\/p>\n<p><span lang=\"EN-US\" style=\"margin: 0px; font-family: 'Arial','sans-serif';\"><span style=\"color: #000000;\">\u00a0\u00a0\u00a0\u00a0\u00a0\u00a0\u00a0 Kompatibel mit xHCI (erweiterbare Host Controller-Schnittstelle) Spezifikationen Revision 0.96<\/span><\/span><\/p>\n<p><span lang=\"EN-US\" style=\"margin: 0px; font-family: 'Arial','sans-serif';\"><span style=\"color: #000000;\">\u00a0\u00a0\u00a0\u00a0\u00a0\u00a0\u00a0 Unterst\u00fctzt den gleichzeitigen Betrieb mehrerer USB 3.0-, USB 2.0- und USB 1.1-Ger\u00e4te<\/span><\/span><\/p>\n<p><span lang=\"EN-US\" style=\"margin: 0px; font-family: 'Arial','sans-serif';\"><span style=\"color: #000000;\">\u00a0\u00a0\u00a0\u00a0\u00a0\u00a0\u00a0 Unterst\u00fctzt USB-Daten\u00fcbertragungsrate von 1.5\/12\/480\/5000 Mbps<\/span><\/span><\/p>\n<p><span lang=\"EN-US\" style=\"margin: 0px; font-family: 'Arial','sans-serif';\"><span style=\"color: #000000;\">\u00a0\u00a0\u00a0\u00a0\u00a0\u00a0\u00a0 Erweitert den externen USB 3.0-Super-Speed-Port mit 2 Anschl\u00fcssen und 2 Anschl\u00fcssen f\u00fcr Ihr Desktopsystem<\/span><\/span><\/p>\n<p><span lang=\"EN-US\" style=\"margin: 0px; font-family: 'Arial','sans-serif';\"><span style=\"color: #000000;\">\u00a0\u00a0\u00a0\u00a0\u00a0\u00a0\u00a0 Jeder USB-Anschluss kann bei einem USB-Ger\u00e4t bis zu 5V 900 mA ausgeben<\/span><\/span><\/p>\n<p><span lang=\"EN-US\" style=\"margin: 0px; font-family: 'Arial','sans-serif';\"><span style=\"color: #000000;\">\u00a0\u00a0\u00a0\u00a0\u00a0\u00a0\u00a0 Mit der Hei\u00dfer Tausch-Funktion k\u00f6nnen Sie Ger\u00e4te anschlie\u00dfen \/ trennen<\/span><\/span><\/p>\n<p><span lang=\"EN-US\" style=\"margin: 0px; font-family: 'Arial','sans-serif';\"><span style=\"color: #000000;\">\u00a0\u00a0\u00a0\u00a0\u00a0\u00a0\u00a0 Microsoft WHQL genehmigen<\/span><\/span><\/p>\n<p><span lang=\"EN-US\" style=\"margin: 0px; font-family: 'Arial','sans-serif';\"><span style=\"color: #000000;\">\u00a0\u00a0\u00a0\u00a0\u00a0\u00a0\u00a0 Unterst\u00fctzt Treiber f\u00fcr Microsoft Windows<\/span><\/span><\/p>\n","protected":false},"featured_media":17087,"comment_status":"open","ping_status":"closed","template":"","meta":[],"product_cat":[2095,2145,2159],"product_tag":[2210,2151,2155,2163,2146],"_links":{"self":[{"href":"https:\/\/shentek.com\/de\/wp-json\/wp\/v2\/product\/17086"}],"collection":[{"href":"https:\/\/shentek.com\/de\/wp-json\/wp\/v2\/product"}],"about":[{"href":"https:\/\/shentek.com\/de\/wp-json\/wp\/v2\/types\/product"}],"replies":[{"embeddable":true,"href":"https:\/\/shentek.com\/de\/wp-json\/wp\/v2\/comments?post=17086"}],"wp:featuredmedia":[{"embeddable":true,"href":"https:\/\/shentek.com\/de\/wp-json\/wp\/v2\/media\/17087"}],"wp:attachment":[{"href":"https:\/\/shentek.com\/de\/wp-json\/wp\/v2\/media?parent=17086"}],"wp:term":[{"taxonomy":"product_cat","embeddable":true,"href":"https:\/\/shentek.com\/de\/wp-json\/wp\/v2\/product_cat?post=17086"},{"taxonomy":"product_tag","embeddable":true,"href":"https:\/\/shentek.com\/de\/wp-json\/wp\/v2\/product_tag?post=17086"}],"curies":[{"name":"wp","href":"https:\/\/api.w.org\/{rel}","templated":true}]}}