{"id":17136,"date":"2018-08-14T10:10:28","date_gmt":"2018-08-14T02:10:28","guid":{"rendered":"http:\/\/www.shentek.com\/product\/pcie-esd-2-port-rs232-serial-card-1-port-parallel-card\/"},"modified":"2019-04-03T18:22:59","modified_gmt":"2019-04-03T10:22:59","slug":"pcie-esd-2-port-rs232-serielle-karte-1-port-parallelkarte","status":"publish","type":"product","link":"https:\/\/shentek.com\/de\/product\/pcie-esd-2-port-rs232-serielle-karte-1-port-parallelkarte\/","title":{"rendered":"PCIe ESD 2-Port RS232 Serielle Karte 1 Parallele Karte"},"content":{"rendered":"","protected":false},"excerpt":{"rendered":"<p><strong>Funktionen und Nutzen<\/strong><br \/>\nErweitert 2 Port RS232 f\u00fcr das System<\/p>\n<p>Erweitert 1 Port Parallel f\u00fcr System<\/p>\n<p>Kommunizieren Sie effizient mit angeschlossenen Ger\u00e4ten und unterst\u00fctzen Sie die Unterst\u00fctzung von Schnelle Geschwindigkeit \u200b\u200b921 Kbit \/ s<\/p>\n<p>PCIe-Basisspezifikation 3.0 \/ 3.1 kompatibel abw\u00e4rtskonform 1.0a \/ 1.1 \/ 2.0 \/ 2.1<\/p>\n<p>Sch\u00fctzen Sie Ihr System mit dem integrierten ESD-Schutz vor Sch\u00e4den<\/p>\n<p>Unterst\u00fctzung f\u00fcr industrielle serielle Kartenspezifikationen<\/p>\n<p>Parallel &#8211; Kompatibilit\u00e4tsmodus, Nibble-Modus, Byte-Modus, EPP-Modus und ECP-Modus<\/p>\n<p>16 Byte: EPP \/ ECP-Modus<\/p>\n<p>Powered I \/ O Pin1 5V \/ 12V \/ DCD oder Pin9 5V \/ 12V \/ RI einstellbar<\/p>\n<p>256 Byte FiFo pro Sender und Empf\u00e4nger<\/p>\n<p>Erweiterter Betriebstemperaturbereich von -30 \u00b0 C bis 75 \u00b0 C<\/p>\n<p>Verbinden Sie serielle Ger\u00e4te mit der flexiblen Ausgangsleistung von Pin 1 oder Pin 9 \u00fcber die Jumper-Einstellung<\/p>\n<p>Unterst\u00fctzt Microsoft Windows, Linux und Treiber<\/p>\n<p>Standardprofilhalterung oder zwei Halterungen mit niedriger H\u00f6he (halber H\u00f6he)<\/p>\n","protected":false},"featured_media":17145,"comment_status":"open","ping_status":"closed","template":"","meta":[],"product_cat":[2150,2137,2095],"product_tag":[2212,2151,2139,2187,2091],"_links":{"self":[{"href":"https:\/\/shentek.com\/de\/wp-json\/wp\/v2\/product\/17136"}],"collection":[{"href":"https:\/\/shentek.com\/de\/wp-json\/wp\/v2\/product"}],"about":[{"href":"https:\/\/shentek.com\/de\/wp-json\/wp\/v2\/types\/product"}],"replies":[{"embeddable":true,"href":"https:\/\/shentek.com\/de\/wp-json\/wp\/v2\/comments?post=17136"}],"wp:featuredmedia":[{"embeddable":true,"href":"https:\/\/shentek.com\/de\/wp-json\/wp\/v2\/media\/17145"}],"wp:attachment":[{"href":"https:\/\/shentek.com\/de\/wp-json\/wp\/v2\/media?parent=17136"}],"wp:term":[{"taxonomy":"product_cat","embeddable":true,"href":"https:\/\/shentek.com\/de\/wp-json\/wp\/v2\/product_cat?post=17136"},{"taxonomy":"product_tag","embeddable":true,"href":"https:\/\/shentek.com\/de\/wp-json\/wp\/v2\/product_tag?post=17136"}],"curies":[{"name":"wp","href":"https:\/\/api.w.org\/{rel}","templated":true}]}}