{"id":17173,"date":"2018-08-14T09:04:55","date_gmt":"2018-08-14T01:04:55","guid":{"rendered":"http:\/\/www.shentek.com\/product\/ti-usb-3-0-pcie-4-port-usb-a-card-tusb7340\/"},"modified":"2019-04-03T23:48:34","modified_gmt":"2019-04-03T15:48:34","slug":"ti-usb-3-0-pcie-4-port-usb-karte-tusb7340","status":"publish","type":"product","link":"https:\/\/shentek.com\/de\/product\/ti-usb-3-0-pcie-4-port-usb-karte-tusb7340\/","title":{"rendered":"TI USB 3.0 PCIe 4-Port USB-A-Karte TUSB7340"},"content":{"rendered":"","protected":false},"excerpt":{"rendered":"<p><strong>Funktionen und Nutzen<\/strong><\/p>\n<p>Erweitert 4 Ports f\u00fcr Ihr System<\/p>\n<p>Hochgeschwindigkeits\u00fcbertragungsrate bis zu 5 Gbit \/ s<\/p>\n<p>Entspricht den Anforderungen von PCI Express 2.0 Gen 1<\/p>\n<p>Unterst\u00fctzt PCI Express x1, x2, x4, x8 und x16 Lane<\/p>\n<p>Kompatibel mit Universal Serial Bus 3.1 Gen1-Spezifikation Revision 1.0<\/p>\n<p>Kompatibel mit xHCI (eXtensible Host Controller Interface) Spezifikationen Revision 0.96<\/p>\n<p>Unterst\u00fctzt den gleichzeitigen Betrieb mehrerer USB 3.0-, USB 2.0- und USB 1.1-Ger\u00e4te<\/p>\n<p>Unterst\u00fctzt USB-Daten\u00fcbertragungsraten von 1,5 \/ 12\/480\/5000 Mbps<\/p>\n<p>Erweitert 4 externe USB 3.0 Super-Speed-Anschl\u00fcsse f\u00fcr Ihr Desktopsystem<\/p>\n<p>Jeder USB-Anschluss kann bei einem USB-Ger\u00e4t bis zu 5V 900 mA ausgeben<\/p>\n<p>Mit der Hot-Swap-Funktion k\u00f6nnen Sie Ger\u00e4te anschlie\u00dfen \/ trennen<\/p>\n<p>Microsoft WHQL genehmigt<\/p>\n<p>Unterst\u00fctzt Treiber f\u00fcr Microsoft Windows<\/p>\n","protected":false},"featured_media":17182,"comment_status":"open","ping_status":"closed","template":"","meta":[],"product_cat":[2095,2145,2159],"product_tag":[2151,2155,2187,2218,2146,2166],"_links":{"self":[{"href":"https:\/\/shentek.com\/de\/wp-json\/wp\/v2\/product\/17173"}],"collection":[{"href":"https:\/\/shentek.com\/de\/wp-json\/wp\/v2\/product"}],"about":[{"href":"https:\/\/shentek.com\/de\/wp-json\/wp\/v2\/types\/product"}],"replies":[{"embeddable":true,"href":"https:\/\/shentek.com\/de\/wp-json\/wp\/v2\/comments?post=17173"}],"wp:featuredmedia":[{"embeddable":true,"href":"https:\/\/shentek.com\/de\/wp-json\/wp\/v2\/media\/17182"}],"wp:attachment":[{"href":"https:\/\/shentek.com\/de\/wp-json\/wp\/v2\/media?parent=17173"}],"wp:term":[{"taxonomy":"product_cat","embeddable":true,"href":"https:\/\/shentek.com\/de\/wp-json\/wp\/v2\/product_cat?post=17173"},{"taxonomy":"product_tag","embeddable":true,"href":"https:\/\/shentek.com\/de\/wp-json\/wp\/v2\/product_tag?post=17173"}],"curies":[{"name":"wp","href":"https:\/\/api.w.org\/{rel}","templated":true}]}}