{"id":17189,"date":"2018-08-08T17:14:33","date_gmt":"2018-08-08T09:14:33","guid":{"rendered":"http:\/\/www.shentek.com\/product\/serial-rs485-rs422-4-port-pci-express-pcie-card-isolation\/"},"modified":"2019-04-04T09:56:41","modified_gmt":"2019-04-04T01:56:41","slug":"seriell-rs485-rs422-4-port-pci-express-pcie-card-isolation","status":"publish","type":"product","link":"https:\/\/shentek.com\/de\/product\/seriell-rs485-rs422-4-port-pci-express-pcie-card-isolation\/","title":{"rendered":"Serielle RS485-RS422-PCIe-PCIe-Karte mit 4 Anschl\u00fcssen"},"content":{"rendered":"","protected":false},"excerpt":{"rendered":"<p>Funktionen und Nutzen<\/p>\n<p>Erweitert 4 Com-Ports f\u00fcr Ihr System<\/p>\n<p>Hochgeschwindigkeits-Baudrate bis zu 921,6 Kbit \/ s<\/p>\n<p>Entspricht den Anforderungen von PCI Express 2.0 Gen 1<\/p>\n<p>Unterst\u00fctzt PCI Express x1, x2, x4, x8 und x16 Lane<\/p>\n<p>Max. 10 Ger\u00e4tekonnektivit\u00e4t f\u00fcr den 4-Draht-Modus RS-485 (RS-422 Multi-Drop)<\/p>\n<p>Max. 32 Ger\u00e4tekonnektivit\u00e4t f\u00fcr den 2-Draht-RS-485-Modus<\/p>\n<p>Eingebauter 15KV ESD-Schutz<\/p>\n<p>1,5 kV optische Isolation<\/p>\n<p>600W \u00dcberspannungsschutz<\/p>\n<p>Unterst\u00fctzt die industrielle Spezifikation<\/p>\n<p>256 Byte FIFOs<\/p>\n<p>Unterst\u00fctzt Microsoft Windows-, Linux- und QNX-Treiber<\/p>\n","protected":false},"featured_media":17197,"comment_status":"open","ping_status":"closed","template":"","meta":[],"product_cat":[2150,2137,2095],"product_tag":[2115,2158,2151,2155,2092,2093],"_links":{"self":[{"href":"https:\/\/shentek.com\/de\/wp-json\/wp\/v2\/product\/17189"}],"collection":[{"href":"https:\/\/shentek.com\/de\/wp-json\/wp\/v2\/product"}],"about":[{"href":"https:\/\/shentek.com\/de\/wp-json\/wp\/v2\/types\/product"}],"replies":[{"embeddable":true,"href":"https:\/\/shentek.com\/de\/wp-json\/wp\/v2\/comments?post=17189"}],"wp:featuredmedia":[{"embeddable":true,"href":"https:\/\/shentek.com\/de\/wp-json\/wp\/v2\/media\/17197"}],"wp:attachment":[{"href":"https:\/\/shentek.com\/de\/wp-json\/wp\/v2\/media?parent=17189"}],"wp:term":[{"taxonomy":"product_cat","embeddable":true,"href":"https:\/\/shentek.com\/de\/wp-json\/wp\/v2\/product_cat?post=17189"},{"taxonomy":"product_tag","embeddable":true,"href":"https:\/\/shentek.com\/de\/wp-json\/wp\/v2\/product_tag?post=17189"}],"curies":[{"name":"wp","href":"https:\/\/api.w.org\/{rel}","templated":true}]}}