{"id":17219,"date":"2018-08-08T15:16:15","date_gmt":"2018-08-08T07:16:15","guid":{"rendered":"http:\/\/www.shentek.com\/product\/serial-rs485-rs422-2-port-pci-express-pcie-card\/"},"modified":"2019-04-04T10:38:54","modified_gmt":"2019-04-04T02:38:54","slug":"serielle-rs485-rs422-2-port-pci-express-pcie-karte","status":"publish","type":"product","link":"https:\/\/shentek.com\/de\/product\/serielle-rs485-rs422-2-port-pci-express-pcie-karte\/","title":{"rendered":"Serielle RS485-RS422-PCI-Express-PCIe-Karte mit 2 Anschl\u00fcssen"},"content":{"rendered":"","protected":false},"excerpt":{"rendered":"<p><strong>Funktionen und Nutzen<\/strong><\/p>\n<p>Erweitert die serielle RS485-Karte mit zwei Anschl\u00fcssen f\u00fcr Ihr System<\/p>\n<p>Kommunizieren Sie effizient mit angeschlossenen Ger\u00e4ten und unterst\u00fctzen Sie die Unterst\u00fctzung von High Speed \u200b\u200b921 Kbit \/ s<\/p>\n<p>PCIe-Basisspezifikation 3.0 \/ 3.1 kompatibel abw\u00e4rtskonform 1.0a \/ 1.1 \/ 2.0 \/ 2.1<\/p>\n<p>Unterst\u00fctzt PCI ausdr\u00fccken x1, x2, x4, x8 und x16 Lane<\/p>\n<p>Max. 10 Ger\u00e4tekonnektivit\u00e4t f\u00fcr den 4-Draht-Modus RS-485 (RS-422 Multi-Drop)<\/p>\n<p>Max. 32 Ger\u00e4tekonnektivit\u00e4t f\u00fcr den 2-Draht-RS-485-Modus<\/p>\n<p>Erweiterter Betriebstemperaturbereich von -30 \u00b0 C bis 75 \u00b0 C<\/p>\n<p>Sch\u00fctzen Sie Ihr System mit dem integrierten ESD-Schutz vor Sch\u00e4den<\/p>\n<p>600W \u00dcberspannungsschutz<\/p>\n<p>Unterst\u00fctzung f\u00fcr industrielle serielle Kartenspezifikationen<\/p>\n<p>256 Byte FiFo pro Sender und Empf\u00e4nger<\/p>\n<p>Unterst\u00fctzt Microsoft Windows-, Linux- und QNX-Treiber<\/p>\n<p>Standardprofilhalterung oder zwei Halterungen mit niedriger H\u00f6he (halber H\u00f6he)<\/p>\n","protected":false},"featured_media":17229,"comment_status":"open","ping_status":"closed","template":"","meta":[],"product_cat":[2150,2220,2137,2095],"product_tag":[2212,2090,2151,2155,2187,2092,2093,2214,2221],"_links":{"self":[{"href":"https:\/\/shentek.com\/de\/wp-json\/wp\/v2\/product\/17219"}],"collection":[{"href":"https:\/\/shentek.com\/de\/wp-json\/wp\/v2\/product"}],"about":[{"href":"https:\/\/shentek.com\/de\/wp-json\/wp\/v2\/types\/product"}],"replies":[{"embeddable":true,"href":"https:\/\/shentek.com\/de\/wp-json\/wp\/v2\/comments?post=17219"}],"wp:featuredmedia":[{"embeddable":true,"href":"https:\/\/shentek.com\/de\/wp-json\/wp\/v2\/media\/17229"}],"wp:attachment":[{"href":"https:\/\/shentek.com\/de\/wp-json\/wp\/v2\/media?parent=17219"}],"wp:term":[{"taxonomy":"product_cat","embeddable":true,"href":"https:\/\/shentek.com\/de\/wp-json\/wp\/v2\/product_cat?post=17219"},{"taxonomy":"product_tag","embeddable":true,"href":"https:\/\/shentek.com\/de\/wp-json\/wp\/v2\/product_tag?post=17219"}],"curies":[{"name":"wp","href":"https:\/\/api.w.org\/{rel}","templated":true}]}}