{"id":17228,"date":"2018-08-08T14:22:50","date_gmt":"2018-08-08T06:22:50","guid":{"rendered":"http:\/\/www.shentek.com\/product\/pcie-esd-4-port-rs232-serial-pci-express-card\/"},"modified":"2019-04-04T11:09:33","modified_gmt":"2019-04-04T03:09:33","slug":"pcie-esd-4-port-rs232-serielle-pci-express-karte","status":"publish","type":"product","link":"https:\/\/shentek.com\/de\/product\/pcie-esd-4-port-rs232-serielle-pci-express-karte\/","title":{"rendered":"PCIe ESD 4-Port RS232 Serielle PCI Express-Karte"},"content":{"rendered":"","protected":false},"excerpt":{"rendered":"<p><strong>Funktionen und Nutzen<\/strong><\/p>\n<p>Erweitert 4 Port RS232 f\u00fcr Ihr System<\/p>\n<p>Kommunizieren Sie effizient mit angeschlossenen Ger\u00e4ten und unterst\u00fctzen Sie die Unterst\u00fctzung von Schnelle Geschwindigkeit \u200b\u200b921 Kbit \/ s<\/p>\n<p>PCIe-Basisspezifikation 3.0 \/ 3.1 kompatibel abw\u00e4rtskonform 1.0a \/ 1.1 \/ 2.0 \/ 2.1<\/p>\n<p>Sch\u00fctzen Sie Ihr System mit dem integrierten ESD-Schutz vor Sch\u00e4den<\/p>\n<p>Unterst\u00fctzung f\u00fcr industrielle serielle Kartenspezifikationen<\/p>\n<p>Powered I \/ O Pin1 5V \/ 12V \/ DCD oder Pin9 5V \/ 12V \/ RI einstellbar<\/p>\n<p>256 Byte FiFo pro Sender und Empf\u00e4nger<\/p>\n<p>Erweiterter Betriebstemperaturbereich von -30 \u00b0 C bis 75 \u00b0 C<\/p>\n<p>Verbinden Sie serielle Ger\u00e4te mit der flexiblen Ausgangsleistung von Pin 1 oder Pin 9 \u00fcber die Jumper-Einstellung<\/p>\n<p>Unterst\u00fctzt Microsoft Windows-, Linux- und QNX-Treiber<\/p>\n<p>Standardprofilhalterung oder zwei Halterungen mit niedriger H\u00f6he (halber H\u00f6he)<\/p>\n","protected":false},"featured_media":17250,"comment_status":"open","ping_status":"closed","template":"","meta":[],"product_cat":[2150,2137,2095],"product_tag":[2219,2212,2223,2090,2151,2187,2224,2213,2156,2091,2214,2216],"_links":{"self":[{"href":"https:\/\/shentek.com\/de\/wp-json\/wp\/v2\/product\/17228"}],"collection":[{"href":"https:\/\/shentek.com\/de\/wp-json\/wp\/v2\/product"}],"about":[{"href":"https:\/\/shentek.com\/de\/wp-json\/wp\/v2\/types\/product"}],"replies":[{"embeddable":true,"href":"https:\/\/shentek.com\/de\/wp-json\/wp\/v2\/comments?post=17228"}],"wp:featuredmedia":[{"embeddable":true,"href":"https:\/\/shentek.com\/de\/wp-json\/wp\/v2\/media\/17250"}],"wp:attachment":[{"href":"https:\/\/shentek.com\/de\/wp-json\/wp\/v2\/media?parent=17228"}],"wp:term":[{"taxonomy":"product_cat","embeddable":true,"href":"https:\/\/shentek.com\/de\/wp-json\/wp\/v2\/product_cat?post=17228"},{"taxonomy":"product_tag","embeddable":true,"href":"https:\/\/shentek.com\/de\/wp-json\/wp\/v2\/product_tag?post=17228"}],"curies":[{"name":"wp","href":"https:\/\/api.w.org\/{rel}","templated":true}]}}