{"id":17243,"date":"2018-06-20T17:34:31","date_gmt":"2018-06-20T09:34:31","guid":{"rendered":"http:\/\/www.shentek.com\/product\/pcie-esd-2-port-rs232-serial-pci-express-card\/"},"modified":"2019-04-04T11:35:12","modified_gmt":"2019-04-04T03:35:12","slug":"pcie-esd-2-port-rs232-serielle-pci-express-karte","status":"publish","type":"product","link":"https:\/\/shentek.com\/de\/product\/pcie-esd-2-port-rs232-serielle-pci-express-karte\/","title":{"rendered":"PCIe ESD 2 port RS232 Serial PCI Express Card"},"content":{"rendered":"","protected":false},"excerpt":{"rendered":"<p><strong>Funktionen und Nutzen<\/strong><\/p>\n<p>Erweitert <a href=\"http:\/\/shentek.com\/product\/2-port-high-speed-serial-rs-232-1-port-parallel-expresscard\/\" target=\"_blank\" rel=\"noopener noreferrer\">2 Hafen RS232<\/a> f\u00fcr Ihr System<\/p>\n<p>Kommunizieren Sie effizient mit angeschlossenen Ger\u00e4ten und unterst\u00fctzen Sie die Unterst\u00fctzung von High Speed \u200b\u200b921 Kbit \/ s<\/p>\n<p>PCIe-Basisspezifikation 3.0 \/ 3.1 kompatibel abw\u00e4rtskonform 1.0a \/ 1.1 \/ 2.0 \/ 2.1<\/p>\n<p>Sch\u00fctzen Sie Ihr System mit dem integrierten ESD-Schutz vor Sch\u00e4den<\/p>\n<p>Unterst\u00fctzt die Spezifikation f\u00fcr industrielle serielle Karten<\/p>\n<p>Angetrieben I \/ O Pin1 5V \/ 12V \/ DCD oder Pin9 5V \/ 12V \/ RI einstellbar<\/p>\n<p>256 Byte FiFo pro Sender und Empf\u00e4nger<\/p>\n<p>Erweiterter Betriebstemperaturbereich von -30 \u00b0 C bis 75 \u00b0 C<\/p>\n<p>Verbinden Sie serielle Ger\u00e4te mit der flexiblen Ausgangsleistung von Pin 1 oder Pin 9 \u00fcber die Jumper-Einstellung<\/p>\n<p>Unterst\u00fctzt Microsoft Windows-, Linux- und QNX-Treiber<\/p>\n<p>Standardprofilhalterung oder zwei Halterungen mit niedriger H\u00f6he (halber H\u00f6he)<\/p>\n","protected":false},"featured_media":17262,"comment_status":"open","ping_status":"closed","template":"","meta":[],"product_cat":[2150,2137,2095],"product_tag":[2217,2212,2090,2187,2224,2213,2157,2091,2214,2216],"_links":{"self":[{"href":"https:\/\/shentek.com\/de\/wp-json\/wp\/v2\/product\/17243"}],"collection":[{"href":"https:\/\/shentek.com\/de\/wp-json\/wp\/v2\/product"}],"about":[{"href":"https:\/\/shentek.com\/de\/wp-json\/wp\/v2\/types\/product"}],"replies":[{"embeddable":true,"href":"https:\/\/shentek.com\/de\/wp-json\/wp\/v2\/comments?post=17243"}],"wp:featuredmedia":[{"embeddable":true,"href":"https:\/\/shentek.com\/de\/wp-json\/wp\/v2\/media\/17262"}],"wp:attachment":[{"href":"https:\/\/shentek.com\/de\/wp-json\/wp\/v2\/media?parent=17243"}],"wp:term":[{"taxonomy":"product_cat","embeddable":true,"href":"https:\/\/shentek.com\/de\/wp-json\/wp\/v2\/product_cat?post=17243"},{"taxonomy":"product_tag","embeddable":true,"href":"https:\/\/shentek.com\/de\/wp-json\/wp\/v2\/product_tag?post=17243"}],"curies":[{"name":"wp","href":"https:\/\/api.w.org\/{rel}","templated":true}]}}