{"id":16077,"date":"2017-09-27T17:47:08","date_gmt":"2017-09-27T17:47:08","guid":{"rendered":"http:\/\/www.shentek.com\/aboutus-shentek\/"},"modified":"2019-03-06T15:36:35","modified_gmt":"2019-03-06T07:36:35","slug":"sobre-nosotros-shentek","status":"publish","type":"page","link":"https:\/\/shentek.com\/es\/sobre-nosotros-shentek\/","title":{"rendered":"Sobre nosotros"},"content":{"rendered":"<p>[vc_row css_animation=&#8221;slideInDown&#8221; css=&#8221;.vc_custom_1529420940000{padding-top: 50px !important;padding-bottom: 50px !important;}&#8221;][vc_column width=&#8221;1\/2&#8243;][vc_single_image image=&#8221;651&#8243; img_size=&#8221;full&#8221;][\/vc_column][vc_column css_animation=&#8221;slideInDown&#8221; width=&#8221;1\/2&#8243; nasa_effect=&#8221;fadeIn&#8221; css=&#8221;.vc_custom_1529421071948{padding-top: 50px !important;padding-bottom: 50px !important;}&#8221;][vc_column_text css=&#8221;.vc_custom_1551857538942{padding-top: 30px !important;padding-bottom: 50px !important;}&#8221;]<\/p>\n<h3 style=\"text-align: left;\">Shentek Technology CO., LTD es una empresa fabricante y de dise\u00f1o ubicada en Taipei, Taiw\u00e1n.<br \/>\nHacemos dise\u00f1o ODM y marca &#8220;Shentek&#8221; para nuestros socios.<\/h3>\n<p>[\/vc_column_text][\/vc_column][\/vc_row][vc_row css=&#8221;.vc_custom_1529556957597{margin-bottom: 50px !important;}&#8221;][vc_column css=&#8221;.vc_custom_1529557000065{padding-right: 120px !important;padding-left: 120px !important;}&#8221;][vc_empty_space][vc_single_image image=&#8221;574&#8243; img_size=&#8221;large&#8221; alignment=&#8221;center&#8221; css_animation=&#8221;none&#8221;][vc_column_text]<\/p>\n<h4 class=\"av-special-heading-tag\" style=\"text-align: center; color: #8ec31f;\">CONECTAR PERFECTAMENTE EN PERIF\u00c9RICOS<\/h4>\n<p>[\/vc_column_text][vc_empty_space height=&#8221;80px&#8221;][vc_btn title=&#8221;Nuestro producto&#8221; color=&#8221;green&#8221; size=&#8221;lg&#8221; align=&#8221;center&#8221; link=&#8221;url:%2Fshop%2F|||&#8221;][vc_empty_space][\/vc_column][\/vc_row][vc_row][vc_column][vc_empty_space height=&#8221;120px&#8221;][\/vc_column][\/vc_row][vc_row css=&#8221;.vc_custom_1529423030310{margin-bottom: 50px !important;background-color: #ffffff !important;}&#8221;][vc_column css_animation=&#8221;fadeInDown&#8221; width=&#8221;1\/3&#8243; nasa_effect=&#8221;fadeInDown&#8221;][vc_row_inner][vc_column_inner css=&#8221;.vc_custom_1529556623802{margin-top: 0px !important;margin-right: 80px !important;margin-bottom: 20px !important;margin-left: 80px !important;padding-top: 40px !important;padding-right: 20px !important;padding-bottom: 20px !important;padding-left: 20px !important;background-color: #d2ea79 !important;border-radius: 15px !important;}&#8221;][vc_column_text css_animation=&#8221;fadeIn&#8221; css=&#8221;.vc_custom_1529555342664{padding-bottom: 10px !important;}&#8221;]<\/p>\n<h3 style=\"color: white; text-align: center;\"><strong>VISION<\/strong><\/h3>\n<p>[\/vc_column_text][vc_icon icon_fontawesome=&#8221;fa fa-rocket&#8221; color=&#8221;white&#8221; size=&#8221;xl&#8221; align=&#8221;center&#8221; css_animation=&#8221;fadeIn&#8221; css=&#8221;.vc_custom_1529555354995{padding-top: 10px !important;padding-right: 10px !important;padding-bottom: 10px !important;padding-left: 10px !important;}&#8221;][\/vc_column_inner][\/vc_row_inner][\/vc_column][vc_column css_animation=&#8221;fadeInDown&#8221; width=&#8221;2\/3&#8243; nasa_effect=&#8221;fadeInDown&#8221;][vc_column_text css_animation=&#8221;fadeIn&#8221;]<\/p>\n<h5><strong><span class=\"s1\"><span class=\"s2\">\u2022\u00a0<\/span>Para convertirse en el l\u00edder perif\u00e9rico de TI de clase mundial.<\/span><\/strong><\/h5>\n<h5><span class=\"s2\">Para ser el l\u00edder de los perif\u00e9ricos de TI, SHENTEK se ocupa de proporcionar productos de alta calidad y servicios r\u00e1pidos a nuestros clientes. Para lograr esto, proporcionamos una soluci\u00f3n completa y confirmamos las declaraciones a continuaci\u00f3n a nuestros clientes, empleados y socios.<\/span><\/h5>\n<h5><strong><span class=\"s2\">\u2022 A los consumidores<\/span><\/strong><\/h5>\n<h5><span class=\"s2\">Para lograr la alta satisfacci\u00f3n del cliente y la alta lealtad como objetivo final, SHENTEK brinda un servicio al cliente y soporte t\u00e9cnico r\u00e1pidos en las especificaciones o el uso durante el per\u00edodo de preventa, venta o incluso la postventa a partir de 2009. La profesi\u00f3n de SHENTEK s\u00ed Cree el producto de alta compatibilidad y las respuestas r\u00e1pidas, que son la mejor garant\u00eda para los clientes.<\/span><\/h5>\n<h5><strong><span class=\"s2\">\u2022 A los empleados<\/span><\/strong><\/h5>\n<h5><span class=\"s2\"><span class=\"Apple-converted-space\">\u00a0\u00a0<\/span>SHENTEK ofrecer\u00e1 cursos de capacitaci\u00f3n bien dise\u00f1ados para garantizar que todos los empleados sean cada vez m\u00e1s profesionales en el dominio de perif\u00e9ricos de TI y el mejor servicio al cliente para realizar plenamente sus potenciales. Adem\u00e1s, SHENTEK tambi\u00e9n se asegurar\u00e1 de que los empleados puedan crecer con la empresa y compartir el bienestar tambi\u00e9n.<\/span><\/h5>\n<h5><strong><span class=\"s2\">\u2022 A los socios<\/span><\/strong><\/h5>\n<h5><span class=\"s2\">Sobre la base de la creencia del crecimiento y la co-prosperidad, SHENTEK ha estado buscando el establecimiento de un socio a largo plazo con el que pueda trabajar juntos, crecer juntos y convertirse en el l\u00edder de clase mundial en el mercado perif\u00e9rico de TI.<\/span><\/h5>\n<p>[\/vc_column_text][vc_empty_space height=&#8221;40px&#8221;][\/vc_column][\/vc_row][vc_row css=&#8221;.vc_custom_1529423030310{margin-bottom: 50px !important;background-color: #ffffff !important;}&#8221;][vc_column css_animation=&#8221;fadeInDown&#8221; width=&#8221;1\/3&#8243; nasa_effect=&#8221;fadeInDown&#8221;][vc_row_inner][vc_column_inner css=&#8221;.vc_custom_1529556659477{margin-top: 0px !important;margin-right: 80px !important;margin-bottom: 20px !important;margin-left: 80px !important;padding-top: 40px !important;padding-right: 20px !important;padding-bottom: 20px !important;padding-left: 20px !important;background-color: #f4df7f !important;border-radius: 15px !important;}&#8221;][vc_column_text css_animation=&#8221;fadeIn&#8221; css=&#8221;.vc_custom_1529556579416{padding-bottom: 10px !important;}&#8221;]<\/p>\n<h3 style=\"color: white; text-align: center;\"><strong><span style=\"color: #ffffff;\">COMPETENCE<\/span><\/strong><\/h3>\n<p>[\/vc_column_text][vc_icon icon_fontawesome=&#8221;fa fa-globe&#8221; color=&#8221;white&#8221; size=&#8221;xl&#8221; align=&#8221;center&#8221; css_animation=&#8221;fadeIn&#8221; css=&#8221;.vc_custom_1529556491471{padding-top: 10px !important;padding-right: 10px !important;padding-bottom: 10px !important;padding-left: 10px !important;}&#8221;][\/vc_column_inner][\/vc_row_inner][\/vc_column][vc_column css_animation=&#8221;fadeInDown&#8221; width=&#8221;2\/3&#8243; nasa_effect=&#8221;fadeInDown&#8221;][vc_column_text css_animation=&#8221;fadeIn&#8221;]<\/p>\n<h5><strong><span class=\"s1\"> \u00a0 1. Piensa globalmente actua localmente<\/span><\/strong><\/h5>\n<h5><span class=\"s1\">Los clientes de SHENTEK est\u00e1n distribuidos en todo el mundo y SHENTEK debe proporcionar una soluci\u00f3n global. Sin embargo, la soluci\u00f3n tambi\u00e9n debe ser rentable. Por lo tanto, SHENTEK decide dise\u00f1arlo y producirlo en Taiw\u00e1n con alta calidad para cumplir con los requisitos. El equipo de dise\u00f1o profesional de SHENTEK tiene una amplia experiencia en perif\u00e9ricos de TI, especialmente en el campo de conexi\u00f3n, como la interfaz de USB, Serial ATA, RS232 \/ 422\/485 y LAN. Toda la investigaci\u00f3n se centra en la conexi\u00f3n perfecta y la compatibilidad perfecta.<\/span><\/h5>\n<h5><strong>2 . Producci\u00f3n Lean<\/strong><\/h5>\n<h5>En primer lugar, SHENTEK identifica el valor de la conectividad que se proporciona, es la compatibilidad, sin importar qu\u00e9 tan antiguo o m\u00e1s reciente sea el dispositivo. En segundo lugar, el flujo de producci\u00f3n es s\u00f3lido a partir de la selecci\u00f3n del material o componentes, la fabricaci\u00f3n o incluso la prueba final, todo debe seguir un SOP bien definido y los pasos de prueba estrictos hasta que todos pasen las pruebas de confiabilidad. SHENTEK hace completamente realidad el principio de innovaci\u00f3n, calidad y servicio; Elevar la satisfacci\u00f3n y lealtad de los clientes. \u00a1SHENTEK tambi\u00e9n se compromete a mejorar la calidad del producto y el servicio al cliente para lograr la perfecci\u00f3n de la operaci\u00f3n de crecimiento y perpetua para nuestros clientes!<\/h5>\n<p>[\/vc_column_text][vc_empty_space height=&#8221;40px&#8221;][\/vc_column][\/vc_row][vc_row css=&#8221;.vc_custom_1529423030310{margin-bottom: 50px !important;background-color: #ffffff !important;}&#8221;][vc_column css_animation=&#8221;fadeInDown&#8221; width=&#8221;1\/3&#8243; nasa_effect=&#8221;fadeInDown&#8221;][vc_row_inner][vc_column_inner css=&#8221;.vc_custom_1529556679813{margin-top: 0px !important;margin-right: 80px !important;margin-bottom: 20px !important;margin-left: 80px !important;padding-top: 40px !important;padding-right: 20px !important;padding-bottom: 20px !important;padding-left: 20px !important;background-color: #83c7fc !important;border-radius: 15px !important;}&#8221;][vc_column_text css_animation=&#8221;fadeIn&#8221; css=&#8221;.vc_custom_1529556320059{padding-bottom: 10px !important;}&#8221;]<\/p>\n<h3 style=\"color: white; text-align: center;\"><strong>CULTURE<\/strong><\/h3>\n<p>[\/vc_column_text][vc_icon icon_fontawesome=&#8221;fa fa-handshake-o&#8221; color=&#8221;white&#8221; size=&#8221;xl&#8221; align=&#8221;center&#8221; css_animation=&#8221;fadeIn&#8221; css=&#8221;.vc_custom_1529556388420{padding-top: 10px !important;padding-right: 10px !important;padding-bottom: 10px !important;padding-left: 10px !important;}&#8221;][\/vc_column_inner][\/vc_row_inner][\/vc_column][vc_column css_animation=&#8221;fadeInDown&#8221; width=&#8221;2\/3&#8243; nasa_effect=&#8221;fadeInDown&#8221;][vc_column_text css_animation=&#8221;fadeIn&#8221;]<\/p>\n<h5 class=\"p1\"><span class=\"s1\">SHENTEK mantiene el principio de integridad, magro e innovador desde que se estableci\u00f3 y crea continuamente una fuerza laboral altamente calificada, mejora el rendimiento y la compatibilidad del producto y realiza investigaci\u00f3n e innovaci\u00f3n en el desarrollo para superar los nuevos desaf\u00edos de la industria de TI.<\/span><\/h5>\n<h5 class=\"p1\"><span class=\"s1\">SHENTEK hace hincapi\u00e9 en el trabajo en equipo al proporcionar la \u00faltima tecnolog\u00eda, servicios de postventa r\u00e1pidos y perfectos, y productos de alta calidad para satisfacer completamente las demandas de los clientes. SHENTEK tambi\u00e9n continuar\u00e1 manteniendo la innovaci\u00f3n tecnol\u00f3gica, garantizando la calidad y brindando el mejor servicio para adaptadores perif\u00e9ricos de TI, tarjetas adicionales o cualquier otro producto relacionado. SHENTEK siempre se enfoca en desarrollar el producto de primera clase y toma la operaci\u00f3n perpetua de la compa\u00f1\u00eda como el objetivo final.<\/span><\/h5>\n<h5 class=\"p1\"><span class=\"s1\">Lo m\u00e1s importante es que SHENTEK ha estado buscando asociaciones a largo plazo que puedan crecer juntas en el mercado de TI con apoyo mutuo. \u00a1SHENTEK, bienvenido a cualquier socio que quiera hacer que la conectividad sea perfecta y convertirse en el de clase mundial o el l\u00edder en el mercado perif\u00e9rico de TI!<\/span><\/h5>\n<p>[\/vc_column_text][vc_empty_space height=&#8221;40px&#8221;][\/vc_column][\/vc_row]<\/p>\n","protected":false},"excerpt":{"rendered":"<p>[vc_row css_animation=&#8221;slideInDown&#8221; css=&#8221;.vc_custom_1529420940000{padding-top: 50px !important;padding-bottom: 50px !important;}&#8221;][vc_column width=&#8221;1\/2&#8243;][vc_single_image image=&#8221;651&#8243; img_size=&#8221;full&#8221;][\/vc_column][vc_column css_animation=&#8221;slideInDown&#8221; width=&#8221;1\/2&#8243; nasa_effect=&#8221;fadeIn&#8221; css=&#8221;.vc_custom_1529421071948{padding-top: 50px !important;padding-bottom: 50px !important;}&#8221;][vc_column_text css=&#8221;.vc_custom_1551857538942{padding-top: 30px !important;padding-bottom: 50px !important;}&#8221;] Shentek Technology CO., LTD es una empresa fabricante y de dise\u00f1o ubicada en Taipei, Taiw\u00e1n. Hacemos dise\u00f1o ODM y marca &#8220;Shentek&#8221; para nuestros socios. [\/vc_column_text][\/vc_column][\/vc_row][vc_row css=&#8221;.vc_custom_1529556957597{margin-bottom: 50px !important;}&#8221;][vc_column css=&#8221;.vc_custom_1529557000065{padding-right: 120px !important;padding-left: 120px [&hellip;]<\/p>\n","protected":false},"author":10,"featured_media":0,"parent":0,"menu_order":0,"comment_status":"closed","ping_status":"closed","template":"page-visual-composer.php","meta":{"footnotes":""},"yst_prominent_words":[],"_links":{"self":[{"href":"https:\/\/shentek.com\/es\/wp-json\/wp\/v2\/pages\/16077"}],"collection":[{"href":"https:\/\/shentek.com\/es\/wp-json\/wp\/v2\/pages"}],"about":[{"href":"https:\/\/shentek.com\/es\/wp-json\/wp\/v2\/types\/page"}],"author":[{"embeddable":true,"href":"https:\/\/shentek.com\/es\/wp-json\/wp\/v2\/users\/10"}],"replies":[{"embeddable":true,"href":"https:\/\/shentek.com\/es\/wp-json\/wp\/v2\/comments?post=16077"}],"version-history":[{"count":0,"href":"https:\/\/shentek.com\/es\/wp-json\/wp\/v2\/pages\/16077\/revisions"}],"wp:attachment":[{"href":"https:\/\/shentek.com\/es\/wp-json\/wp\/v2\/media?parent=16077"}],"wp:term":[{"taxonomy":"yst_prominent_words","embeddable":true,"href":"https:\/\/shentek.com\/es\/wp-json\/wp\/v2\/yst_prominent_words?post=16077"}],"curies":[{"name":"wp","href":"https:\/\/api.w.org\/{rel}","templated":true}]}}