{"id":16102,"date":"2018-06-19T21:40:11","date_gmt":"2018-06-19T21:40:11","guid":{"rendered":"http:\/\/www.shentek.com\/where-to-buy\/"},"modified":"2019-03-07T20:37:58","modified_gmt":"2019-03-07T12:37:58","slug":"donde-comprar","status":"publish","type":"page","link":"https:\/\/shentek.com\/es\/donde-comprar\/","title":{"rendered":"Donde comprar"},"content":{"rendered":"<p>[vc_row][vc_column][vc_empty_space height=&#8221;100px&#8221;][\/vc_column][\/vc_row][vc_row][vc_column width=&#8221;1\/3&#8243;][vc_icon icon_fontawesome=&#8221;fa fa-shopping-cart&#8221; color=&#8221;custom&#8221; size=&#8221;xl&#8221; align=&#8221;center&#8221; css_animation=&#8221;slideInDown&#8221; custom_color=&#8221;#8ec31f&#8221;][\/vc_column][vc_column width=&#8221;2\/3&#8243;][vc_column_text]<\/p>\n<h5>Empecemos por el titular. El VA public\u00f3 p\u00fablicamente estas calificaciones de hogares de ancianos el 12 de junio. Llamarlas &#8220;secretas&#8221; es falso e irresponsable. Por lo tanto, el enfoque de este documento es una sub-m\u00e9trica \u00fanica, seleccionada en lugar de las clasificaciones generales, para mostrar una imagen enga\u00f1osa de c\u00f3mo nuestras instalaciones se comparan realmente con el sector privado.<\/h5>\n<p>[\/vc_column_text][vc_empty_space height=&#8221;30px&#8221;][vc_btn title=&#8221;Comprar en linea&#8221; style=&#8221;flat&#8221; color=&#8221;green&#8221; size=&#8221;sm&#8221; align=&#8221;left&#8221; css_animation=&#8221;slideInDown&#8221; link=&#8221;url:%2Fproducts-and-solutions%2F|||&#8221;][vc_empty_space height=&#8221;60px&#8221;][\/vc_column][\/vc_row][vc_row][vc_column width=&#8221;1\/3&#8243;][vc_icon icon_fontawesome=&#8221;fa fa-envelope-open&#8221; color=&#8221;custom&#8221; size=&#8221;xl&#8221; align=&#8221;center&#8221; css_animation=&#8221;slideInDown&#8221; custom_color=&#8221;#8ec31f&#8221;][\/vc_column][vc_column width=&#8221;2\/3&#8243;][vc_column_text]<\/p>\n<h5>Empecemos por el titular. El VA public\u00f3 p\u00fablicamente estas calificaciones de hogares de ancianos el 12 de junio. Llamarlas &#8220;secretas&#8221; es falso e irresponsable. Por lo tanto, el enfoque de este documento es una sub-m\u00e9trica \u00fanica, seleccionada en lugar de las clasificaciones generales, para mostrar una imagen enga\u00f1osa de c\u00f3mo nuestras instalaciones se comparan realmente con el sector privado.<\/h5>\n<p>[\/vc_column_text][vc_empty_space height=&#8221;60px&#8221;][vc_btn title=&#8221;Cont\u00e1ctenos&#8221; style=&#8221;flat&#8221; color=&#8221;green&#8221; size=&#8221;sm&#8221; align=&#8221;left&#8221; css_animation=&#8221;slideInDown&#8221; link=&#8221;url:%2Fcontact-us%2F|||&#8221;][vc_empty_space height=&#8221;60px&#8221;][\/vc_column][\/vc_row][vc_row][vc_column][vc_empty_space height=&#8221;60px&#8221;][\/vc_column][\/vc_row]<\/p>\n","protected":false},"excerpt":{"rendered":"<p>[vc_row][vc_column][vc_empty_space height=&#8221;100px&#8221;][\/vc_column][\/vc_row][vc_row][vc_column width=&#8221;1\/3&#8243;][vc_icon icon_fontawesome=&#8221;fa fa-shopping-cart&#8221; color=&#8221;custom&#8221; size=&#8221;xl&#8221; align=&#8221;center&#8221; css_animation=&#8221;slideInDown&#8221; custom_color=&#8221;#8ec31f&#8221;][\/vc_column][vc_column width=&#8221;2\/3&#8243;][vc_column_text] Empecemos por el titular. El VA public\u00f3 p\u00fablicamente estas calificaciones de hogares de ancianos el 12 de junio. Llamarlas &#8220;secretas&#8221; es falso e irresponsable. Por lo tanto, el enfoque de este documento es una sub-m\u00e9trica \u00fanica, seleccionada en lugar de las clasificaciones generales, para [&hellip;]<\/p>\n","protected":false},"author":12,"featured_media":0,"parent":0,"menu_order":0,"comment_status":"closed","ping_status":"closed","template":"","meta":{"footnotes":""},"yst_prominent_words":[],"_links":{"self":[{"href":"https:\/\/shentek.com\/es\/wp-json\/wp\/v2\/pages\/16102"}],"collection":[{"href":"https:\/\/shentek.com\/es\/wp-json\/wp\/v2\/pages"}],"about":[{"href":"https:\/\/shentek.com\/es\/wp-json\/wp\/v2\/types\/page"}],"author":[{"embeddable":true,"href":"https:\/\/shentek.com\/es\/wp-json\/wp\/v2\/users\/12"}],"replies":[{"embeddable":true,"href":"https:\/\/shentek.com\/es\/wp-json\/wp\/v2\/comments?post=16102"}],"version-history":[{"count":0,"href":"https:\/\/shentek.com\/es\/wp-json\/wp\/v2\/pages\/16102\/revisions"}],"wp:attachment":[{"href":"https:\/\/shentek.com\/es\/wp-json\/wp\/v2\/media?parent=16102"}],"wp:term":[{"taxonomy":"yst_prominent_words","embeddable":true,"href":"https:\/\/shentek.com\/es\/wp-json\/wp\/v2\/yst_prominent_words?post=16102"}],"curies":[{"name":"wp","href":"https:\/\/api.w.org\/{rel}","templated":true}]}}