{"id":11742,"date":"2018-08-17T17:04:23","date_gmt":"2018-08-17T09:04:23","guid":{"rendered":"http:\/\/www.shentek.com\/product\/rs232-rs422-rs485-to-fiber-st-converter-redundant-ring\/"},"modified":"2019-01-16T15:04:27","modified_gmt":"2019-01-16T07:04:27","slug":"rs232-rs422-rs485-to-fiber-st-converter-redundant-ring","status":"publish","type":"product","link":"https:\/\/shentek.com\/es\/product\/rs232-rs422-rs485-to-fiber-st-converter-redundant-ring\/","title":{"rendered":"RS232 RS422 RS485 a anillo redundante convertidor de fibra ST"},"content":{"rendered":"","protected":false},"excerpt":{"rendered":"<p><span lang=\"EN-US\" style=\"margin: 0px; font-family: 'Arial', 'sans-serif'; font-size: 10pt;\"> <span style=\"color: #000000;\"> Caracter\u00edsticas y beneficios <\/span> <\/span><\/p>\n<p><span lang=\"EN-US\" style=\"margin: 0px; font-family: 'Arial', 'sans-serif'; font-size: 10pt;\"> <span style=\"color: #000000;\"> Las fibras \u00f3pticas permiten una transmisi\u00f3n de hasta 2 km <\/span> <\/span><\/p>\n<p><span lang=\"EN-US\" style=\"margin: 0px; font-family: 'Arial', 'sans-serif'; font-size: 10pt;\"> <span style=\"color: #000000;\"> Medio \/ d\u00faplex completo, modo de transmisi\u00f3n bidireccional <\/span> <\/span><\/p>\n<p><span lang=\"EN-US\" style=\"margin: 0px; font-family: 'Arial', 'sans-serif'; font-size: 10pt;\"> <span style=\"color: #000000;\"> Soporte para modo anillo <\/span> <\/span><\/p>\n<p><span lang=\"EN-US\" style=\"margin: 0px; font-family: 'Arial', 'sans-serif'; font-size: 10pt;\"> <span style=\"color: #000000;\"> Soporte para sistema redundante <\/span> <\/span><\/p>\n<p><span lang=\"EN-US\" style=\"margin: 0px; font-family: 'Arial', 'sans-serif'; font-size: 10pt;\"> <span style=\"color: #000000;\"> Evite los rayos y EMI \/ RFI <\/span> <\/span><\/p>\n<p><span lang=\"EN-US\" style=\"margin: 0px; font-family: 'Arial', 'sans-serif'; font-size: 10pt;\"> <span style=\"color: #000000;\"> Previene da\u00f1os por descargas electrost\u00e1ticas <\/span> <\/span><\/p>\n<p><span lang=\"EN-US\" style=\"margin: 0px; font-family: 'Arial', 'sans-serif'; font-size: 10pt;\"> <span style=\"color: #000000;\"> Transmisi\u00f3n de datos estable y libre de errores <\/span> <\/span><\/p>\n<p><span lang=\"EN-US\" style=\"margin: 0px; font-family: 'Arial', 'sans-serif'; font-size: 10pt;\"> <span style=\"color: #000000;\"> Supervisi\u00f3n interna autom\u00e1tica del bus RS-485 \/ RS485 4W <\/span> <\/span><\/p>\n<p><span lang=\"EN-US\" style=\"margin: 0px; font-family: 'Arial', 'sans-serif'; font-size: 10pt;\"> <span style=\"color: #000000;\"> No se requieren se\u00f1ales de control de flujo externas para RS-485 \/ RS485 4W <\/span> <\/span><\/p>\n<p><span lang=\"EN-US\" style=\"margin: 0px; font-family: 'Arial', 'sans-serif'; font-size: 10pt;\"> <span style=\"color: #000000;\"> Supresi\u00f3n de transitorios y protecci\u00f3n contra sobrecorriente en l\u00edneas de datos RS232 \/ 422\/485 <\/span> <\/span><\/p>\n<p><span lang=\"EN-US\" style=\"margin: 0px; font-family: 'Arial', 'sans-serif'; font-size: 10pt;\"> <span style=\"color: #000000;\"> Indicador LED de potencia y flujo de datos <\/span> <\/span><\/p>\n<p><span lang=\"EN-US\" style=\"margin: 0px; font-family: 'Arial', 'sans-serif'; font-size: 10pt;\"> <span style=\"color: #000000;\"> Configuraci\u00f3n de la funci\u00f3n DIP SW <\/span> <\/span><\/p>\n","protected":false},"featured_media":11745,"comment_status":"open","ping_status":"closed","template":"","meta":[],"product_cat":[1518,1519,1520,1529],"product_tag":[1521,1522,1523,1525,1526,1527,1528],"_links":{"self":[{"href":"https:\/\/shentek.com\/es\/wp-json\/wp\/v2\/product\/11742"}],"collection":[{"href":"https:\/\/shentek.com\/es\/wp-json\/wp\/v2\/product"}],"about":[{"href":"https:\/\/shentek.com\/es\/wp-json\/wp\/v2\/types\/product"}],"replies":[{"embeddable":true,"href":"https:\/\/shentek.com\/es\/wp-json\/wp\/v2\/comments?post=11742"}],"wp:featuredmedia":[{"embeddable":true,"href":"https:\/\/shentek.com\/es\/wp-json\/wp\/v2\/media\/11745"}],"wp:attachment":[{"href":"https:\/\/shentek.com\/es\/wp-json\/wp\/v2\/media?parent=11742"}],"wp:term":[{"taxonomy":"product_cat","embeddable":true,"href":"https:\/\/shentek.com\/es\/wp-json\/wp\/v2\/product_cat?post=11742"},{"taxonomy":"product_tag","embeddable":true,"href":"https:\/\/shentek.com\/es\/wp-json\/wp\/v2\/product_tag?post=11742"}],"curies":[{"name":"wp","href":"https:\/\/api.w.org\/{rel}","templated":true}]}}