{"id":11778,"date":"2018-08-17T16:34:29","date_gmt":"2018-08-17T08:34:29","guid":{"rendered":"http:\/\/www.shentek.com\/product\/ftdi-usb-2-port-rs232-rs422-rs485-adapter-converter\/"},"modified":"2019-01-16T15:26:11","modified_gmt":"2019-01-16T07:26:11","slug":"ftdi-usb-2-port-rs232-rs422-rs485-adapter-converter","status":"publish","type":"product","link":"https:\/\/shentek.com\/es\/product\/ftdi-usb-2-port-rs232-rs422-rs485-adapter-converter\/","title":{"rendered":"Adaptador convertidor de puerto RS232 RS422 FTDI USB 2"},"content":{"rendered":"","protected":false},"excerpt":{"rendered":"<p><span lang=\"EN-US\" style=\"margin: 0px; font-family: 'Arial', 'sans-serif'; font-size: 10pt;\"> <span style=\"color: #000000;\"> Caracter\u00edsticas y beneficios <\/span> <\/span><\/p>\n<p><span lang=\"EN-US\" style=\"margin: 0px; font-family: 'Arial', 'sans-serif'; font-size: 10pt;\"> <span style=\"color: #000000;\"> Expande 2 puertos com RS-232 o RS422 o RS485 para su sistema <\/span> <\/span><\/p>\n<p><span lang=\"EN-US\" style=\"margin: 0px; font-family: 'Arial', 'sans-serif'; font-size: 10pt;\"> <span style=\"color: #000000;\"> Velocidad de transmisi\u00f3n de alta velocidad de hasta 921.6 Kbps <\/span> <\/span><\/p>\n<p><span lang=\"EN-US\" style=\"margin: 0px; font-family: 'Arial', 'sans-serif'; font-size: 10pt;\"> <span style=\"color: #000000;\"> Compatible con USB 1.0 \/ 1.1, compatible con USB 2.0 Full Speed <\/span> <\/span><\/p>\n<p><span lang=\"EN-US\" style=\"margin: 0px; font-family: 'Arial', 'sans-serif'; font-size: 10pt;\"> <span style=\"color: #000000;\"> Velocidad de datos USB de 480 Mbps <\/span> <\/span><\/p>\n<p><span lang=\"EN-US\" style=\"margin: 0px; font-family: 'Arial', 'sans-serif'; font-size: 10pt;\"> <span style=\"color: #000000;\"> Soporta LEDs de transmisi\u00f3n y recepci\u00f3n <\/span> <\/span><\/p>\n<p><span lang=\"EN-US\" style=\"margin: 0px; font-family: 'Arial', 'sans-serif'; font-size: 10pt;\"> <span style=\"color: #000000;\"> Protecci\u00f3n incorporada de 15KV ESD <\/span> <\/span><\/p>\n<p><span lang=\"EN-US\" style=\"margin: 0px; font-family: 'Arial', 'sans-serif'; font-size: 10pt;\"> <span style=\"color: #000000;\"> Soporta especificaci\u00f3n industrial <\/span> <\/span><\/p>\n<p><span lang=\"EN-US\" style=\"margin: 0px; font-family: 'Arial', 'sans-serif'; font-size: 10pt;\"> <span style=\"color: #000000;\"> RS422 \/ 485 Se\u00f1al 600W Protecci\u00f3n contra sobretensiones <\/span> <\/span><\/p>\n<p><span lang=\"EN-US\" style=\"margin: 0px; font-family: 'Arial', 'sans-serif'; font-size: 10pt;\"> <span style=\"color: #000000;\"> Conectividad m\u00e1xima de 10 dispositivos para el modo de ca\u00edda m\u00faltiple RS422 <\/span> <\/span><\/p>\n<p><span lang=\"EN-US\" style=\"margin: 0px; font-family: 'Arial', 'sans-serif'; font-size: 10pt;\"> <span style=\"color: #000000;\"> Conectividad m\u00e1xima de 32 dispositivos para el modo RS485 <\/span> <\/span><\/p>\n<p><span lang=\"EN-US\" style=\"margin: 0px; font-family: 'Arial', 'sans-serif'; font-size: 10pt;\"> <span style=\"color: #000000;\"> Interruptor Dip f\u00e1cil de usar para seleccionar el modo RS232 \/ 422\/485 <\/span> <\/span><\/p>\n<p><span lang=\"EN-US\" style=\"margin: 0px; font-family: 'Arial', 'sans-serif'; font-size: 10pt;\"> <span style=\"color: #000000;\"> Cambio autom\u00e1tico por hardware RS485 2W y RS485 4W (modo RS422 Multi-Drop) <\/span> <\/span><\/p>\n<p><span lang=\"EN-US\" style=\"margin: 0px; font-family: 'Arial', 'sans-serif'; font-size: 10pt;\"> <span style=\"color: #000000;\"> Soporta especificaci\u00f3n industrial <\/span> <\/span><\/p>\n<p><span lang=\"EN-US\" style=\"margin: 0px; font-family: 'Arial', 'sans-serif'; font-size: 10pt;\"> <span style=\"color: #000000;\"> TX buffer 4K bytes y RX buffer 4K bytes por canal <\/span> <\/span><\/p>\n<p><span lang=\"EN-US\" style=\"margin: 0px; font-family: 'Arial', 'sans-serif'; font-size: 10pt;\"> <span style=\"color: #000000;\"> Admite controladores de Microsoft Windows, Linux y MAC <\/span> <\/span><\/p>\n","protected":false},"featured_media":11780,"comment_status":"open","ping_status":"closed","template":"","meta":[],"product_cat":[1552,1518,1547,1542,1543,1520],"product_tag":[1545,1521,1522,1550,1525,1526,1527,1528],"_links":{"self":[{"href":"https:\/\/shentek.com\/es\/wp-json\/wp\/v2\/product\/11778"}],"collection":[{"href":"https:\/\/shentek.com\/es\/wp-json\/wp\/v2\/product"}],"about":[{"href":"https:\/\/shentek.com\/es\/wp-json\/wp\/v2\/types\/product"}],"replies":[{"embeddable":true,"href":"https:\/\/shentek.com\/es\/wp-json\/wp\/v2\/comments?post=11778"}],"wp:featuredmedia":[{"embeddable":true,"href":"https:\/\/shentek.com\/es\/wp-json\/wp\/v2\/media\/11780"}],"wp:attachment":[{"href":"https:\/\/shentek.com\/es\/wp-json\/wp\/v2\/media?parent=11778"}],"wp:term":[{"taxonomy":"product_cat","embeddable":true,"href":"https:\/\/shentek.com\/es\/wp-json\/wp\/v2\/product_cat?post=11778"},{"taxonomy":"product_tag","embeddable":true,"href":"https:\/\/shentek.com\/es\/wp-json\/wp\/v2\/product_tag?post=11778"}],"curies":[{"name":"wp","href":"https:\/\/api.w.org\/{rel}","templated":true}]}}