{"id":11965,"date":"2018-08-16T14:36:02","date_gmt":"2018-08-16T06:36:02","guid":{"rendered":"http:\/\/www.shentek.com\/product\/rs232-rs485-converter-serial-port-powered-bi-direction\/"},"modified":"2019-01-17T16:35:50","modified_gmt":"2019-01-17T08:35:50","slug":"rs232-rs485-converter-serial-port-powered-bi-direction","status":"publish","type":"product","link":"https:\/\/shentek.com\/es\/product\/rs232-rs485-converter-serial-port-powered-bi-direction\/","title":{"rendered":"RS232 RS485 Convertidor Puerto serie alimentado Bi-direcci\u00f3n"},"content":{"rendered":"","protected":false},"excerpt":{"rendered":"<p><span lang=\"EN-US\" style=\"margin: 0px; font-family: 'Arial', 'sans-serif'; font-size: 10pt;\"> <span style=\"color: #000000;\"> Caracter\u00edsticas y beneficios <\/span> <\/span><\/p>\n<p><span lang=\"EN-US\" style=\"margin: 0px; font-family: 'Arial', 'sans-serif'; font-size: 10pt;\"> <span style=\"color: #000000;\"> Velocidad de transmisi\u00f3n de alta velocidad de hasta 921.6 Kbps <\/span> <\/span><\/p>\n<p><span lang=\"EN-US\" style=\"margin: 0px; font-family: 'Arial', 'sans-serif'; font-size: 10pt;\"> <span style=\"color: #000000;\"> Terminator incorporado de 120 ohmios para la configuraci\u00f3n del interruptor DIP <\/span> <\/span><\/p>\n<p><span lang=\"EN-US\" style=\"margin: 0px; font-family: 'Arial', 'sans-serif'; font-size: 10pt;\"> <span style=\"color: #000000;\"> Conectividad m\u00e1xima de 10 dispositivos para el modo 4-Wire RS-485 (RS-422 Multi-Drop) <\/span> <\/span><\/p>\n<p><span lang=\"EN-US\" style=\"margin: 0px; font-family: 'Arial', 'sans-serif'; font-size: 10pt;\"> <span style=\"color: #000000;\"> Conectividad de dispositivo de Max 32 para modo RS-485 <\/span> <\/span><\/p>\n<p><span lang=\"EN-US\" style=\"margin: 0px; font-family: 'Arial', 'sans-serif'; font-size: 10pt;\"> <span style=\"color: #000000;\"> El estado de la comunicaci\u00f3n se puede monitorear a trav\u00e9s de LED <\/span> <\/span><\/p>\n<p><span lang=\"EN-US\" style=\"margin: 0px; font-family: 'Arial', 'sans-serif'; font-size: 10pt;\"> <span style=\"color: #000000;\"> Protecci\u00f3n contra sobretensiones de 600 vatios <\/span> <\/span><\/p>\n<p><span lang=\"EN-US\" style=\"margin: 0px; font-family: 'Arial', 'sans-serif'; font-size: 10pt;\"> <span style=\"color: #000000;\"> Protecci\u00f3n incorporada de 15KV ESD para todos los puertos serie y protecci\u00f3n de se\u00f1ales RS-422\/485 <\/span> <\/span><\/p>\n<p><span lang=\"EN-US\" style=\"margin: 0px; font-family: 'Arial', 'sans-serif'; font-size: 10pt;\"> <span style=\"color: #000000;\"> Soporta especificaci\u00f3n industrial <\/span> <\/span><\/p>\n<p><span lang=\"EN-US\" style=\"margin: 0px; font-family: 'Arial', 'sans-serif'; font-size: 10pt;\"> <span style=\"color: #000000;\"> Sin necesidad de conductor <\/span> <\/span><\/p>\n","protected":false},"featured_media":11966,"comment_status":"open","ping_status":"closed","template":"","meta":[],"product_cat":[1518,1547,1520,1529],"product_tag":[1521,1522,1524,1525,1526,1527,1528],"_links":{"self":[{"href":"https:\/\/shentek.com\/es\/wp-json\/wp\/v2\/product\/11965"}],"collection":[{"href":"https:\/\/shentek.com\/es\/wp-json\/wp\/v2\/product"}],"about":[{"href":"https:\/\/shentek.com\/es\/wp-json\/wp\/v2\/types\/product"}],"replies":[{"embeddable":true,"href":"https:\/\/shentek.com\/es\/wp-json\/wp\/v2\/comments?post=11965"}],"wp:featuredmedia":[{"embeddable":true,"href":"https:\/\/shentek.com\/es\/wp-json\/wp\/v2\/media\/11966"}],"wp:attachment":[{"href":"https:\/\/shentek.com\/es\/wp-json\/wp\/v2\/media?parent=11965"}],"wp:term":[{"taxonomy":"product_cat","embeddable":true,"href":"https:\/\/shentek.com\/es\/wp-json\/wp\/v2\/product_cat?post=11965"},{"taxonomy":"product_tag","embeddable":true,"href":"https:\/\/shentek.com\/es\/wp-json\/wp\/v2\/product_tag?post=11965"}],"curies":[{"name":"wp","href":"https:\/\/api.w.org\/{rel}","templated":true}]}}