{"id":11972,"date":"2018-08-16T14:32:07","date_gmt":"2018-08-16T06:32:07","guid":{"rendered":"http:\/\/www.shentek.com\/product\/rs232-to-rs485-converter-serial-rs422-isoaltion-surge\/"},"modified":"2019-01-17T16:39:51","modified_gmt":"2019-01-17T08:39:51","slug":"rs232-to-rs485-converter-serial-rs422-isolation-surge","status":"publish","type":"product","link":"https:\/\/shentek.com\/es\/product\/rs232-to-rs485-converter-serial-rs422-isolation-surge\/","title":{"rendered":"RS232 a RS485 Convertidor Serie RS422 Aislamiento de sobretensi\u00f3n"},"content":{"rendered":"","protected":false},"excerpt":{"rendered":"<p><span lang=\"EN-US\" style=\"margin: 0px; font-family: 'Arial', 'sans-serif'; font-size: 10pt;\"> <span style=\"color: #000000;\"> Caracter\u00edsticas y beneficios <\/span> <\/span><\/p>\n<p><span lang=\"EN-US\" style=\"margin: 0px; font-family: 'Arial', 'sans-serif'; font-size: 10pt;\"> <span style=\"color: #000000;\"> Velocidad de transmisi\u00f3n de alta velocidad de hasta 921.6 Kbps <\/span> <\/span><\/p>\n<p><span lang=\"EN-US\" style=\"margin: 0px; font-family: 'Arial', 'sans-serif'; font-size: 10pt;\"> <span style=\"color: #000000;\"> Terminator incorporado de 120 ohmios para la configuraci\u00f3n del interruptor DIP <\/span> <\/span><\/p>\n<p><span lang=\"EN-US\" style=\"margin: 0px; font-family: 'Arial', 'sans-serif'; font-size: 10pt;\"> <span style=\"color: #000000;\"> Conectividad m\u00e1xima de 10 dispositivos para el modo 4-Wire RS-485 (RS-422 Multi-Drop) <\/span> <\/span><\/p>\n<p><span lang=\"EN-US\" style=\"margin: 0px; font-family: 'Arial', 'sans-serif'; font-size: 10pt;\"> <span style=\"color: #000000;\"> Conectividad de dispositivo de Max 32 para modo RS-485 <\/span> <\/span><\/p>\n<p><span lang=\"EN-US\" style=\"margin: 0px; font-family: 'Arial', 'sans-serif'; font-size: 10pt;\"> <span style=\"color: #000000;\"> El estado de la comunicaci\u00f3n se puede monitorear a trav\u00e9s de LED <\/span> <\/span><\/p>\n<p><span lang=\"EN-US\" style=\"margin: 0px; font-family: 'Arial', 'sans-serif'; font-size: 10pt;\"> <span style=\"color: #000000;\"> Protecci\u00f3n de aislamiento \u00f3ptico 3KV <\/span> <\/span><\/p>\n<p><span lang=\"EN-US\" style=\"margin: 0px; font-family: 'Arial', 'sans-serif'; font-size: 10pt;\"> <span style=\"color: #000000;\"> Protecci\u00f3n contra sobretensiones de 600 vatios <\/span> <\/span><\/p>\n<p><span lang=\"EN-US\" style=\"margin: 0px; font-family: 'Arial', 'sans-serif'; font-size: 10pt;\"> <span style=\"color: #000000;\"> Protecci\u00f3n incorporada de 15KV ESD para todos los puertos serie y protecci\u00f3n de se\u00f1ales RS-422\/485 <\/span> <\/span><\/p>\n<p><span lang=\"EN-US\" style=\"margin: 0px; font-family: 'Arial', 'sans-serif'; font-size: 10pt;\"> <span style=\"color: #000000;\"> Soporta especificaci\u00f3n industrial <\/span> <\/span><\/p>\n<p><span lang=\"EN-US\" style=\"margin: 0px; font-family: 'Arial', 'sans-serif'; font-size: 10pt;\"> <span style=\"color: #000000;\"> Sin necesidad de conductor <\/span> <\/span><\/p>\n","protected":false},"featured_media":11974,"comment_status":"open","ping_status":"closed","template":"","meta":[],"product_cat":[1518,1547,1520,1529],"product_tag":[1544,1549,1522,1524,1525,1526,1527,1528],"_links":{"self":[{"href":"https:\/\/shentek.com\/es\/wp-json\/wp\/v2\/product\/11972"}],"collection":[{"href":"https:\/\/shentek.com\/es\/wp-json\/wp\/v2\/product"}],"about":[{"href":"https:\/\/shentek.com\/es\/wp-json\/wp\/v2\/types\/product"}],"replies":[{"embeddable":true,"href":"https:\/\/shentek.com\/es\/wp-json\/wp\/v2\/comments?post=11972"}],"wp:featuredmedia":[{"embeddable":true,"href":"https:\/\/shentek.com\/es\/wp-json\/wp\/v2\/media\/11974"}],"wp:attachment":[{"href":"https:\/\/shentek.com\/es\/wp-json\/wp\/v2\/media?parent=11972"}],"wp:term":[{"taxonomy":"product_cat","embeddable":true,"href":"https:\/\/shentek.com\/es\/wp-json\/wp\/v2\/product_cat?post=11972"},{"taxonomy":"product_tag","embeddable":true,"href":"https:\/\/shentek.com\/es\/wp-json\/wp\/v2\/product_tag?post=11972"}],"curies":[{"name":"wp","href":"https:\/\/api.w.org\/{rel}","templated":true}]}}