{"id":12075,"date":"2018-08-16T10:55:24","date_gmt":"2018-08-16T02:55:24","guid":{"rendered":"http:\/\/www.shentek.com\/product\/2-port-high-speed-serial-rs-232-1-port-parallel-universal-pci-card-support-pin1-5v-12v-dcd-pin9-5v-12v-ri-selectable-and-standard-and-low-profile-bracket-2\/"},"modified":"2019-01-20T13:25:02","modified_gmt":"2019-01-20T05:25:02","slug":"2-puertos-de-alta-velocidad-serial-rs-232-1-puerto-paralelo-universal-pci-card-support-pin1-5v-12v-dcd-pin9-5v-12v-ri-seleccionable-y-estandar-y-perfil-bajo-soporte-2","status":"publish","type":"product","link":"https:\/\/shentek.com\/es\/product\/2-puertos-de-alta-velocidad-serial-rs-232-1-puerto-paralelo-universal-pci-card-support-pin1-5v-12v-dcd-pin9-5v-12v-ri-seleccionable-y-estandar-y-perfil-bajo-soporte-2\/","title":{"rendered":"Perfil bajo de la tarjeta PCI paralelo RS232 de puerto serie 2"},"content":{"rendered":"","protected":false},"excerpt":{"rendered":"<p><span lang=\"EN-US\" style=\"margin: 0px; color: black; font-family: 'Arial', 'sans-serif'; font-size: 10pt;\"> Caracter\u00edsticas y beneficios <\/span><\/p>\n<p><span lang=\"EN-US\" style=\"margin: 0px; color: black; font-family: 'Arial', 'sans-serif'; font-size: 10pt;\"> Expande 2 puertos com para su sistema <\/span><\/p>\n<p><span lang=\"EN-US\" style=\"margin: 0px; color: black; font-family: 'Arial', 'sans-serif'; font-size: 10pt;\"> Velocidad de transmisi\u00f3n de alta velocidad de hasta 921.6 Kbps. <\/span><\/p>\n<p><span lang=\"EN-US\" style=\"margin: 0px; color: black; font-family: 'Arial', 'sans-serif'; font-size: 10pt;\"> Compatible con la ranura de 3.3V \/ 5V PCI y PCI-x <\/span><\/p>\n<p><span lang=\"EN-US\" style=\"margin: 0px; color: black; font-family: 'Arial', 'sans-serif'; font-size: 10pt;\"> Fuente de alimentaci\u00f3n a trav\u00e9s de la l\u00ednea de comunicaci\u00f3n (se\u00f1al RI) <\/span><\/p>\n<p><span lang=\"EN-US\" style=\"margin: 0px; color: black; font-family: 'Arial', 'sans-serif'; font-size: 10pt;\"> Protecci\u00f3n incorporada de 15KV ESD <\/span><\/p>\n<p><span lang=\"EN-US\" style=\"margin: 0px; color: black; font-family: 'Arial', 'sans-serif'; font-size: 10pt;\"> Soporta especificaci\u00f3n industrial <\/span><\/p>\n<p><span lang=\"EN-US\" style=\"margin: 0px; color: black; font-family: 'Arial', 'sans-serif'; font-size: 10pt;\"> FIFOs de 256 bytes integrados UART <\/span><\/p>\n<p><span lang=\"EN-US\" style=\"margin: 0px; color: black; font-family: 'Arial', 'sans-serif'; font-size: 10pt;\"> Compatible con 5V \/ 12V \/ RI seleccionable <\/span><\/p>\n<p><span lang=\"FR\" style=\"margin: 0px; color: black; font-family: 'Arial', 'sans-serif'; font-size: 10pt;\"> Parallel &#8211; Compatibility mode, Nibble modo, modo Byte, modo EPP y modo ECP) <\/span><\/p>\n<p><span lang=\"FR\" style=\"margin: 0px; color: black; font-family: 'Arial', 'sans-serif'; font-size: 10pt;\"> 16byte : Modo EPP \/ ECP <\/span><\/p>\n<p><span lang=\"EN-US\" style=\"margin: 0px; color: black; font-family: 'Arial', 'sans-serif'; font-size: 10pt;\"> Direcci\u00f3n de E \/ S reasignar &#8211; RS-232 para 3F8, 2F8, 3 <sup> E <\/sup> 8, Y 2 <sup> E <\/sup> 8. Paralelo &#8211; 378 y 278 <\/span><\/p>\n<p><span lang=\"EN-US\" style=\"margin: 0px; color: black; font-family: 'Arial', 'sans-serif'; font-size: 10pt;\"> Compatible con Microsoft Windows, Linux <\/span><\/p>\n","protected":false},"featured_media":12081,"comment_status":"open","ping_status":"closed","template":"","meta":[],"product_cat":[1584,1571,1529],"product_tag":[1585,1573,1586,1587,1588],"_links":{"self":[{"href":"https:\/\/shentek.com\/es\/wp-json\/wp\/v2\/product\/12075"}],"collection":[{"href":"https:\/\/shentek.com\/es\/wp-json\/wp\/v2\/product"}],"about":[{"href":"https:\/\/shentek.com\/es\/wp-json\/wp\/v2\/types\/product"}],"replies":[{"embeddable":true,"href":"https:\/\/shentek.com\/es\/wp-json\/wp\/v2\/comments?post=12075"}],"wp:featuredmedia":[{"embeddable":true,"href":"https:\/\/shentek.com\/es\/wp-json\/wp\/v2\/media\/12081"}],"wp:attachment":[{"href":"https:\/\/shentek.com\/es\/wp-json\/wp\/v2\/media?parent=12075"}],"wp:term":[{"taxonomy":"product_cat","embeddable":true,"href":"https:\/\/shentek.com\/es\/wp-json\/wp\/v2\/product_cat?post=12075"},{"taxonomy":"product_tag","embeddable":true,"href":"https:\/\/shentek.com\/es\/wp-json\/wp\/v2\/product_tag?post=12075"}],"curies":[{"name":"wp","href":"https:\/\/api.w.org\/{rel}","templated":true}]}}