{"id":12544,"date":"2018-08-14T14:32:55","date_gmt":"2018-08-14T06:32:55","guid":{"rendered":"http:\/\/www.shentek.com\/product\/serial-port-rs232-2-com-parallel-mini-pcie-driver-windows-10\/"},"modified":"2019-01-20T21:19:13","modified_gmt":"2019-01-20T13:19:13","slug":"serial-port-rs232-2-com-parallel-mini-pcie-driver-windows-10","status":"publish","type":"product","link":"https:\/\/shentek.com\/es\/product\/serial-port-rs232-2-com-parallel-mini-pcie-driver-windows-10\/","title":{"rendered":"puerto serie rs232 2 com controlador mini pcie paralelo Windows 10"},"content":{"rendered":"","protected":false},"excerpt":{"rendered":"<p><span lang=\"EN-US\" style=\"margin: 0px; font-family: 'Arial', 'sans-serif'; font-size: 10pt;\"> <span style=\"color: #000000;\"> Caracter\u00edsticas y beneficios <\/span> <\/span><\/p>\n<p><span lang=\"EN-US\" style=\"margin: 0px; font-family: 'Arial', 'sans-serif'; font-size: 10pt;\"> <span style=\"color: #000000;\"> Expande 2 puertos com RS232 y 1 puerto paralelo para su sistema <\/span> <\/span><\/p>\n<p><span lang=\"EN-US\" style=\"margin: 0px; font-family: 'Arial', 'sans-serif'; font-size: 10pt;\"> <span style=\"color: #000000;\"> Velocidad de transmisi\u00f3n de alta velocidad de hasta 921.6 Kbps <\/span> <\/span><\/p>\n<p><span lang=\"EN-US\" style=\"margin: 0px; font-family: 'Arial', 'sans-serif'; font-size: 10pt;\"> <span style=\"color: #000000;\"> Dise\u00f1o para cumplir con PCI Express 2.0 Gen 1 compatible <\/span> <\/span><\/p>\n<p><span lang=\"EN-US\" style=\"margin: 0px; font-family: 'Arial', 'sans-serif'; font-size: 10pt;\"> <span style=\"color: #000000;\"> Alimentaci\u00f3n el\u00e9ctrica a trav\u00e9s de la l\u00ednea de comunicaci\u00f3n (se\u00f1al RI) <\/span> <\/span><\/p>\n<p><span lang=\"EN-US\" style=\"margin: 0px; font-family: 'Arial', 'sans-serif'; font-size: 10pt;\"> <span style=\"color: #000000;\"> Protecci\u00f3n incorporada de 15KV ESD <\/span> <\/span><\/p>\n<p><span lang=\"EN-US\" style=\"margin: 0px; font-family: 'Arial', 'sans-serif'; font-size: 10pt;\"> <span style=\"color: #000000;\"> Soporta especificaci\u00f3n industrial <\/span> <\/span><\/p>\n<p><span lang=\"EN-US\" style=\"margin: 0px; font-family: 'Arial', 'sans-serif'; font-size: 10pt;\"> <span style=\"color: #000000;\"> FIFOs de 256 bytes integrados UART <\/span> <\/span><\/p>\n<p><span lang=\"EN-US\" style=\"margin: 0px; font-family: 'Arial', 'sans-serif'; font-size: 10pt;\"> <span style=\"color: #000000;\"> Compatible con 5V \/ 12V \/ RI seleccionable <\/span> <\/span><\/p>\n<p><span style=\"color: #000000;\"> <span lang=\"FR\" style=\"margin: 0px; font-family: 'Arial', 'sans-serif'; font-size: 10pt;\"> Parallel &#8211; Modo de compatibilidad, Modo Nibble, Modo Byte , Modo EPP y modo ECP) <\/span> <\/span><\/p>\n<p><span lang=\"FR\" style=\"margin: 0px; font-family: 'Arial', 'sans-serif'; font-size: 10pt;\"> <span style=\"color: #000000;\"> 16byte : Modo EPP \/ ECP <\/span> <\/span><\/p>\n<p><span lang=\"EN-US\" style=\"margin: 0px; font-family: 'Arial', 'sans-serif'; font-size: 10pt;\"> <span style=\"color: #000000;\"> Compatible con Microsoft Windows, Linux <\/span> <\/span><\/p>\n","protected":false},"featured_media":12554,"comment_status":"open","ping_status":"closed","template":"","meta":[],"product_cat":[1606,1571,1529],"product_tag":[1610,1585,1620,1587,1588],"_links":{"self":[{"href":"https:\/\/shentek.com\/es\/wp-json\/wp\/v2\/product\/12544"}],"collection":[{"href":"https:\/\/shentek.com\/es\/wp-json\/wp\/v2\/product"}],"about":[{"href":"https:\/\/shentek.com\/es\/wp-json\/wp\/v2\/types\/product"}],"replies":[{"embeddable":true,"href":"https:\/\/shentek.com\/es\/wp-json\/wp\/v2\/comments?post=12544"}],"wp:featuredmedia":[{"embeddable":true,"href":"https:\/\/shentek.com\/es\/wp-json\/wp\/v2\/media\/12554"}],"wp:attachment":[{"href":"https:\/\/shentek.com\/es\/wp-json\/wp\/v2\/media?parent=12544"}],"wp:term":[{"taxonomy":"product_cat","embeddable":true,"href":"https:\/\/shentek.com\/es\/wp-json\/wp\/v2\/product_cat?post=12544"},{"taxonomy":"product_tag","embeddable":true,"href":"https:\/\/shentek.com\/es\/wp-json\/wp\/v2\/product_tag?post=12544"}],"curies":[{"name":"wp","href":"https:\/\/api.w.org\/{rel}","templated":true}]}}