{"id":12613,"date":"2018-08-14T09:04:55","date_gmt":"2018-08-14T01:04:55","guid":{"rendered":"http:\/\/www.shentek.com\/product\/ti-usb-3-0-pcie-4-port-usb-a-card-tusb7340\/"},"modified":"2019-01-20T22:00:25","modified_gmt":"2019-01-20T14:00:25","slug":"ti-usb-3-0-pcie-4-port-usb-a-card-tusb7340","status":"publish","type":"product","link":"https:\/\/shentek.com\/es\/product\/ti-usb-3-0-pcie-4-port-usb-a-card-tusb7340\/","title":{"rendered":"TI USB 3.0 PCIe 4 puertos USB-A Tarjeta TUSB7340"},"content":{"rendered":"","protected":false},"excerpt":{"rendered":"<p><strong> Caracter\u00edsticas y beneficios <\/strong><\/p>\n<p>Expande 4 puertos para tu sistema.<\/p>\n<p>Velocidad de transferencia de alta velocidad de hasta 5 Gbs.<\/p>\n<p>Dise\u00f1o para cumplir con PCI Express 2.0 Gen 1 compatible<\/p>\n<p>Admite PCI Express x1, x2, x4, x8 y x16 Lane<\/p>\n<p>Compatible con Universal Serial Bus 3.1 Gen1 Specification Revision 1.0<\/p>\n<p>Cumple con las especificaciones xHCI (interfaz de controlador de host extensible) Revisi\u00f3n 0.96<\/p>\n<p>Admite la operaci\u00f3n simult\u00e1nea de m\u00faltiples dispositivos USB 3.0, USB 2.0 y USB 1.1<\/p>\n<p>Admite una tasa de transferencia de datos USB de 1.5 \/ 12\/480\/5000 Mbps<\/p>\n<p>Expande 4 puertos USB 3.0 Super-Speed externos para su sistema de escritorio<\/p>\n<p>Cada puerto USB emite una potencia de hasta 5V 900ma para dispositivos USB<\/p>\n<p>La funci\u00f3n Hot Swap le permite conectar \/ desconectar dispositivos<\/p>\n<p>Microsoft WHQL aprueba<\/p>\n<p>Soporta Driver para Microsoft Windows<\/p>\n","protected":false},"featured_media":12636,"comment_status":"open","ping_status":"closed","template":"","meta":[],"product_cat":[1529,1579,1598],"product_tag":[1585,1589,1613,1640,1580,1600],"_links":{"self":[{"href":"https:\/\/shentek.com\/es\/wp-json\/wp\/v2\/product\/12613"}],"collection":[{"href":"https:\/\/shentek.com\/es\/wp-json\/wp\/v2\/product"}],"about":[{"href":"https:\/\/shentek.com\/es\/wp-json\/wp\/v2\/types\/product"}],"replies":[{"embeddable":true,"href":"https:\/\/shentek.com\/es\/wp-json\/wp\/v2\/comments?post=12613"}],"wp:featuredmedia":[{"embeddable":true,"href":"https:\/\/shentek.com\/es\/wp-json\/wp\/v2\/media\/12636"}],"wp:attachment":[{"href":"https:\/\/shentek.com\/es\/wp-json\/wp\/v2\/media?parent=12613"}],"wp:term":[{"taxonomy":"product_cat","embeddable":true,"href":"https:\/\/shentek.com\/es\/wp-json\/wp\/v2\/product_cat?post=12613"},{"taxonomy":"product_tag","embeddable":true,"href":"https:\/\/shentek.com\/es\/wp-json\/wp\/v2\/product_tag?post=12613"}],"curies":[{"name":"wp","href":"https:\/\/api.w.org\/{rel}","templated":true}]}}