{"id":15848,"date":"2017-09-27T17:47:08","date_gmt":"2017-09-27T17:47:08","guid":{"rendered":"http:\/\/www.shentek.com\/aboutus-shentek\/"},"modified":"2019-03-01T10:30:25","modified_gmt":"2019-03-01T02:30:25","slug":"aboutus-shentek","status":"publish","type":"page","link":"https:\/\/shentek.com\/fr\/aboutus-shentek\/","title":{"rendered":"\u00c0 propos de nous"},"content":{"rendered":"<p>[vc_row css_animation=&#8221;slideInDown&#8221; css=&#8221;.vc_custom_1529420940000{padding-top: 50px !important;padding-bottom: 50px !important;}&#8221;][vc_column width=&#8221;1\/2&#8243;][vc_single_image image=&#8221;651&#8243; img_size=&#8221;full&#8221;][\/vc_column][vc_column css_animation=&#8221;slideInDown&#8221; width=&#8221;1\/2&#8243; nasa_effect=&#8221;fadeIn&#8221; css=&#8221;.vc_custom_1529421071948{padding-top: 50px !important;padding-bottom: 50px !important;}&#8221;][vc_column_text css=&#8221;.vc_custom_1551406929315{padding-top: 30px !important;padding-bottom: 50px !important;}&#8221;]<\/p>\n<h3 style=\"text-align: left;\">Shentek Technology CO., LTD est un fabricant et une soci\u00e9t\u00e9 de conception situ\u00e9e \u00e0 Taipei \u00e0 Taiwan.<br \/>\nNous faisons la conception ODM et la marque \u201cShentek\u201d pour nos partenaires.<\/h3>\n<p>[\/vc_column_text][\/vc_column][\/vc_row][vc_row css=&#8221;.vc_custom_1529556957597{margin-bottom: 50px !important;}&#8221;][vc_column css=&#8221;.vc_custom_1529557000065{padding-right: 120px !important;padding-left: 120px !important;}&#8221;][vc_empty_space][vc_single_image image=&#8221;574&#8243; img_size=&#8221;large&#8221; alignment=&#8221;center&#8221; css_animation=&#8221;none&#8221;][vc_column_text]<\/p>\n<h4 class=\"av-special-heading-tag\" style=\"text-align: center; color: #8ec31f;\">CONNEXION PARFAITEMENT DANS LES P\u00c9RIPH\u00c9RIQUES<\/h4>\n<p>[\/vc_column_text][vc_empty_space height=&#8221;80px&#8221;][vc_btn title=&#8221;Notre produit&#8221; color=&#8221;green&#8221; size=&#8221;lg&#8221; align=&#8221;center&#8221; link=&#8221;url:%2Fshop%2F|||&#8221;][vc_empty_space][\/vc_column][\/vc_row][vc_row][vc_column][vc_empty_space height=&#8221;120px&#8221;][\/vc_column][\/vc_row][vc_row css=&#8221;.vc_custom_1529423030310{margin-bottom: 50px !important;background-color: #ffffff !important;}&#8221;][vc_column css_animation=&#8221;fadeInDown&#8221; width=&#8221;1\/3&#8243; nasa_effect=&#8221;fadeInDown&#8221;][vc_row_inner][vc_column_inner css=&#8221;.vc_custom_1529556623802{margin-top: 0px !important;margin-right: 80px !important;margin-bottom: 20px !important;margin-left: 80px !important;padding-top: 40px !important;padding-right: 20px !important;padding-bottom: 20px !important;padding-left: 20px !important;background-color: #d2ea79 !important;border-radius: 15px !important;}&#8221;][vc_column_text css_animation=&#8221;fadeIn&#8221; css=&#8221;.vc_custom_1529555342664{padding-bottom: 10px !important;}&#8221;]<\/p>\n<h3 style=\"color: white; text-align: center;\"><strong>VISION<\/strong><\/h3>\n<p>[\/vc_column_text][vc_icon icon_fontawesome=&#8221;fa fa-rocket&#8221; color=&#8221;white&#8221; size=&#8221;xl&#8221; align=&#8221;center&#8221; css_animation=&#8221;fadeIn&#8221; css=&#8221;.vc_custom_1529555354995{padding-top: 10px !important;padding-right: 10px !important;padding-bottom: 10px !important;padding-left: 10px !important;}&#8221;][\/vc_column_inner][\/vc_row_inner][\/vc_column][vc_column css_animation=&#8221;fadeInDown&#8221; width=&#8221;2\/3&#8243; nasa_effect=&#8221;fadeInDown&#8221;][vc_column_text css_animation=&#8221;fadeIn&#8221;]<\/p>\n<h5><strong><span class=\"s1\"><span class=\"s2\">\u2022\u00a0<\/span>Devenir le leader mondial des p\u00e9riph\u00e9riques informatiques<\/span><\/strong><\/h5>\n<h5><span class=\"s2\">Pour \u00eatre le leader des p\u00e9riph\u00e9riques informatiques, SHENTEK s\u2019attache \u00e0 fournir \u00e0 ses clients un produit de haute qualit\u00e9 et des services rapides. Pour ce faire, nous fournissons une solution compl\u00e8te et engageons les d\u00e9clarations ci-dessous aupr\u00e8s de nos clients, employ\u00e9s et partenaires.<\/span><\/h5>\n<h5><strong><span class=\"s2\">\u2022 Aux clients<\/span><\/strong><\/h5>\n<h5><span class=\"s2\">Pour atteindre la satisfaction du client et la fid\u00e9liser comme objectif ultime, SHENTEK fournit un service client\u00e8le rapide et un support technique en sp\u00e9cification ou en utilisation au cours de la p\u00e9riode de pr\u00e9-vente, de vente ou m\u00eame de post-vente \u00e0 partir de 2009. La profession de SHENTEK ne faire le produit \u00e0 haute compatibilit\u00e9 et des r\u00e9ponses rapides, qui sont la meilleure assurance pour les clients.<\/span><\/h5>\n<h5><strong><span class=\"s2\">\u2022 Aux employ\u00e9s<\/span><\/strong><\/h5>\n<h5><span class=\"s2\"><span class=\"Apple-converted-space\">\u00a0\u00a0<\/span>SHENTEK fournira des cours de formation bien con\u00e7us pour s&#8217;assurer que tous les employ\u00e9s sont de plus en plus professionnels dans le domaine des p\u00e9riph\u00e9riques informatiques et constituent le meilleur service client pour exploiter pleinement leur potentiel. En outre, SHENTEK veillera \u00e9galement \u00e0 ce que les employ\u00e9s puissent grandir au sein de l&#8217;entreprise et partager le bien-\u00eatre social.<\/span><\/h5>\n<h5><strong><span class=\"s2\">\u2022 Aux partenaires<\/span><\/strong><\/h5>\n<h5><span class=\"s2\">Fond\u00e9 sur la conviction de la co-prosp\u00e9rit\u00e9 et de la co-prosp\u00e9rit\u00e9, SHENTEK cherche \u00e0 \u00e9tablir un partenaire \u00e0 long terme avec celui qui peut travailler ensemble, grandir ensemble et devenir le leader mondial du march\u00e9 des p\u00e9riph\u00e9riques informatiques.<\/span><\/h5>\n<p>[\/vc_column_text][vc_empty_space height=&#8221;40px&#8221;][\/vc_column][\/vc_row][vc_row css=&#8221;.vc_custom_1529423030310{margin-bottom: 50px !important;background-color: #ffffff !important;}&#8221;][vc_column css_animation=&#8221;fadeInDown&#8221; width=&#8221;1\/3&#8243; nasa_effect=&#8221;fadeInDown&#8221;][vc_row_inner][vc_column_inner css=&#8221;.vc_custom_1529556659477{margin-top: 0px !important;margin-right: 80px !important;margin-bottom: 20px !important;margin-left: 80px !important;padding-top: 40px !important;padding-right: 20px !important;padding-bottom: 20px !important;padding-left: 20px !important;background-color: #f4df7f !important;border-radius: 15px !important;}&#8221;][vc_column_text css_animation=&#8221;fadeIn&#8221; css=&#8221;.vc_custom_1529556579416{padding-bottom: 10px !important;}&#8221;]<\/p>\n<h3 style=\"color: white; text-align: center;\"><strong><span style=\"color: #ffffff;\">COMPETENCE<\/span><\/strong><\/h3>\n<p>[\/vc_column_text][vc_icon icon_fontawesome=&#8221;fa fa-globe&#8221; color=&#8221;white&#8221; size=&#8221;xl&#8221; align=&#8221;center&#8221; css_animation=&#8221;fadeIn&#8221; css=&#8221;.vc_custom_1529556491471{padding-top: 10px !important;padding-right: 10px !important;padding-bottom: 10px !important;padding-left: 10px !important;}&#8221;][\/vc_column_inner][\/vc_row_inner][\/vc_column][vc_column css_animation=&#8221;fadeInDown&#8221; width=&#8221;2\/3&#8243; nasa_effect=&#8221;fadeInDown&#8221;][vc_column_text css_animation=&#8221;fadeIn&#8221;]<\/p>\n<h5><strong><span class=\"s1\"> \u00a0 1. Penser globalement agir localement<\/span><\/strong><\/h5>\n<h5><span class=\"s1\">Les clients de SHENTEK sont r\u00e9partis dans le monde entier et SHENTEK doit fournir une solution globale. Cependant, la solution doit \u00e9galement \u00eatre rentable. Ainsi, SHENTEK d\u00e9cide de le concevoir et de le produire \u00e0 Ta\u00efwan avec une haute qualit\u00e9 pour r\u00e9pondre aux exigences. L\u2019\u00e9quipe de conception professionnelle de SHENTEK poss\u00e8de une vaste exp\u00e9rience des p\u00e9riph\u00e9riques informatiques, notamment dans le domaine des connexions, telles que l\u2019interface USB, Serial ATA, RS232 \/ 422\/485 et LAN. Toutes les recherches sont ax\u00e9es sur la connexion transparente et la compatibilit\u00e9 parfaite.<\/span><\/h5>\n<h5><strong>2 . Production Lean<\/strong><\/h5>\n<h5>Tout d\u2019abord, SHENTEK identifie la valeur de la connectivit\u00e9 \u00e0 fournir, c\u2019est la compatibilit\u00e9, quel que soit l\u2019ancien ou le dernier \u00e9tat de l\u2019appareil. Deuxi\u00e8mement, le flux de production est solide, que ce soit lors de la s\u00e9lection du mat\u00e9riau ou des composants, de la fabrication ou m\u00eame des tests finaux. Tous doivent suivre un SOP bien d\u00e9fini et les \u00e9tapes de test strictes jusqu&#8217;\u00e0 ce que tous les tests de fiabilit\u00e9 soient r\u00e9ussis. SHENTEK concr\u00e9tise enti\u00e8rement le principe d&#8217;innovation, de qualit\u00e9 et de service. augmenter la satisfaction et la fid\u00e9lit\u00e9 des clients. SHENTEK s\u2019engage \u00e9galement \u00e0 am\u00e9liorer la qualit\u00e9 des produits et le service \u00e0 la client\u00e8le afin de parvenir \u00e0 la perfection de l\u2019interconnexion et du fonctionnement perp\u00e9tuel de nos clients!<\/h5>\n<p>[\/vc_column_text][vc_empty_space height=&#8221;40px&#8221;][\/vc_column][\/vc_row][vc_row css=&#8221;.vc_custom_1529423030310{margin-bottom: 50px !important;background-color: #ffffff !important;}&#8221;][vc_column css_animation=&#8221;fadeInDown&#8221; width=&#8221;1\/3&#8243; nasa_effect=&#8221;fadeInDown&#8221;][vc_row_inner][vc_column_inner css=&#8221;.vc_custom_1529556679813{margin-top: 0px !important;margin-right: 80px !important;margin-bottom: 20px !important;margin-left: 80px !important;padding-top: 40px !important;padding-right: 20px !important;padding-bottom: 20px !important;padding-left: 20px !important;background-color: #83c7fc !important;border-radius: 15px !important;}&#8221;][vc_column_text css_animation=&#8221;fadeIn&#8221; css=&#8221;.vc_custom_1529556320059{padding-bottom: 10px !important;}&#8221;]<\/p>\n<h3 style=\"color: white; text-align: center;\"><strong>CULTURE<\/strong><\/h3>\n<p>[\/vc_column_text][vc_icon icon_fontawesome=&#8221;fa fa-handshake-o&#8221; color=&#8221;white&#8221; size=&#8221;xl&#8221; align=&#8221;center&#8221; css_animation=&#8221;fadeIn&#8221; css=&#8221;.vc_custom_1529556388420{padding-top: 10px !important;padding-right: 10px !important;padding-bottom: 10px !important;padding-left: 10px !important;}&#8221;][\/vc_column_inner][\/vc_row_inner][\/vc_column][vc_column css_animation=&#8221;fadeInDown&#8221; width=&#8221;2\/3&#8243; nasa_effect=&#8221;fadeInDown&#8221;][vc_column_text css_animation=&#8221;fadeIn&#8221;]<\/p>\n<h5 class=\"p1\"><span class=\"s1\">SHENTEK d\u00e9fend le principe d&#8217;int\u00e9grit\u00e9, de rationalit\u00e9 et d&#8217;innovation depuis sa cr\u00e9ation, cr\u00e9e une main-d&#8217;\u0153uvre hautement qualifi\u00e9e, am\u00e9liore les performances et la compatibilit\u00e9 des produits et effectue des travaux de recherche et d&#8217;innovation afin de relever les nouveaux d\u00e9fis de l&#8217;industrie informatique.<\/span><\/h5>\n<h5 class=\"p1\"><span class=\"s1\">SHENTEK met l\u2019accent sur le travail d\u2019\u00e9quipe en proposant les technologies les plus r\u00e9centes, des services apr\u00e8s-vente rapides et parfaits, ainsi que des produits de haute qualit\u00e9 qui r\u00e9pondent parfaitement aux demandes des clients. SHENTEK continuera \u00e9galement \u00e0 conserver l&#8217;innovation technologique, \u00e0 garantir la qualit\u00e9 et \u00e0 fournir le meilleur service de qualit\u00e9 pour les adaptateurs de p\u00e9riph\u00e9riques informatiques, les cartes d&#8217;extension ou tout autre produit associ\u00e9. SHENTEK vise toujours \u00e0 d\u00e9velopper le produit de premi\u00e8re classe et consid\u00e8re l\u2019activit\u00e9 ultime de la soci\u00e9t\u00e9 comme son objectif ultime.<\/span><\/h5>\n<h5 class=\"p1\"><span class=\"s1\">Le plus important est que SHENTEK a recherch\u00e9 des partenariats \u00e0 long terme susceptibles de se d\u00e9velopper ensemble sur le march\u00e9 des technologies de l\u2019information avec des supports mutuels. SHENTEK, accueillez tous les partenaires qui souhaitent cr\u00e9er une connectivit\u00e9 parfaite et devenir le leader mondial ou le leader du march\u00e9 des p\u00e9riph\u00e9riques informatiques!<\/span><\/h5>\n<p>[\/vc_column_text][vc_empty_space height=&#8221;40px&#8221;][\/vc_column][\/vc_row]<\/p>\n","protected":false},"excerpt":{"rendered":"<p>[vc_row css_animation=&#8221;slideInDown&#8221; css=&#8221;.vc_custom_1529420940000{padding-top: 50px !important;padding-bottom: 50px !important;}&#8221;][vc_column width=&#8221;1\/2&#8243;][vc_single_image image=&#8221;651&#8243; img_size=&#8221;full&#8221;][\/vc_column][vc_column css_animation=&#8221;slideInDown&#8221; width=&#8221;1\/2&#8243; nasa_effect=&#8221;fadeIn&#8221; css=&#8221;.vc_custom_1529421071948{padding-top: 50px !important;padding-bottom: 50px !important;}&#8221;][vc_column_text css=&#8221;.vc_custom_1551406929315{padding-top: 30px !important;padding-bottom: 50px !important;}&#8221;] Shentek Technology CO., LTD est un fabricant et une soci\u00e9t\u00e9 de conception situ\u00e9e \u00e0 Taipei \u00e0 Taiwan. Nous faisons la conception ODM et la marque \u201cShentek\u201d pour nos partenaires. [\/vc_column_text][\/vc_column][\/vc_row][vc_row css=&#8221;.vc_custom_1529556957597{margin-bottom: 50px [&hellip;]<\/p>\n","protected":false},"author":10,"featured_media":0,"parent":0,"menu_order":0,"comment_status":"closed","ping_status":"closed","template":"page-visual-composer.php","meta":{"footnotes":""},"yst_prominent_words":[],"_links":{"self":[{"href":"https:\/\/shentek.com\/fr\/wp-json\/wp\/v2\/pages\/15848"}],"collection":[{"href":"https:\/\/shentek.com\/fr\/wp-json\/wp\/v2\/pages"}],"about":[{"href":"https:\/\/shentek.com\/fr\/wp-json\/wp\/v2\/types\/page"}],"author":[{"embeddable":true,"href":"https:\/\/shentek.com\/fr\/wp-json\/wp\/v2\/users\/10"}],"replies":[{"embeddable":true,"href":"https:\/\/shentek.com\/fr\/wp-json\/wp\/v2\/comments?post=15848"}],"version-history":[{"count":0,"href":"https:\/\/shentek.com\/fr\/wp-json\/wp\/v2\/pages\/15848\/revisions"}],"wp:attachment":[{"href":"https:\/\/shentek.com\/fr\/wp-json\/wp\/v2\/media?parent=15848"}],"wp:term":[{"taxonomy":"yst_prominent_words","embeddable":true,"href":"https:\/\/shentek.com\/fr\/wp-json\/wp\/v2\/yst_prominent_words?post=15848"}],"curies":[{"name":"wp","href":"https:\/\/api.w.org\/{rel}","templated":true}]}}