{"id":12737,"date":"2018-08-17T17:04:23","date_gmt":"2018-08-17T09:04:23","guid":{"rendered":"http:\/\/www.shentek.com\/product\/rs232-rs422-rs485-to-fiber-st-converter-redundant-ring\/"},"modified":"2019-01-21T15:52:52","modified_gmt":"2019-01-21T07:52:52","slug":"anneau-redondant-rs232-rs422-rs485-to-fiber-st-converter","status":"publish","type":"product","link":"https:\/\/shentek.com\/fr\/product\/anneau-redondant-rs232-rs422-rs485-to-fiber-st-converter\/","title":{"rendered":"Anneau redondant du convertisseur RS232 RS422 RS485 en fibre ST"},"content":{"rendered":"","protected":false},"excerpt":{"rendered":"<p><span lang=\"EN-US\" style=\"margin: 0px; font-family: 'Arial', 'sans-serif'; font-size: 10pt;\"> <span style=\"color: #000000;\"> Caract\u00e9ristiques et avantages <\/span> <\/span><\/p>\n<p><span lang=\"EN-US\" style=\"margin: 0px; font-family: 'Arial', 'sans-serif'; font-size: 10pt;\"> <span style=\"color: #000000;\"> Les fibres optiques permettent une transmission jusqu&#8217;\u00e0 2 km <\/span> <\/span><\/p>\n<p><span lang=\"EN-US\" style=\"margin: 0px; font-family: 'Arial', 'sans-serif'; font-size: 10pt;\"> <span style=\"color: #000000;\"> Mode de transmission bidirectionnel semi-duplex ou bidirectionnel <\/span> <\/span><\/p>\n<p><span lang=\"EN-US\" style=\"margin: 0px; font-family: 'Arial', 'sans-serif'; font-size: 10pt;\"> <span style=\"color: #000000;\"> Prise en charge du mode sonnerie <\/span> <\/span><\/p>\n<p><span lang=\"EN-US\" style=\"margin: 0px; font-family: 'Arial', 'sans-serif'; font-size: 10pt;\"> <span style=\"color: #000000;\"> Prise en charge du syst\u00e8me redondant <\/span> <\/span><\/p>\n<p><span lang=\"EN-US\" style=\"margin: 0px; font-family: 'Arial', 'sans-serif'; font-size: 10pt;\"> <span style=\"color: #000000;\"> \u00c9vitez les coups de foudre et les interf\u00e9rences EMI \/ RFI <\/span> <\/span><\/p>\n<p><span lang=\"EN-US\" style=\"margin: 0px; font-family: 'Arial', 'sans-serif'; font-size: 10pt;\"> <span style=\"color: #000000;\"> Emp\u00eache les dommages dus aux d\u00e9charges \u00e9lectrostatiques <\/span> <\/span><\/p>\n<p><span lang=\"EN-US\" style=\"margin: 0px; font-family: 'Arial', 'sans-serif'; font-size: 10pt;\"> <span style=\"color: #000000;\"> Transmission de donn\u00e9es stable et sans erreur <\/span> <\/span><\/p>\n<p><span lang=\"EN-US\" style=\"margin: 0px; font-family: 'Arial', 'sans-serif'; font-size: 10pt;\"> <span style=\"color: #000000;\"> Supervision automatique du bus interne RS-485 \/ RS485 4W <\/span> <\/span><\/p>\n<p><span lang=\"EN-US\" style=\"margin: 0px; font-family: 'Arial', 'sans-serif'; font-size: 10pt;\"> <span style=\"color: #000000;\"> Aucun signal de contr\u00f4le de flux externe requis pour RS-485 \/ RS485 4W <\/span> <\/span><\/p>\n<p><span lang=\"EN-US\" style=\"margin: 0px; font-family: 'Arial', 'sans-serif'; font-size: 10pt;\"> <span style=\"color: #000000;\"> Suppression des transitoires et protection contre les surintensit\u00e9s sur les lignes de donn\u00e9es RS232 \/ 422\/485 <\/span> <\/span><\/p>\n<p><span lang=\"EN-US\" style=\"margin: 0px; font-family: 'Arial', 'sans-serif'; font-size: 10pt;\"> <span style=\"color: #000000;\"> Voyant d\u2019indication de l\u2019alimentation et du flux de donn\u00e9es <\/span> <\/span><\/p>\n<p><span lang=\"EN-US\" style=\"margin: 0px; font-family: 'Arial', 'sans-serif'; font-size: 10pt;\"> <span style=\"color: #000000;\"> R\u00e9glage de la fonction DIP SW <\/span> <\/span><\/p>\n","protected":false},"featured_media":12740,"comment_status":"open","ping_status":"closed","template":"","meta":[],"product_cat":[1658,1659,1660,1669],"product_tag":[1661,1662,1663,1665,1666,1667,1668],"_links":{"self":[{"href":"https:\/\/shentek.com\/fr\/wp-json\/wp\/v2\/product\/12737"}],"collection":[{"href":"https:\/\/shentek.com\/fr\/wp-json\/wp\/v2\/product"}],"about":[{"href":"https:\/\/shentek.com\/fr\/wp-json\/wp\/v2\/types\/product"}],"replies":[{"embeddable":true,"href":"https:\/\/shentek.com\/fr\/wp-json\/wp\/v2\/comments?post=12737"}],"wp:featuredmedia":[{"embeddable":true,"href":"https:\/\/shentek.com\/fr\/wp-json\/wp\/v2\/media\/12740"}],"wp:attachment":[{"href":"https:\/\/shentek.com\/fr\/wp-json\/wp\/v2\/media?parent=12737"}],"wp:term":[{"taxonomy":"product_cat","embeddable":true,"href":"https:\/\/shentek.com\/fr\/wp-json\/wp\/v2\/product_cat?post=12737"},{"taxonomy":"product_tag","embeddable":true,"href":"https:\/\/shentek.com\/fr\/wp-json\/wp\/v2\/product_tag?post=12737"}],"curies":[{"name":"wp","href":"https:\/\/api.w.org\/{rel}","templated":true}]}}