{"id":12745,"date":"2018-08-17T16:41:45","date_gmt":"2018-08-17T08:41:45","guid":{"rendered":"http:\/\/www.shentek.com\/product\/usb-a-2-0-with-3kv-optical-isolation-adapter\/"},"modified":"2019-01-21T16:22:38","modified_gmt":"2019-01-21T08:22:38","slug":"adaptateur-usb-a-2-0-avec-3kv-optique-isolation","status":"publish","type":"product","link":"https:\/\/shentek.com\/fr\/product\/adaptateur-usb-a-2-0-avec-3kv-optique-isolation\/","title":{"rendered":"Adaptateur d&#8217;isolation optique USB-A 2.0 avec 3KV"},"content":{"rendered":"","protected":false},"excerpt":{"rendered":"<p><span lang=\"EN-US\" style=\"margin: 0px; color: black; font-family: 'Arial','sans-serif'; font-size: 10pt;\">Caract\u00e9ristiques et avantages <\/span><\/p>\n<p><span lang=\"EN-US\" style=\"margin: 0px; color: black; font-family: 'Arial','sans-serif'; font-size: 10pt;\"> Compatible USB 1.0 \/ 1.1, mais USB 1.0 \/ 1.1 ne prend pas en charge le remplacement \u00e0 chaud <\/span><\/p>\n<p><span lang=\"EN-US\" style=\"margin: 0px; color: black; font-family: 'Arial','sans-serif'; font-size: 10pt;\"> Compatible USB 2.0 haute vitesse <\/span><\/p>\n<p><span lang=\"EN-US\" style=\"margin: 0px; color: black; font-family: 'Arial','sans-serif'; font-size: 10pt;\"> L\u2019\u00e9tat de la communication peut \u00eatre surveill\u00e9 par une DEL <\/span><\/p>\n<p><span lang=\"EN-US\" style=\"margin: 0px; color: black; font-family: 'Arial','sans-serif'; font-size: 10pt;\"> Prise en charge de la sp\u00e9cification industrielle <\/span><\/p>\n<p><span lang=\"EN-US\" style=\"margin: 0px; color: black; font-family: 'Arial','sans-serif'; font-size: 10pt;\"> Aucun besoin de conducteur <\/span><\/p>\n","protected":false},"featured_media":12755,"comment_status":"open","ping_status":"closed","template":"","meta":[],"product_cat":[1682,1683,1669],"product_tag":[1684,1685,1661,1662,1686,1668],"_links":{"self":[{"href":"https:\/\/shentek.com\/fr\/wp-json\/wp\/v2\/product\/12745"}],"collection":[{"href":"https:\/\/shentek.com\/fr\/wp-json\/wp\/v2\/product"}],"about":[{"href":"https:\/\/shentek.com\/fr\/wp-json\/wp\/v2\/types\/product"}],"replies":[{"embeddable":true,"href":"https:\/\/shentek.com\/fr\/wp-json\/wp\/v2\/comments?post=12745"}],"wp:featuredmedia":[{"embeddable":true,"href":"https:\/\/shentek.com\/fr\/wp-json\/wp\/v2\/media\/12755"}],"wp:attachment":[{"href":"https:\/\/shentek.com\/fr\/wp-json\/wp\/v2\/media?parent=12745"}],"wp:term":[{"taxonomy":"product_cat","embeddable":true,"href":"https:\/\/shentek.com\/fr\/wp-json\/wp\/v2\/product_cat?post=12745"},{"taxonomy":"product_tag","embeddable":true,"href":"https:\/\/shentek.com\/fr\/wp-json\/wp\/v2\/product_tag?post=12745"}],"curies":[{"name":"wp","href":"https:\/\/api.w.org\/{rel}","templated":true}]}}