{"id":12958,"date":"2018-08-16T14:39:38","date_gmt":"2018-08-16T06:39:38","guid":{"rendered":"http:\/\/www.shentek.com\/product\/addressable-converter-serisl-rs232-rs485-rs422\/"},"modified":"2019-01-22T17:36:57","modified_gmt":"2019-01-22T09:36:57","slug":"adressable-convertisseur-serie-rs232-rs485-rs422","status":"publish","type":"product","link":"https:\/\/shentek.com\/fr\/product\/adressable-convertisseur-serie-rs232-rs485-rs422\/","title":{"rendered":"Convertisseur adressable S\u00e9rie RS232 RS485 RS422"},"content":{"rendered":"","protected":false},"excerpt":{"rendered":"<p><span lang=\"EN-US\" style=\"margin: 0px; font-family: 'Arial', 'sans-serif'; font-size: 10pt;\"> <span style=\"color: #000000;\"> Caract\u00e9ristiques et avantages <\/span> <\/span><\/p>\n<p><span lang=\"EN-US\" style=\"margin: 0px; font-family: 'Arial', 'sans-serif'; font-size: 10pt;\"> <span style=\"color: #000000;\"> Vitesse de transmission pouvant atteindre 115,2 kbps <\/span> <\/span><\/p>\n<p><span lang=\"EN-US\" style=\"margin: 0px; font-family: 'Arial', 'sans-serif'; font-size: 10pt;\"> <span style=\"color: #000000;\"> Microprocesseur int\u00e9gr\u00e9 <\/span> <\/span><\/p>\n<p><span lang=\"EN-US\" style=\"margin: 0px; font-family: 'Arial', 'sans-serif'; font-size: 10pt;\"> <span style=\"color: #000000;\"> Fonction de minuterie de surveillance incluse <\/span> <\/span><\/p>\n<p><span lang=\"EN-US\" style=\"margin: 0px; font-family: 'Arial', 'sans-serif'; font-size: 10pt;\"> <span style=\"color: #000000;\"> Toutes les configurations de communication stock\u00e9es dans l&#8217;EEPROM <\/span> <\/span><\/p>\n<p><span lang=\"EN-US\" style=\"margin: 0px; font-family: 'Arial', 'sans-serif'; font-size: 10pt;\"> <span style=\"color: #000000;\"> Indicateur d&#8217;alimentation et de flux de donn\u00e9es pour le d\u00e9pannage <\/span> <\/span><\/p>\n<p><span lang=\"EN-US\" style=\"margin: 0px; font-family: 'Arial', 'sans-serif'; font-size: 10pt;\"> <span style=\"color: #000000;\"> Terminateur int\u00e9gr\u00e9 120 ohm pour le r\u00e9glage du commutateur DIP <\/span> <\/span><\/p>\n<p><span lang=\"EN-US\" style=\"margin: 0px; font-family: 'Arial', 'sans-serif'; font-size: 10pt;\"> <span style=\"color: #000000;\"> Mode adressable et non adressable configurable <\/span> <\/span><\/p>\n<p><span lang=\"EN-US\" style=\"margin: 0px; font-family: 'Arial', 'sans-serif'; font-size: 10pt;\"> <span style=\"color: #000000;\"> Connectivit\u00e9 maximale de 10 p\u00e9riph\u00e9riques pour le mode RS-485 \u00e0 4 fils (multipoint RS-422) <\/span> <\/span><\/p>\n<p><span lang=\"EN-US\" style=\"margin: 0px; font-family: 'Arial', 'sans-serif'; font-size: 10pt;\"> <span style=\"color: #000000;\"> Connectivit\u00e9 p\u00e9riph\u00e9rique maximale pour le mode RS-485 <\/span> <\/span><\/p>\n<p><span lang=\"EN-US\" style=\"margin: 0px; font-family: 'Arial', 'sans-serif'; font-size: 10pt;\"> <span style=\"color: #000000;\"> L\u2019\u00e9tat de la communication peut \u00eatre surveill\u00e9 par le biais d\u2019une LED <\/span> <\/span><\/p>\n<p><span lang=\"EN-US\" style=\"margin: 0px; font-family: 'Arial', 'sans-serif'; font-size: 10pt;\"> <span style=\"color: #000000;\"> Protection d\u2019isolement optique 3KV <\/span> <\/span><\/p>\n<p><span lang=\"EN-US\" style=\"margin: 0px; font-family: 'Arial', 'sans-serif'; font-size: 10pt;\"> <span style=\"color: #000000;\"> Protection contre les surtensions de 600 W <\/span> <\/span><\/p>\n<p><span lang=\"EN-US\" style=\"margin: 0px; font-family: 'Arial', 'sans-serif'; font-size: 10pt;\"> <span style=\"color: #000000;\"> Protection ESD 15KV int\u00e9gr\u00e9e pour tous les ports s\u00e9rie et protection des signaux RS-422\/485 <\/span> <\/span><\/p>\n<p><span lang=\"EN-US\" style=\"margin: 0px; font-family: 'Arial', 'sans-serif'; font-size: 10pt;\"> <span style=\"color: #000000;\"> Prise en charge de la sp\u00e9cification industrielle <\/span> <\/span><\/p>\n","protected":false},"featured_media":12964,"comment_status":"open","ping_status":"closed","template":"","meta":[],"product_cat":[1658,1687,1660,1669],"product_tag":[1684,1689,1702,1661,1662,1664,1665,1666,1667,1668],"_links":{"self":[{"href":"https:\/\/shentek.com\/fr\/wp-json\/wp\/v2\/product\/12958"}],"collection":[{"href":"https:\/\/shentek.com\/fr\/wp-json\/wp\/v2\/product"}],"about":[{"href":"https:\/\/shentek.com\/fr\/wp-json\/wp\/v2\/types\/product"}],"replies":[{"embeddable":true,"href":"https:\/\/shentek.com\/fr\/wp-json\/wp\/v2\/comments?post=12958"}],"wp:featuredmedia":[{"embeddable":true,"href":"https:\/\/shentek.com\/fr\/wp-json\/wp\/v2\/media\/12964"}],"wp:attachment":[{"href":"https:\/\/shentek.com\/fr\/wp-json\/wp\/v2\/media?parent=12958"}],"wp:term":[{"taxonomy":"product_cat","embeddable":true,"href":"https:\/\/shentek.com\/fr\/wp-json\/wp\/v2\/product_cat?post=12958"},{"taxonomy":"product_tag","embeddable":true,"href":"https:\/\/shentek.com\/fr\/wp-json\/wp\/v2\/product_tag?post=12958"}],"curies":[{"name":"wp","href":"https:\/\/api.w.org\/{rel}","templated":true}]}}