{"id":13103,"date":"2018-08-16T10:52:04","date_gmt":"2018-08-16T02:52:04","guid":{"rendered":"http:\/\/www.shentek.com\/product\/2-port-serial-rs232-parallel-pci-card-powered-i-o\/"},"modified":"2019-01-23T18:02:54","modified_gmt":"2019-01-23T10:02:54","slug":"2-ports-serie-rs232-parallel-pci-card-powered-i-o","status":"publish","type":"product","link":"https:\/\/shentek.com\/fr\/product\/2-ports-serie-rs232-parallel-pci-card-powered-i-o\/","title":{"rendered":"2 ports s\u00e9rie parall\u00e8le RS232 PCI aliment\u00e9 par carte I O"},"content":{"rendered":"","protected":false},"excerpt":{"rendered":"<p><span lang=\"EN-US\" style=\"margin: 0px; font-family: 'Arial', 'sans-serif'; font-size: 10pt;\"> <span style=\"color: #000000;\"> Caract\u00e9ristiques et avantages <\/span> <\/span><\/p>\n<p><span lang=\"EN-US\" style=\"margin: 0px; font-family: 'Arial', 'sans-serif'; font-size: 10pt;\"> <span style=\"color: #000000;\"> \u00c9tend 2 ports de communication pour votre syst\u00e8me <\/span> <\/span><\/p>\n<p><span lang=\"EN-US\" style=\"margin: 0px; font-family: 'Arial', 'sans-serif'; font-size: 10pt;\"> <span style=\"color: #000000;\"> D\u00e9bit en bauds jusqu&#8217;\u00e0 921,6 kbps <\/span> <\/span><\/p>\n<p><span lang=\"EN-US\" style=\"margin: 0px; font-family: 'Arial', 'sans-serif'; font-size: 10pt;\"> <span style=\"color: #000000;\"> Compatible avec les emplacements PCI et PCI-x 3,3V \/ 5V <\/span> <\/span><\/p>\n<p><span lang=\"EN-US\" style=\"margin: 0px; font-family: 'Arial', 'sans-serif'; font-size: 10pt;\"> <span style=\"color: #000000;\"> Alimentation \u00e9lectrique via une ligne de communication (signal RI) <\/span> <\/span><\/p>\n<p><span lang=\"EN-US\" style=\"margin: 0px; font-family: 'Arial', 'sans-serif'; font-size: 10pt;\"> <span style=\"color: #000000;\"> Protection ESD 15KV int\u00e9gr\u00e9e <\/span> <\/span><\/p>\n<p><span lang=\"EN-US\" style=\"margin: 0px; font-family: 'Arial', 'sans-serif'; font-size: 10pt;\"> <span style=\"color: #000000;\"> Prise en charge de la sp\u00e9cification industrielle <\/span> <\/span><\/p>\n<p><span lang=\"EN-US\" style=\"margin: 0px; font-family: 'Arial', 'sans-serif'; font-size: 10pt;\"> <span style=\"color: #000000;\"> UART int\u00e9gr\u00e9 FIFO de 256 octets <\/span> <\/span><\/p>\n<p><span lang=\"EN-US\" style=\"margin: 0px; font-family: 'Arial', 'sans-serif'; font-size: 10pt;\"> <span style=\"color: #000000;\"> Prend en charge 5V \/ 12V s\u00e9lectionnable <\/span> <\/span><\/p>\n<p><span lang=\"EN-US\" style=\"margin: 0px; font-family: 'Arial', 'sans-serif'; font-size: 10pt;\"> <span style=\"color: #000000;\"> Parall\u00e8le &#8211; Mode de compatibilit\u00e9, Mode grignotage, Mode octet , Mode EPP et mode ECP) <\/span> <\/span><\/p>\n<p><span lang=\"FR\" style=\"margin: 0px; font-family: 'Arial', 'sans-serif'; font-size: 10pt;\"> <span style=\"color: #000000;\"> 16byte : Mode EPP \/ ECP <\/span> <\/span><\/p>\n<p><span lang=\"EN-US\" style=\"margin: 0px; font-family: 'Arial', 'sans-serif'; font-size: 10pt;\"> <span style=\"color: #000000;\"> remappage d&#8217;adresse I \/ O &#8211; RS-232 pour 3F8, 2F8, 3E8 et 2E8. Parall\u00e8le &#8211; 378 et 278 <\/span> <\/span><\/p>\n<p><span lang=\"EN-US\" style=\"margin: 0px; font-family: 'Arial', 'sans-serif'; font-size: 10pt;\"> <span style=\"color: #000000;\"> Prise en charge de Microsoft Windows, Linux <\/span> <\/span><\/p>\n","protected":false},"featured_media":13106,"comment_status":"open","ping_status":"closed","template":"","meta":[],"product_cat":[1724,1711,1669],"product_tag":[1725,1713,1726,1727,1728],"_links":{"self":[{"href":"https:\/\/shentek.com\/fr\/wp-json\/wp\/v2\/product\/13103"}],"collection":[{"href":"https:\/\/shentek.com\/fr\/wp-json\/wp\/v2\/product"}],"about":[{"href":"https:\/\/shentek.com\/fr\/wp-json\/wp\/v2\/types\/product"}],"replies":[{"embeddable":true,"href":"https:\/\/shentek.com\/fr\/wp-json\/wp\/v2\/comments?post=13103"}],"wp:featuredmedia":[{"embeddable":true,"href":"https:\/\/shentek.com\/fr\/wp-json\/wp\/v2\/media\/13106"}],"wp:attachment":[{"href":"https:\/\/shentek.com\/fr\/wp-json\/wp\/v2\/media?parent=13103"}],"wp:term":[{"taxonomy":"product_cat","embeddable":true,"href":"https:\/\/shentek.com\/fr\/wp-json\/wp\/v2\/product_cat?post=13103"},{"taxonomy":"product_tag","embeddable":true,"href":"https:\/\/shentek.com\/fr\/wp-json\/wp\/v2\/product_tag?post=13103"}],"curies":[{"name":"wp","href":"https:\/\/api.w.org\/{rel}","templated":true}]}}