{"id":13228,"date":"2018-08-16T09:42:49","date_gmt":"2018-08-16T01:42:49","guid":{"rendered":"http:\/\/www.shentek.com\/product\/2-port-power-esatap-usb-2-0-adapter-card-euhp\/"},"modified":"2019-01-23T19:33:55","modified_gmt":"2019-01-23T11:33:55","slug":"2-ports-alimentation-esatap-usb-2-0-adaptateur-carte-euhp","status":"publish","type":"product","link":"https:\/\/shentek.com\/fr\/product\/2-ports-alimentation-esatap-usb-2-0-adaptateur-carte-euhp\/","title":{"rendered":"Carte adaptateur USB 2.0 Power eSATAp USB 2.0 EUHP"},"content":{"rendered":"","protected":false},"excerpt":{"rendered":"<p><span lang=\"EN-US\" style=\"margin: 0px; font-family: 'Arial', 'sans-serif'; font-size: 10pt;\"> <span style=\"color: #000000;\"> Caract\u00e9ristiques et avantages <\/span> <\/span><\/p>\n<p><span lang=\"EN-US\" style=\"margin: 0px; font-family: 'Arial', 'sans-serif'; font-size: 10pt;\"> <span style=\"color: #000000;\"> \u00c9tend 2 ports eSATAp ou USB2.0 \u00e0 votre syst\u00e8me <\/span> <\/span><\/p>\n<p><span lang=\"EN-US\" style=\"margin: 0px; font-family: 'Arial', 'sans-serif'; font-size: 10pt;\"> <span style=\"color: #000000;\"> Taux de transfert jusqu\u2019\u00e0 3Gbps pour le port SATA, 480 Mbps pour le port USB 2.0 <\/span> <\/span><\/p>\n<p><span lang=\"EN-US\" style=\"margin: 0px; font-family: 'Arial', 'sans-serif'; font-size: 10pt;\"> <span style=\"color: #000000;\"> Prend en charge l&#8217;alimentation 5V \/ 12V du connecteur Power eSATAp <\/span> <\/span><\/p>\n<p><span lang=\"EN-US\" style=\"margin: 0px; font-family: 'Arial', 'sans-serif'; font-size: 10pt;\"> <span style=\"color: #000000;\"> Ne prend en charge aucun pilote requis pour tous les syst\u00e8mes d\u2019exploitation <\/span> <\/span><\/p>\n<p><span lang=\"EN-US\" style=\"margin: 0px; font-family: 'Arial', 'sans-serif'; font-size: 10pt;\"> <span style=\"color: #000000;\"> Facile \u00e0 configurer pour le syst\u00e8me de d\u00e9marrage externe <\/span> <\/span><\/p>\n","protected":false},"featured_media":13245,"comment_status":"open","ping_status":"closed","template":"","meta":[],"product_cat":[1703,1704,1669],"product_tag":[1685,1716,1725],"_links":{"self":[{"href":"https:\/\/shentek.com\/fr\/wp-json\/wp\/v2\/product\/13228"}],"collection":[{"href":"https:\/\/shentek.com\/fr\/wp-json\/wp\/v2\/product"}],"about":[{"href":"https:\/\/shentek.com\/fr\/wp-json\/wp\/v2\/types\/product"}],"replies":[{"embeddable":true,"href":"https:\/\/shentek.com\/fr\/wp-json\/wp\/v2\/comments?post=13228"}],"wp:featuredmedia":[{"embeddable":true,"href":"https:\/\/shentek.com\/fr\/wp-json\/wp\/v2\/media\/13245"}],"wp:attachment":[{"href":"https:\/\/shentek.com\/fr\/wp-json\/wp\/v2\/media?parent=13228"}],"wp:term":[{"taxonomy":"product_cat","embeddable":true,"href":"https:\/\/shentek.com\/fr\/wp-json\/wp\/v2\/product_cat?post=13228"},{"taxonomy":"product_tag","embeddable":true,"href":"https:\/\/shentek.com\/fr\/wp-json\/wp\/v2\/product_tag?post=13228"}],"curies":[{"name":"wp","href":"https:\/\/api.w.org\/{rel}","templated":true}]}}