{"id":13282,"date":"2018-08-16T09:17:53","date_gmt":"2018-08-16T01:17:53","guid":{"rendered":"http:\/\/www.shentek.com\/product\/1-port-usb-c-usb-a-usb-3-1-gen-2-10g-pci-express-card\/"},"modified":"2019-01-23T21:39:09","modified_gmt":"2019-01-23T13:39:09","slug":"carte-usb-c-usb-a-usb-3-1-gen-2-10g-express-carte","status":"publish","type":"product","link":"https:\/\/shentek.com\/fr\/product\/carte-usb-c-usb-a-usb-3-1-gen-2-10g-express-carte\/","title":{"rendered":"Carte PCI Express 10G \u00e0 1 port USB-C USB-A USB 3.1 Gen 2"},"content":{"rendered":"","protected":false},"excerpt":{"rendered":"<p><span lang=\"EN-US\" style=\"margin: 0px; font-family: 'Arial', 'sans-serif'; font-size: 10pt;\"> <span style=\"color: #000000;\"> Caract\u00e9ristiques et avantages <\/span> <\/span><\/p>\n<p><span lang=\"EN-US\" style=\"margin: 0px; font-family: 'Arial', 'sans-serif'; font-size: 10pt;\"> <span style=\"color: #000000;\"> \u00c9tend 2 ports pour votre syst\u00e8me <\/span> <\/span><\/p>\n<p><span lang=\"EN-US\" style=\"margin: 0px; font-family: 'Arial', 'sans-serif'; font-size: 10pt;\"> <span style=\"color: #000000;\"> Taux de transfert haute vitesse jusqu\u2019\u00e0 10 Gb <\/span> <\/span><\/p>\n<p><span lang=\"EN-US\" style=\"margin: 0px; font-family: 'Arial', 'sans-serif'; font-size: 10pt;\"> <span style=\"color: #000000;\"> Con\u00e7u pour r\u00e9pondre \u00e0 la norme PCI Express 2.0 Gen <\/span> <\/span><\/p>\n<p><span lang=\"EN-US\" style=\"margin: 0px; font-family: 'Arial', 'sans-serif'; font-size: 10pt;\"> <span style=\"color: #000000;\"> Prise en charge des lignes PCI Express x2, x4, x8 et x16 <\/span> <\/span><\/p>\n<p><span lang=\"EN-US\" style=\"margin: 0px; font-family: 'Arial', 'sans-serif'; font-size: 10pt;\"> <span style=\"color: #000000;\"> Conforme aux sp\u00e9cifications xHCI (eXtensible Host Controller Interface), r\u00e9vision 1.1 <\/span> <\/span><\/p>\n<p><span lang=\"EN-US\" style=\"margin: 0px; font-family: 'Arial', 'sans-serif'; font-size: 10pt;\"> <span style=\"color: #000000;\"> Prend en charge le fonctionnement simultan\u00e9 de plusieurs p\u00e9riph\u00e9riques USB 3.1, USB 3.0, USB 2.0 et USB 1.1 <\/span> <\/span><\/p>\n<p><span lang=\"EN-US\" style=\"margin: 0px; font-family: 'Arial', 'sans-serif'; font-size: 10pt;\"> <span style=\"color: #000000;\"> Prise en charge du taux de transfert de donn\u00e9es USB de 1,5 \/ 12\/480\/5000\/10000 Mbps <\/span> <\/span><\/p>\n<p><span lang=\"EN-US\" style=\"margin: 0px; font-family: 'Arial', 'sans-serif'; font-size: 10pt;\"> <span style=\"color: #000000;\"> \u00c9tend 2 ports USB3.1 Super-Speed Plus externes pour votre syst\u00e8me de bureau <\/span> <\/span><\/p>\n<p><span lang=\"EN-US\" style=\"margin: 0px; font-family: 'Arial', 'sans-serif'; font-size: 10pt;\"> <span style=\"color: #000000;\"> La puissance de sortie de chaque port USB jusqu\u2019\u00e0 5 V \u00e0 3 000 mA pour un p\u00e9riph\u00e9rique USB <\/span> <\/span><\/p>\n<p><span lang=\"EN-US\" style=\"margin: 0px; font-family: 'Arial', 'sans-serif'; font-size: 10pt;\"> <span style=\"color: #000000;\"> La fonctionnalit\u00e9 Hot Swap vous permet de connecter \/ d\u00e9connecter des p\u00e9riph\u00e9riques <\/span> <\/span><\/p>\n<p><span lang=\"EN-US\" style=\"margin: 0px; font-family: 'Arial', 'sans-serif'; font-size: 10pt;\"> <span style=\"color: #000000;\"> Microsoft WHQL approuve <\/span> <\/span><\/p>\n<p><span lang=\"EN-US\" style=\"margin: 0px; font-family: 'Arial', 'sans-serif'; font-size: 10pt;\"> <span style=\"color: #000000;\"> Prise en charge du pilote pour Microsoft Windows <\/span> <\/span><\/p>\n","protected":false},"featured_media":13288,"comment_status":"open","ping_status":"closed","template":"","meta":[],"product_cat":[1669,1719,1738],"product_tag":[1742,1743,1744,1725,1729,1745,1741,1739],"_links":{"self":[{"href":"https:\/\/shentek.com\/fr\/wp-json\/wp\/v2\/product\/13282"}],"collection":[{"href":"https:\/\/shentek.com\/fr\/wp-json\/wp\/v2\/product"}],"about":[{"href":"https:\/\/shentek.com\/fr\/wp-json\/wp\/v2\/types\/product"}],"replies":[{"embeddable":true,"href":"https:\/\/shentek.com\/fr\/wp-json\/wp\/v2\/comments?post=13282"}],"wp:featuredmedia":[{"embeddable":true,"href":"https:\/\/shentek.com\/fr\/wp-json\/wp\/v2\/media\/13288"}],"wp:attachment":[{"href":"https:\/\/shentek.com\/fr\/wp-json\/wp\/v2\/media?parent=13282"}],"wp:term":[{"taxonomy":"product_cat","embeddable":true,"href":"https:\/\/shentek.com\/fr\/wp-json\/wp\/v2\/product_cat?post=13282"},{"taxonomy":"product_tag","embeddable":true,"href":"https:\/\/shentek.com\/fr\/wp-json\/wp\/v2\/product_tag?post=13282"}],"curies":[{"name":"wp","href":"https:\/\/api.w.org\/{rel}","templated":true}]}}