{"id":13284,"date":"2018-08-16T09:10:59","date_gmt":"2018-08-16T01:10:59","guid":{"rendered":"http:\/\/www.shentek.com\/product\/2-port-serial-rs485-mini-pci-express-mini-pcie-card\/"},"modified":"2019-07-16T14:02:43","modified_gmt":"2019-07-16T06:02:43","slug":"2-ports-serie-rs485-mini-pci-express-mini-pcie-card","status":"publish","type":"product","link":"https:\/\/shentek.com\/fr\/product\/2-ports-serie-rs485-mini-pci-express-mini-pcie-card\/","title":{"rendered":"Carte mini PCIe mini PCI Express s\u00e9rie RS485 2 ports"},"content":{"rendered":"","protected":false},"excerpt":{"rendered":"<p><span lang=\"EN-US\" style=\"margin: 0px; font-family: 'Arial', 'sans-serif'; font-size: 10pt;\"> <span style=\"color: #000000;\"> Caract\u00e9ristiques et avantages <\/span> <\/span><\/p>\n<p><span lang=\"EN-US\" style=\"margin: 0px; font-family: 'Arial', 'sans-serif'; font-size: 10pt;\"> <span style=\"color: #000000;\"> \u00c9tend 4 ports de communication pour votre syst\u00e8me <\/span> <\/span><\/p>\n<p><span lang=\"EN-US\" style=\"margin: 0px; font-family: 'Arial', 'sans-serif'; font-size: 10pt;\"> <span style=\"color: #000000;\"> D\u00e9bit en bauds jusqu&#8217;\u00e0 921,6 kbps <\/span> <\/span><\/p>\n<p><span lang=\"EN-US\" style=\"margin: 0px; font-family: 'Arial', 'sans-serif'; font-size: 10pt;\"> <span style=\"color: #000000;\"> Con\u00e7u pour r\u00e9pondre \u00e0 la norme PCI Express 2.0 Gen 1 <\/span> <\/span><\/p>\n<p><span lang=\"EN-US\" style=\"margin: 0px; font-family: 'Arial', 'sans-serif'; font-size: 10pt;\"> <span style=\"color: #000000;\"> Prend en charge la taille d\u2019emplacement 2280 de la cl\u00e9 M.2 M Key (NGFF) <\/span> <\/span><\/p>\n<p><span lang=\"EN-US\" style=\"margin: 0px; font-family: 'Arial', 'sans-serif'; font-size: 10pt;\"> <span style=\"color: #000000;\"> Protection ESD 15KV int\u00e9gr\u00e9e <\/span> <\/span><\/p>\n<p><span lang=\"EN-US\" style=\"margin: 0px; font-family: 'Arial', 'sans-serif'; font-size: 10pt;\"> <span style=\"color: #000000;\"> Prise en charge de la sp\u00e9cification industrielle <\/span> <\/span><\/p>\n<p><span lang=\"EN-US\" style=\"margin: 0px; font-family: 'Arial', 'sans-serif'; font-size: 10pt;\"> <span style=\"color: #000000;\"> FIFO de 256 octets <\/span> <\/span><\/p>\n<p><span lang=\"EN-US\" style=\"margin: 0px; font-family: 'Arial', 'sans-serif'; font-size: 10pt;\"> <span style=\"color: #000000;\"> Prise en charge des pilotes Microsoft Windows, Linux et QNX <\/span> <\/span><\/p>\n","protected":false},"featured_media":13290,"comment_status":"open","ping_status":"closed","template":"","meta":[],"product_cat":[1746,1711,1669],"product_tag":[1747,1748,1667],"_links":{"self":[{"href":"https:\/\/shentek.com\/fr\/wp-json\/wp\/v2\/product\/13284"}],"collection":[{"href":"https:\/\/shentek.com\/fr\/wp-json\/wp\/v2\/product"}],"about":[{"href":"https:\/\/shentek.com\/fr\/wp-json\/wp\/v2\/types\/product"}],"replies":[{"embeddable":true,"href":"https:\/\/shentek.com\/fr\/wp-json\/wp\/v2\/comments?post=13284"}],"wp:featuredmedia":[{"embeddable":true,"href":"https:\/\/shentek.com\/fr\/wp-json\/wp\/v2\/media\/13290"}],"wp:attachment":[{"href":"https:\/\/shentek.com\/fr\/wp-json\/wp\/v2\/media?parent=13284"}],"wp:term":[{"taxonomy":"product_cat","embeddable":true,"href":"https:\/\/shentek.com\/fr\/wp-json\/wp\/v2\/product_cat?post=13284"},{"taxonomy":"product_tag","embeddable":true,"href":"https:\/\/shentek.com\/fr\/wp-json\/wp\/v2\/product_tag?post=13284"}],"curies":[{"name":"wp","href":"https:\/\/api.w.org\/{rel}","templated":true}]}}