{"id":13292,"date":"2018-08-16T09:06:10","date_gmt":"2018-08-16T01:06:10","guid":{"rendered":"http:\/\/www.shentek.com\/product\/embedded-1-port-parallel-usb-base-mini-pci-express-card\/"},"modified":"2019-01-23T21:50:12","modified_gmt":"2019-01-23T13:50:12","slug":"carte-usb-base-mini-pci-express-1-port-parallele-parallele","status":"publish","type":"product","link":"https:\/\/shentek.com\/fr\/product\/carte-usb-base-mini-pci-express-1-port-parallele-parallele\/","title":{"rendered":"Carte Mini PCI Express int\u00e9gr\u00e9e \u00e0 base 1 port parall\u00e8le Parallel USB"},"content":{"rendered":"","protected":false},"excerpt":{"rendered":"<p><span lang=\"EN-US\" style=\"margin: 0px; font-family: 'Arial', 'sans-serif'; font-size: 10pt;\"> <span style=\"color: #000000;\"> Caract\u00e9ristiques et avantages <\/span> <\/span><\/p>\n<p><span lang=\"EN-US\" style=\"margin: 0px; font-family: 'Arial', 'sans-serif'; font-size: 10pt;\"> <span style=\"color: #000000;\"> D\u00e9veloppe 1 port parall\u00e8le pour votre syst\u00e8me <\/span> <\/span><\/p>\n<p><span lang=\"EN-US\" style=\"margin: 0px; font-family: 'Arial', 'sans-serif'; font-size: 10pt;\"> <span style=\"color: #000000;\"> Concevoir une carte d\u2019adaptateur parall\u00e8le \u00e0 1 port USB <\/span> <\/span><\/p>\n<p><span lang=\"EN-US\" style=\"margin: 0px; font-family: 'Arial', 'sans-serif'; font-size: 10pt;\"> <span style=\"color: #000000;\"> mode parall\u00e8le \u2013ECP) <\/span><\/span><\/p>\n<p><span lang=\"EN-US\" style=\"margin: 0px; font-family: 'Arial', 'sans-serif'; font-size: 10pt;\"> <span style=\"color: #000000;\"> Prise en charge de Microsoft Windows, Linux <\/span> <\/span><\/p>\n","protected":false},"featured_media":12726,"comment_status":"open","ping_status":"closed","template":"","meta":[],"product_cat":[1746,1711,1669],"product_tag":[1748,1713],"_links":{"self":[{"href":"https:\/\/shentek.com\/fr\/wp-json\/wp\/v2\/product\/13292"}],"collection":[{"href":"https:\/\/shentek.com\/fr\/wp-json\/wp\/v2\/product"}],"about":[{"href":"https:\/\/shentek.com\/fr\/wp-json\/wp\/v2\/types\/product"}],"replies":[{"embeddable":true,"href":"https:\/\/shentek.com\/fr\/wp-json\/wp\/v2\/comments?post=13292"}],"wp:featuredmedia":[{"embeddable":true,"href":"https:\/\/shentek.com\/fr\/wp-json\/wp\/v2\/media\/12726"}],"wp:attachment":[{"href":"https:\/\/shentek.com\/fr\/wp-json\/wp\/v2\/media?parent=13292"}],"wp:term":[{"taxonomy":"product_cat","embeddable":true,"href":"https:\/\/shentek.com\/fr\/wp-json\/wp\/v2\/product_cat?post=13292"},{"taxonomy":"product_tag","embeddable":true,"href":"https:\/\/shentek.com\/fr\/wp-json\/wp\/v2\/product_tag?post=13292"}],"curies":[{"name":"wp","href":"https:\/\/api.w.org\/{rel}","templated":true}]}}