{"id":13299,"date":"2018-08-16T08:56:39","date_gmt":"2018-08-16T00:56:39","guid":{"rendered":"http:\/\/www.shentek.com\/product\/2-port-internal-superspeed-usb-3-1-gen-2-10g-m-2-card\/"},"modified":"2019-01-23T21:55:56","modified_gmt":"2019-01-23T13:55:56","slug":"super-vitesse-interne-2-ports-usb-3-1-gen-2-10g-m-2-card","status":"publish","type":"product","link":"https:\/\/shentek.com\/fr\/product\/super-vitesse-interne-2-ports-usb-3-1-gen-2-10g-m-2-card\/","title":{"rendered":"Carte SuperSpeed interne 2 ports + USB 3.1 Gen 2 10G M.2"},"content":{"rendered":"","protected":false},"excerpt":{"rendered":"<p><span lang=\"EN-US\" style=\"margin: 0px; font-family: 'Arial', 'sans-serif'; font-size: 10pt;\"> <span style=\"color: #000000;\"> Caract\u00e9ristiques et avantages <\/span> <\/span><\/p>\n<p><span lang=\"EN-US\" style=\"margin: 0px; font-family: 'Arial', 'sans-serif'; font-size: 10pt;\"> <span style=\"color: #000000;\"> \u00c9tend 2 ports pour votre syst\u00e8me <\/span> <\/span><\/p>\n<p><span lang=\"EN-US\" style=\"margin: 0px; font-family: 'Arial', 'sans-serif'; font-size: 10pt;\"> <span style=\"color: #000000;\"> Taux de transfert haute vitesse jusqu\u2019\u00e0 10 Gb <\/span> <\/span><\/p>\n<p><span lang=\"EN-US\" style=\"margin: 0px; font-family: 'Arial', 'sans-serif'; font-size: 10pt;\"> <span style=\"color: #000000;\"> Con\u00e7u pour \u00eatre conforme \u00e0 la norme PCI Express 3.0 Gen 1 <\/span> <\/span><\/p>\n<p><span lang=\"EN-US\" style=\"margin: 0px; font-family: 'Arial', 'sans-serif'; font-size: 10pt;\"> <span style=\"color: #000000;\"> Prise en charge de la cl\u00e9 M.2 &#8211; M \/ B <\/span> <\/span><\/p>\n<p><span lang=\"EN-US\" style=\"margin: 0px; font-family: 'Arial', 'sans-serif'; font-size: 10pt;\"> <span style=\"color: #000000;\"> Conforme \u00e0 la sp\u00e9cification Universal Serial Bus 3.1 Gen2 <\/span> <\/span><\/p>\n<p><span lang=\"EN-US\" style=\"margin: 0px; font-family: 'Arial', 'sans-serif'; font-size: 10pt;\"> <span style=\"color: #000000;\"> Prend en charge le fonctionnement simultan\u00e9 de plusieurs p\u00e9riph\u00e9riques USB 3.1 Gen1, USB 2.0 et USB 1.1 <\/span> <\/span><\/p>\n<p><span lang=\"EN-US\" style=\"margin: 0px; font-family: 'Arial', 'sans-serif'; font-size: 10pt;\"> <span style=\"color: #000000;\"> Prise en charge du taux de transfert de donn\u00e9es USB de 1,5 \/ 12\/480\/5000\/10000 Mbps <\/span> <\/span><\/p>\n<p><span lang=\"EN-US\" style=\"margin: 0px; font-family: 'Arial', 'sans-serif'; font-size: 10pt;\"> <span style=\"color: #000000;\"> Extension de 2 ports externes USB 3.1 GEN 2 super-vitesse + pour votre syst\u00e8me <\/span> <\/span><\/p>\n<p><span lang=\"EN-US\" style=\"margin: 0px; font-family: 'Arial', 'sans-serif'; font-size: 10pt;\"> <span style=\"color: #000000;\"> La puissance de sortie de chaque port USB jusqu\u2019\u00e0 5V 900 mA pour un p\u00e9riph\u00e9rique USB <\/span> <\/span><\/p>\n<p><span lang=\"EN-US\" style=\"margin: 0px; font-family: 'Arial', 'sans-serif'; font-size: 10pt;\"> <span style=\"color: #000000;\"> La fonctionnalit\u00e9 Hot Swap vous permet de connecter \/ d\u00e9connecter des p\u00e9riph\u00e9riques <\/span> <\/span><\/p>\n<p><span lang=\"EN-US\" style=\"margin: 0px; font-family: 'Arial', 'sans-serif'; font-size: 10pt;\"> <span style=\"color: #000000;\"> Microsoft WHQL approuve <\/span> <\/span><\/p>\n<p><span lang=\"EN-US\" style=\"margin: 0px; font-family: 'Arial', 'sans-serif'; font-size: 10pt;\"> <span style=\"color: #000000;\"> Prise en charge du pilote pour Microsoft Windows <\/span> <\/span><\/p>\n","protected":false},"featured_media":13301,"comment_status":"open","ping_status":"closed","template":"","meta":[],"product_cat":[1669,1719,1738],"product_tag":[1749,1750,1751,1735,1741],"_links":{"self":[{"href":"https:\/\/shentek.com\/fr\/wp-json\/wp\/v2\/product\/13299"}],"collection":[{"href":"https:\/\/shentek.com\/fr\/wp-json\/wp\/v2\/product"}],"about":[{"href":"https:\/\/shentek.com\/fr\/wp-json\/wp\/v2\/types\/product"}],"replies":[{"embeddable":true,"href":"https:\/\/shentek.com\/fr\/wp-json\/wp\/v2\/comments?post=13299"}],"wp:featuredmedia":[{"embeddable":true,"href":"https:\/\/shentek.com\/fr\/wp-json\/wp\/v2\/media\/13301"}],"wp:attachment":[{"href":"https:\/\/shentek.com\/fr\/wp-json\/wp\/v2\/media?parent=13299"}],"wp:term":[{"taxonomy":"product_cat","embeddable":true,"href":"https:\/\/shentek.com\/fr\/wp-json\/wp\/v2\/product_cat?post=13299"},{"taxonomy":"product_tag","embeddable":true,"href":"https:\/\/shentek.com\/fr\/wp-json\/wp\/v2\/product_tag?post=13299"}],"curies":[{"name":"wp","href":"https:\/\/api.w.org\/{rel}","templated":true}]}}