{"id":13381,"date":"2018-08-15T10:55:13","date_gmt":"2018-08-15T02:55:13","guid":{"rendered":"http:\/\/www.shentek.com\/product\/serial-rs485-rs422-mini-pcie-pci-express-card-isolation\/"},"modified":"2019-01-25T12:00:17","modified_gmt":"2019-01-25T04:00:17","slug":"serial-rs485-rs422-mini-pcie-pci-express-card-isolation","status":"publish","type":"product","link":"https:\/\/shentek.com\/fr\/product\/serial-rs485-rs422-mini-pcie-pci-express-card-isolation\/","title":{"rendered":"Isolement de carte PCI Express PCI Express s\u00e9rie RS485 RS422"},"content":{"rendered":"","protected":false},"excerpt":{"rendered":"<p><span lang=\"EN-US\" style=\"marge: 0px; font-family: 'Arial', 'sans-serif';\"> <span style=\"color: #000000;\"> Caract\u00e9ristiques et avantages <\/span><\/span><\/p>\n<p><span lang=\"FR-US\" style=\"marge: 0px; police-famille: 'Arial', 'sans-serif';\"> <span style=\"color: #000000;\"> \u00c9tend 2 ports de communication pour votre syst\u00e8me <\/span> <\/span><\/p>\n<p><span lang=\"FR-US\" style=\"marge: 0px; police-famille: 'Arial', 'sans-serif';\"> <span style=\"color: #000000;\"> D\u00e9bit en bauds jusqu\u2019\u00e0 460 Kbps <\/span> <\/span><\/p>\n<p><span lang=\"FR-US\" style=\"marge: 0px; police-famille: 'Arial', 'sans-serif';\"> <span style=\"color: #000000;\"> Con\u00e7u pour \u00eatre conforme \u00e0 la norme PCI Express 2.0 Gen 1 <\/span> <\/span><\/p>\n<p><span lang=\"FR-US\" style=\"marge: 0px; police-famille: 'Arial', 'sans-serif';\"> <span style=\"color: #000000;\"> Protection ESD 15KV int\u00e9gr\u00e9e <\/span> <\/span><\/p>\n<p><span lang=\"FR-US\" style=\"marge: 0px; police-famille: 'Arial', 'sans-serif';\"> <span style=\"color: #000000;\"> Prise en charge de la sp\u00e9cification industrielle <\/span> <\/span><\/p>\n<p><span lang=\"FR-US\" style=\"marge: 0px; police-famille: 'Arial', 'sans-serif';\"> <span style=\"color: #000000;\"> FIFO de 256 octets <\/span> <\/span><\/p>\n<p><span lang=\"FR-US\" style=\"marge: 0px; police-famille: 'Arial', 'sans-serif';\"> <span style=\"color: #000000;\"> Prend en charge la protection d\u2019isolement 2,5KV <\/span> <\/span><\/p>\n<p><span lang=\"FR-US\" style=\"marge: 0px; police-famille: 'Arial', 'sans-serif';\"> <span style=\"color: #000000;\"> Prise en charge des pilotes Microsoft Windows, Linux et QNX <\/span> <\/span><\/p>\n","protected":false},"featured_media":13395,"comment_status":"open","ping_status":"closed","template":"","meta":[],"product_cat":[1746,1711,1669],"product_tag":[1759,1750,1725,1760,1761,1762,1763],"_links":{"self":[{"href":"https:\/\/shentek.com\/fr\/wp-json\/wp\/v2\/product\/13381"}],"collection":[{"href":"https:\/\/shentek.com\/fr\/wp-json\/wp\/v2\/product"}],"about":[{"href":"https:\/\/shentek.com\/fr\/wp-json\/wp\/v2\/types\/product"}],"replies":[{"embeddable":true,"href":"https:\/\/shentek.com\/fr\/wp-json\/wp\/v2\/comments?post=13381"}],"wp:featuredmedia":[{"embeddable":true,"href":"https:\/\/shentek.com\/fr\/wp-json\/wp\/v2\/media\/13395"}],"wp:attachment":[{"href":"https:\/\/shentek.com\/fr\/wp-json\/wp\/v2\/media?parent=13381"}],"wp:term":[{"taxonomy":"product_cat","embeddable":true,"href":"https:\/\/shentek.com\/fr\/wp-json\/wp\/v2\/product_cat?post=13381"},{"taxonomy":"product_tag","embeddable":true,"href":"https:\/\/shentek.com\/fr\/wp-json\/wp\/v2\/product_tag?post=13381"}],"curies":[{"name":"wp","href":"https:\/\/api.w.org\/{rel}","templated":true}]}}