{"id":13401,"date":"2018-08-15T10:40:43","date_gmt":"2018-08-15T02:40:43","guid":{"rendered":"http:\/\/www.shentek.com\/product\/usb-c-usb-a-usb-3-1-gen-2-10g-pci-express-pcie-card\/"},"modified":"2020-11-09T14:40:22","modified_gmt":"2020-11-09T06:40:22","slug":"usb-c-usb-a-usb-3-1-gen-2-10g-pci-express-pcie-card","status":"publish","type":"product","link":"https:\/\/shentek.com\/fr\/product\/usb-c-usb-a-usb-3-1-gen-2-10g-pci-express-pcie-card\/","title":{"rendered":"USB-C USB-A USB 3.1 Gen 2 10G PCI Express Card"},"content":{"rendered":"<p>Introduction<\/p>\n","protected":false},"excerpt":{"rendered":"<p><span lang=\"EN-US\" style=\"margin: 0px; font-family: 'Arial', 'sans-serif'; font-size: 10pt;\"> <span style=\"color: #000000;\">Caract\u00e9ristiques et avantages <\/span> <\/span><\/p>\n<p><span lang=\"EN-US\" style=\"margin: 0px; font-family: 'Arial', 'sans-serif'; font-size: 10pt;\"> <span style=\"color: #000000;\">\u00c9tend 2 ports pour votre syst\u00e8me <\/span> <\/span><\/p>\n<p><span lang=\"EN-US\" style=\"margin: 0px; font-family: 'Arial', 'sans-serif'; font-size: 10pt;\"> <span style=\"color: #000000;\">Vitesse de transfert haute vitesse jusqu&#8217;\u00e0 10 Gb <\/span> <\/span><\/p>\n<p><span lang=\"EN-US\" style=\"margin: 0px; font-family: 'Arial', 'sans-serif'; font-size: 10pt;\"> <span style=\"color: #000000;\">Con\u00e7u pour r\u00e9pondre aux exigences du PCI Express 3.0 Gen 1 appropri\u00e9 <\/span> <\/span><\/p>\n<p><span lang=\"EN-US\" style=\"margin: 0px; font-family: 'Arial', 'sans-serif'; font-size: 10pt;\"> <span style=\"color: #000000;\">Prise en charge des lignes PCI Express x1, x2, x4, x8 et x16 <\/span> <\/span><\/p>\n<p><span lang=\"EN-US\" style=\"margin: 0px; font-family: 'Arial', 'sans-serif'; font-size: 10pt;\"> <span style=\"color: #000000;\">Conforme \u00e0 la sp\u00e9cification Universal Serial Bus 3.1 Gen2 <\/span> <\/span><\/p>\n<p><span lang=\"EN-US\" style=\"margin: 0px; font-family: 'Arial', 'sans-serif'; font-size: 10pt;\"> <span style=\"color: #000000;\">Prend en charge le fonctionnement simultan\u00e9 de certains p\u00e9riph\u00e9riques USB 3.1 Gen1, USB 2.0 et USB 1.1 <\/span> <\/span><\/p>\n<p><span lang=\"EN-US\" style=\"margin: 0px; font-family: 'Arial', 'sans-serif'; font-size: 10pt;\"> <span style=\"color: #000000;\">Il prend en charge une vitesse de transfert de donn\u00e9es USB de 1,5 \/ 12\/480\/5000\/10000 Mbps <\/span> <\/span><\/p>\n<p><span lang=\"EN-US\" style=\"margin: 0px; font-family: 'Arial', 'sans-serif'; font-size: 10pt;\"> <span style=\"color: #000000;\">\u00c9tend 2 ports externes USB 3.1 GEN 2 super rapides + pour votre ordinateur de bureau <\/span> <\/span><\/p>\n<p><span lang=\"EN-US\" style=\"margin: 0px; font-family: 'Arial', 'sans-serif'; font-size: 10pt;\"> <span style=\"color: #000000;\">Chaque port USB g\u00e9n\u00e8re une alimentation jusqu\u2019\u00e0 5V 900 mA pour les p\u00e9riph\u00e9riques USB <\/span> <\/span><\/p>\n<p><span lang=\"EN-US\" style=\"margin: 0px; font-family: 'Arial', 'sans-serif'; font-size: 10pt;\"> <span style=\"color: #000000;\">La fonctionnalit\u00e9 de remplacement \u00e0 chaud vous permet de connecter \/ d\u00e9connecter des p\u00e9riph\u00e9riques <\/span> <\/span><\/p>\n<p><span lang=\"EN-US\" style=\"margin: 0px; font-family: 'Arial', 'sans-serif'; font-size: 10pt;\"> <span style=\"color: #000000;\">Microsoft WHQL accepte <\/span> <\/span><\/p>\n<p><span lang=\"EN-US\" style=\"margin: 0px; font-family: 'Arial', 'sans-serif'; font-size: 10pt;\"> <span style=\"color: #000000;\">Prise en charge des pilotes pour Microsoft Windows <\/span> <\/span><\/p>\n","protected":false},"featured_media":13411,"comment_status":"open","ping_status":"closed","template":"","meta":[],"product_cat":[1669,1719,1738],"product_tag":[1742,1764,1744,1725,1729,1745,1741],"_links":{"self":[{"href":"https:\/\/shentek.com\/fr\/wp-json\/wp\/v2\/product\/13401"}],"collection":[{"href":"https:\/\/shentek.com\/fr\/wp-json\/wp\/v2\/product"}],"about":[{"href":"https:\/\/shentek.com\/fr\/wp-json\/wp\/v2\/types\/product"}],"replies":[{"embeddable":true,"href":"https:\/\/shentek.com\/fr\/wp-json\/wp\/v2\/comments?post=13401"}],"wp:featuredmedia":[{"embeddable":true,"href":"https:\/\/shentek.com\/fr\/wp-json\/wp\/v2\/media\/13411"}],"wp:attachment":[{"href":"https:\/\/shentek.com\/fr\/wp-json\/wp\/v2\/media?parent=13401"}],"wp:term":[{"taxonomy":"product_cat","embeddable":true,"href":"https:\/\/shentek.com\/fr\/wp-json\/wp\/v2\/product_cat?post=13401"},{"taxonomy":"product_tag","embeddable":true,"href":"https:\/\/shentek.com\/fr\/wp-json\/wp\/v2\/product_tag?post=13401"}],"curies":[{"name":"wp","href":"https:\/\/api.w.org\/{rel}","templated":true}]}}