{"id":13467,"date":"2018-08-14T15:14:58","date_gmt":"2019-01-26T07:22:44","guid":{"rendered":"http:\/\/www.shentek.com\/?post_type=product&#038;p=13467"},"modified":"2019-01-26T15:22:50","modified_gmt":"2019-01-26T07:22:50","slug":"usb-3-0-mini-pci-express-pcie-card-2-interne","status":"publish","type":"product","link":"https:\/\/shentek.com\/fr\/product\/usb-3-0-mini-pci-express-pcie-card-2-interne\/","title":{"rendered":"Carte PCIe Mini PCI Express USB 3.0 interne \u00e0 2 ports"},"content":{"rendered":"","protected":false},"excerpt":{"rendered":"<p><span lang=\"EN-US\" style=\"margin: 0px; font-family: 'Arial', 'sans-serif'; font-size: 10pt;\"> <span style=\"color: #000000;\"> Caract\u00e9ristiques et avantages <\/span> <\/span><\/p>\n<p><span lang=\"EN-US\" style=\"margin: 0px; font-family: 'Arial', 'sans-serif'; font-size: 10pt;\"> <span style=\"color: #000000;\"> \u00c9tend 2 ports externes internes pour votre syst\u00e8me <\/span> <\/span><\/p>\n<p><span lang=\"EN-US\" style=\"margin: 0px; font-family: 'Arial', 'sans-serif'; font-size: 10pt;\"> <span style=\"color: #000000;\"> Taux de transfert haute vitesse jusqu\u2019\u00e0 5 Go <\/span> <\/span><\/p>\n<p><span lang=\"EN-US\" style=\"margin: 0px; font-family: 'Arial', 'sans-serif'; font-size: 10pt;\"> <span style=\"color: #000000;\"> Con\u00e7u pour \u00eatre conforme \u00e0 la norme PCI Express 2.0 Gen 1 <\/span> <\/span><\/p>\n<p><span lang=\"EN-US\" style=\"margin: 0px; font-family: 'Arial', 'sans-serif'; font-size: 10pt;\"> <span style=\"color: #000000;\"> Conforme \u00e0 la r\u00e9vision 1.0 de la sp\u00e9cification Universal Serial Bus 3.0 <\/span> <\/span><\/p>\n<p><span lang=\"EN-US\" style=\"margin: 0px; font-family: 'Arial', 'sans-serif'; font-size: 10pt;\"> <span style=\"color: #000000;\"> Conforme aux sp\u00e9cifications xHCI (eXtensible Host Controller Interface), r\u00e9vision 0.96 <\/span> <\/span><\/p>\n<p><span lang=\"EN-US\" style=\"margin: 0px; font-family: 'Arial', 'sans-serif'; font-size: 10pt;\"> <span style=\"color: #000000;\"> Prend en charge le fonctionnement simultan\u00e9 de plusieurs p\u00e9riph\u00e9riques USB 3.0, USB 2.0 et USB 1.1 <\/span> <\/span><\/p>\n<p><span lang=\"EN-US\" style=\"margin: 0px; font-family: 'Arial', 'sans-serif'; font-size: 10pt;\"> <span style=\"color: #000000;\"> Prend en charge un taux de transfert de donn\u00e9es USB de 1,5 \/ 12\/480\/5000 Mbps <\/span> <\/span><\/p>\n<p><span lang=\"EN-US\" style=\"margin: 0px; font-family: 'Arial', 'sans-serif'; font-size: 10pt;\"> <span style=\"color: #000000;\"> Extension du port super rapide USB3.0 \u00e0 2 ports pour votre syst\u00e8me de bureau <\/span> <\/span><\/p>\n<p><span lang=\"EN-US\" style=\"margin: 0px; font-family: 'Arial', 'sans-serif'; font-size: 10pt;\"> <span style=\"color: #000000;\"> La puissance de sortie de chaque port USB jusqu\u2019\u00e0 5V 900 mA pour un p\u00e9riph\u00e9rique USB <\/span> <\/span><\/p>\n<p><span lang=\"EN-US\" style=\"margin: 0px; font-family: 'Arial', 'sans-serif'; font-size: 10pt;\"> <span style=\"color: #000000;\"> La fonctionnalit\u00e9 Hot Swap vous permet de connecter \/ d\u00e9connecter des p\u00e9riph\u00e9riques <\/span> <\/span><\/p>\n<p><span lang=\"EN-US\" style=\"margin: 0px; font-family: 'Arial', 'sans-serif'; font-size: 10pt;\"> <span style=\"color: #000000;\"> Microsoft WHQL approuve <\/span> <\/span><\/p>\n<p><span lang=\"EN-US\" style=\"margin: 0px; font-family: 'Arial', 'sans-serif'; font-size: 10pt;\"> <span style=\"color: #000000;\"> Prise en charge du pilote pour Microsoft Windows <\/span> <\/span><\/p>\n","protected":false},"featured_media":13523,"comment_status":"open","ping_status":"closed","template":"","meta":[],"product_cat":[1669,1719,1738],"product_tag":[1772,1748,1745,1720],"_links":{"self":[{"href":"https:\/\/shentek.com\/fr\/wp-json\/wp\/v2\/product\/13467"}],"collection":[{"href":"https:\/\/shentek.com\/fr\/wp-json\/wp\/v2\/product"}],"about":[{"href":"https:\/\/shentek.com\/fr\/wp-json\/wp\/v2\/types\/product"}],"replies":[{"embeddable":true,"href":"https:\/\/shentek.com\/fr\/wp-json\/wp\/v2\/comments?post=13467"}],"wp:featuredmedia":[{"embeddable":true,"href":"https:\/\/shentek.com\/fr\/wp-json\/wp\/v2\/media\/13523"}],"wp:attachment":[{"href":"https:\/\/shentek.com\/fr\/wp-json\/wp\/v2\/media?parent=13467"}],"wp:term":[{"taxonomy":"product_cat","embeddable":true,"href":"https:\/\/shentek.com\/fr\/wp-json\/wp\/v2\/product_cat?post=13467"},{"taxonomy":"product_tag","embeddable":true,"href":"https:\/\/shentek.com\/fr\/wp-json\/wp\/v2\/product_tag?post=13467"}],"curies":[{"name":"wp","href":"https:\/\/api.w.org\/{rel}","templated":true}]}}