{"id":13544,"date":"2018-08-14T10:17:07","date_gmt":"2019-01-26T08:21:28","guid":{"rendered":"http:\/\/www.shentek.com\/?post_type=product&#038;p=13544"},"modified":"2019-01-26T16:21:35","modified_gmt":"2019-01-26T08:21:35","slug":"serial-rs232-parallel-pci-express-pcie-card-industrial-2","status":"publish","type":"product","link":"https:\/\/shentek.com\/fr\/product\/serial-rs232-parallel-pci-express-pcie-card-industrial-2\/","title":{"rendered":"Carte PCIe PCI Express parall\u00e8le s\u00e9rie RS232 industrielle"},"content":{"rendered":"","protected":false},"excerpt":{"rendered":"<p><strong> Caract\u00e9ristiques et avantages <\/strong><\/p>\n<p>\u00c9tend le port RS232 \u00e0 2 ports pour le syst\u00e8me<\/p>\n<p>\u00c9tend 1 port parall\u00e8le pour le syst\u00e8me<\/p>\n<p>Communiquez efficacement avec un p\u00e9riph\u00e9rique connect\u00e9 jusqu&#8217;\u00e0 une prise en charge \u00e0 haute vitesse de 921 Kbps<\/p>\n<p>Conforme \u00e0 la sp\u00e9cification de base PCIe 3.0 \/ 3.1 conforme \u00e0 la version pr\u00e9c\u00e9dente 1.0a \/ 1.1 \/ 2.0 \/ 2.1<\/p>\n<p>Prot\u00e9gez votre syst\u00e8me des dommages avec la protection ESD int\u00e9gr\u00e9e<\/p>\n<p>Sp\u00e9cification de la carte s\u00e9rie industrielle<\/p>\n<p>Parall\u00e8le &#8211; Mode de compatibilit\u00e9, mode Nibble, mode Byte, mode EPP et mode ECP)<\/p>\n<p>16byte : Mode EPP \/ ECP<\/p>\n<p>I \/ O aliment\u00e9 Pin1 5V \/ 12V \/ DCD ou Pin9 5V \/ 12V \/ RI s\u00e9lectionnable<\/p>\n<p>FiFo 256 octets par \u00e9metteur et r\u00e9cepteur<\/p>\n<p>Plage de temp\u00e9rature de fonctionnement \u00e9tendue de -30 \u00b0 C \u00e0 75 \u00b0 C<\/p>\n<p>P\u00e9riph\u00e9riques connect\u00e9s \u00e0 l&#8217;alimentation avec sortie de puissance flexible des broches 1 ou 9 par cavalier<\/p>\n<p>Supporte Microsoft Windows, Linux, pilotes<\/p>\n<p>Support de profil\u00e9 standard ou deux supports bas (demi-hauteur)<\/p>\n","protected":false},"featured_media":13592,"comment_status":"open","ping_status":"closed","template":"","meta":[],"product_cat":[1724,1711,1669],"product_tag":[1777,1774,1725,1713,1753,1731,1665,1778],"_links":{"self":[{"href":"https:\/\/shentek.com\/fr\/wp-json\/wp\/v2\/product\/13544"}],"collection":[{"href":"https:\/\/shentek.com\/fr\/wp-json\/wp\/v2\/product"}],"about":[{"href":"https:\/\/shentek.com\/fr\/wp-json\/wp\/v2\/types\/product"}],"replies":[{"embeddable":true,"href":"https:\/\/shentek.com\/fr\/wp-json\/wp\/v2\/comments?post=13544"}],"wp:featuredmedia":[{"embeddable":true,"href":"https:\/\/shentek.com\/fr\/wp-json\/wp\/v2\/media\/13592"}],"wp:attachment":[{"href":"https:\/\/shentek.com\/fr\/wp-json\/wp\/v2\/media?parent=13544"}],"wp:term":[{"taxonomy":"product_cat","embeddable":true,"href":"https:\/\/shentek.com\/fr\/wp-json\/wp\/v2\/product_cat?post=13544"},{"taxonomy":"product_tag","embeddable":true,"href":"https:\/\/shentek.com\/fr\/wp-json\/wp\/v2\/product_tag?post=13544"}],"curies":[{"name":"wp","href":"https:\/\/api.w.org\/{rel}","templated":true}]}}