{"id":13547,"date":"2018-08-14T14:38:08","date_gmt":"2018-08-14T06:38:08","guid":{"rendered":"http:\/\/www.shentek.com\/product\/serial-com-1-rs232-port-pcie-card-driver-windows-10\/"},"modified":"2019-01-26T16:24:39","modified_gmt":"2019-01-26T08:24:39","slug":"serial-com-1-rs232-port-pcie-card-driver-windows-10","status":"publish","type":"product","link":"https:\/\/shentek.com\/fr\/product\/serial-com-1-rs232-port-pcie-card-driver-windows-10\/","title":{"rendered":"port s\u00e9rie com 1 Pilote de carte PCIe port RS232 Windows 10"},"content":{"rendered":"","protected":false},"excerpt":{"rendered":"<p><span style=\"font-weight: 400;\"> Caract\u00e9ristiques et avantages <\/span><\/p>\n<p><span style=\"font-weight: 400;\"> D\u00e9veloppe 1 port de communication pour votre syst\u00e8me <\/span><\/p>\n<p><span style=\"font-weight: 400;\"> Taux de transfert en bauds jusqu&#8217;\u00e0 921,6 kbps <\/span><\/p>\n<p><span style=\"font-weight: 400;\"> Con\u00e7u pour \u00eatre conforme \u00e0 la norme PCI Express 2.0 Gen 1 <\/span><\/p>\n<p><span style=\"font-weight: 400;\"> Prend en charge les lignes PCI Express x1, x2, x4, x8 et x16 <\/span><\/p>\n<p><span style=\"font-weight: 400;\"> Protection ESD 15KV int\u00e9gr\u00e9e <\/span><\/p>\n<p><span style=\"font-weight: 400;\"> Prise en charge de la sp\u00e9cification industrielle <\/span><\/p>\n<p><span style=\"font-weight: 400;\"> FIFO de 256 octets <\/span><\/p>\n<p><span style=\"font-weight: 400;\"> Prend en charge la s\u00e9lection 5V \/ 12V \/ RI <\/span><\/p>\n<p><span style=\"font-weight: 400;\"> Prend en charge les pilotes Microsoft Windows, Linux et QNX <\/span><\/p>\n","protected":false},"featured_media":13552,"comment_status":"open","ping_status":"closed","template":"","meta":[],"product_cat":[1724,1711,1669],"product_tag":[1725,1729,1727,1728],"_links":{"self":[{"href":"https:\/\/shentek.com\/fr\/wp-json\/wp\/v2\/product\/13547"}],"collection":[{"href":"https:\/\/shentek.com\/fr\/wp-json\/wp\/v2\/product"}],"about":[{"href":"https:\/\/shentek.com\/fr\/wp-json\/wp\/v2\/types\/product"}],"replies":[{"embeddable":true,"href":"https:\/\/shentek.com\/fr\/wp-json\/wp\/v2\/comments?post=13547"}],"wp:featuredmedia":[{"embeddable":true,"href":"https:\/\/shentek.com\/fr\/wp-json\/wp\/v2\/media\/13552"}],"wp:attachment":[{"href":"https:\/\/shentek.com\/fr\/wp-json\/wp\/v2\/media?parent=13547"}],"wp:term":[{"taxonomy":"product_cat","embeddable":true,"href":"https:\/\/shentek.com\/fr\/wp-json\/wp\/v2\/product_cat?post=13547"},{"taxonomy":"product_tag","embeddable":true,"href":"https:\/\/shentek.com\/fr\/wp-json\/wp\/v2\/product_tag?post=13547"}],"curies":[{"name":"wp","href":"https:\/\/api.w.org\/{rel}","templated":true}]}}