{"id":13616,"date":"2018-08-14T09:33:01","date_gmt":"2018-08-14T01:33:01","guid":{"rendered":"http:\/\/www.shentek.com\/product\/parallel-1-port-pci-express-pcie-card-ecp-epp\/"},"modified":"2019-01-26T18:33:15","modified_gmt":"2019-01-26T10:33:15","slug":"parallele-1-port-pci-express-pcie-card-ecp-epp","status":"publish","type":"product","link":"https:\/\/shentek.com\/fr\/product\/parallele-1-port-pci-express-pcie-card-ecp-epp\/","title":{"rendered":"Carte parall\u00e8le PCI Express PCIe 1 port ECP EPP"},"content":{"rendered":"","protected":false},"excerpt":{"rendered":"<p><strong> Caract\u00e9ristiques et avantages <\/strong><\/p>\n<p>\u00c9tend 1 port parall\u00e8le pour votre syst\u00e8me<\/p>\n<p>Con\u00e7u pour r\u00e9pondre \u00e0 la norme PCI Express 2.0 Gen 1<\/p>\n<p>Prend en charge les lignes PCI Express x1, x2, x4, x8 et x16<\/p>\n<p>Prend en charge la sp\u00e9cification industrielle<\/p>\n<p>Parall\u00e8le &#8211; Mode de compatibilit\u00e9, mode Nibble, mode Byte, mode EPP et mode ECP)<\/p>\n<p>16byte : Mode EPP \/ ECP<\/p>\n<p>Prend en charge Microsoft Windows, Linux<\/p>\n","protected":false},"featured_media":13628,"comment_status":"open","ping_status":"closed","template":"","meta":[],"product_cat":[1724,1711,1669],"product_tag":[1725,1713,1753,1778],"_links":{"self":[{"href":"https:\/\/shentek.com\/fr\/wp-json\/wp\/v2\/product\/13616"}],"collection":[{"href":"https:\/\/shentek.com\/fr\/wp-json\/wp\/v2\/product"}],"about":[{"href":"https:\/\/shentek.com\/fr\/wp-json\/wp\/v2\/types\/product"}],"replies":[{"embeddable":true,"href":"https:\/\/shentek.com\/fr\/wp-json\/wp\/v2\/comments?post=13616"}],"wp:featuredmedia":[{"embeddable":true,"href":"https:\/\/shentek.com\/fr\/wp-json\/wp\/v2\/media\/13628"}],"wp:attachment":[{"href":"https:\/\/shentek.com\/fr\/wp-json\/wp\/v2\/media?parent=13616"}],"wp:term":[{"taxonomy":"product_cat","embeddable":true,"href":"https:\/\/shentek.com\/fr\/wp-json\/wp\/v2\/product_cat?post=13616"},{"taxonomy":"product_tag","embeddable":true,"href":"https:\/\/shentek.com\/fr\/wp-json\/wp\/v2\/product_tag?post=13616"}],"curies":[{"name":"wp","href":"https:\/\/api.w.org\/{rel}","templated":true}]}}