{"id":13634,"date":"2018-08-14T09:04:55","date_gmt":"2018-08-14T01:04:55","guid":{"rendered":"http:\/\/www.shentek.com\/product\/ti-usb-3-0-pcie-4-port-usb-a-card-tusb7340\/"},"modified":"2019-01-26T18:42:23","modified_gmt":"2019-01-26T10:42:23","slug":"ti-usb-3-0-pcie-4-port-usb-a-card-tusb7340","status":"publish","type":"product","link":"https:\/\/shentek.com\/fr\/product\/ti-usb-3-0-pcie-4-port-usb-a-card-tusb7340\/","title":{"rendered":"TI USB 3.0 PCIe 4 ports carte USB-A TUSB7340"},"content":{"rendered":"","protected":false},"excerpt":{"rendered":"<p><strong> Caract\u00e9ristiques et avantages <\/strong><\/p>\n<p>\u00c9tend 4 ports pour votre syst\u00e8me<\/p>\n<p>Taux de transfert haute vitesse jusqu&#8217;\u00e0 5 Gb<\/p>\n<p>Con\u00e7u pour r\u00e9pondre \u00e0 la norme PCI Express 2.0 Gen 1<\/p>\n<p>Prend en charge les lignes PCI Express x1, x2, x4, x8 et x16<\/p>\n<p>Conforme \u00e0 la r\u00e9vision 1.0 de la sp\u00e9cification Gen1 du bus s\u00e9rie universel 3.1<\/p>\n<p>Conforme aux sp\u00e9cifications xHCI (interface de contr\u00f4leur h\u00f4te extensible) R\u00e9vision 0.96<\/p>\n<p>Prend en charge le fonctionnement simultan\u00e9 de plusieurs p\u00e9riph\u00e9riques USB 3.0, USB 2.0 et USB 1.1<\/p>\n<p>Prise en charge du taux de transfert de donn\u00e9es USB de 1,5 \/ 12\/480\/5000 Mbps<\/p>\n<p>\u00c9tend 4 ports USB 3.0 super-vitesse externes pour votre syst\u00e8me de bureau<\/p>\n<p>La puissance de sortie de chaque port USB jusqu\u2019\u00e0 5 V 900 mA pour un p\u00e9riph\u00e9rique USB<\/p>\n<p>La fonctionnalit\u00e9 Hot Swap vous permet de connecter \/ d\u00e9connecter des p\u00e9riph\u00e9riques<\/p>\n<p>Microsoft WHQL approuver<\/p>\n<p>Prise en charge du pilote pour Microsoft Windows<\/p>\n","protected":false},"featured_media":13644,"comment_status":"open","ping_status":"closed","template":"","meta":[],"product_cat":[1669,1719,1738],"product_tag":[1725,1729,1753,1780,1720,1740],"_links":{"self":[{"href":"https:\/\/shentek.com\/fr\/wp-json\/wp\/v2\/product\/13634"}],"collection":[{"href":"https:\/\/shentek.com\/fr\/wp-json\/wp\/v2\/product"}],"about":[{"href":"https:\/\/shentek.com\/fr\/wp-json\/wp\/v2\/types\/product"}],"replies":[{"embeddable":true,"href":"https:\/\/shentek.com\/fr\/wp-json\/wp\/v2\/comments?post=13634"}],"wp:featuredmedia":[{"embeddable":true,"href":"https:\/\/shentek.com\/fr\/wp-json\/wp\/v2\/media\/13644"}],"wp:attachment":[{"href":"https:\/\/shentek.com\/fr\/wp-json\/wp\/v2\/media?parent=13634"}],"wp:term":[{"taxonomy":"product_cat","embeddable":true,"href":"https:\/\/shentek.com\/fr\/wp-json\/wp\/v2\/product_cat?post=13634"},{"taxonomy":"product_tag","embeddable":true,"href":"https:\/\/shentek.com\/fr\/wp-json\/wp\/v2\/product_tag?post=13634"}],"curies":[{"name":"wp","href":"https:\/\/api.w.org\/{rel}","templated":true}]}}