{"id":13643,"date":"2018-08-08T17:14:33","date_gmt":"2018-08-08T09:14:33","guid":{"rendered":"http:\/\/www.shentek.com\/product\/serial-rs485-rs422-4-port-pci-express-pcie-card-isolation\/"},"modified":"2019-01-26T19:04:57","modified_gmt":"2019-01-26T11:04:57","slug":"serial-rs485-rs422-4-port-pci-express-pcie-card-isolation","status":"publish","type":"product","link":"https:\/\/shentek.com\/fr\/product\/serial-rs485-rs422-4-port-pci-express-pcie-card-isolation\/","title":{"rendered":"Isolement de la carte PCI Express PCIe s\u00e9rie 4 ports RS485 RS422"},"content":{"rendered":"","protected":false},"excerpt":{"rendered":"<p>Caract\u00e9ristiques et avantages<\/p>\n<p>\u00c9tend 4 ports de communication pour votre syst\u00e8me<\/p>\n<p>D\u00e9bit en bauds jusqu&#8217;\u00e0 921,6 kbps<\/p>\n<p>Con\u00e7u pour r\u00e9pondre \u00e0 la norme PCI Express 2.0 Gen 1<\/p>\n<p>Prend en charge les lignes PCI Express x1, x2, x4, x8 et x16<\/p>\n<p>Connectivit\u00e9 maximale de 10 p\u00e9riph\u00e9riques pour le mode RS-485 \u00e0 4 fils (multipoint RS-422)<\/p>\n<p>Connectivit\u00e9 maximale de 32 p\u00e9riph\u00e9riques pour le mode RS-485 \u00e0 2 fils<\/p>\n<p>Protection ESD 15KV int\u00e9gr\u00e9e<\/p>\n<p>Isolation optique 1.5KV<\/p>\n<p>Protection contre les surtensions 600W<\/p>\n<p>Prend en charge la sp\u00e9cification industrielle<\/p>\n<p>FIFO de 256 octets<\/p>\n<p>Prend en charge les pilotes Microsoft Windows, Linux et QNX<\/p>\n","protected":false},"featured_media":13659,"comment_status":"open","ping_status":"closed","template":"","meta":[],"product_cat":[1724,1711,1669],"product_tag":[1689,1732,1725,1729,1666,1667],"_links":{"self":[{"href":"https:\/\/shentek.com\/fr\/wp-json\/wp\/v2\/product\/13643"}],"collection":[{"href":"https:\/\/shentek.com\/fr\/wp-json\/wp\/v2\/product"}],"about":[{"href":"https:\/\/shentek.com\/fr\/wp-json\/wp\/v2\/types\/product"}],"replies":[{"embeddable":true,"href":"https:\/\/shentek.com\/fr\/wp-json\/wp\/v2\/comments?post=13643"}],"wp:featuredmedia":[{"embeddable":true,"href":"https:\/\/shentek.com\/fr\/wp-json\/wp\/v2\/media\/13659"}],"wp:attachment":[{"href":"https:\/\/shentek.com\/fr\/wp-json\/wp\/v2\/media?parent=13643"}],"wp:term":[{"taxonomy":"product_cat","embeddable":true,"href":"https:\/\/shentek.com\/fr\/wp-json\/wp\/v2\/product_cat?post=13643"},{"taxonomy":"product_tag","embeddable":true,"href":"https:\/\/shentek.com\/fr\/wp-json\/wp\/v2\/product_tag?post=13643"}],"curies":[{"name":"wp","href":"https:\/\/api.w.org\/{rel}","templated":true}]}}