{"id":13702,"date":"2018-08-08T14:55:31","date_gmt":"2018-08-08T06:55:31","guid":{"rendered":"http:\/\/www.shentek.com\/product\/industrial-8-port-rs232-serial-pci-express-pcie-card\/"},"modified":"2019-01-26T21:10:11","modified_gmt":"2019-01-26T13:10:11","slug":"industriel-8-port-rs232-pci-express-pcie-card","status":"publish","type":"product","link":"https:\/\/shentek.com\/fr\/product\/industriel-8-port-rs232-pci-express-pcie-card\/","title":{"rendered":"Carte PCIe PCI Express s\u00e9rie industrielle RS232 \u00e0 8 ports"},"content":{"rendered":"","protected":false},"excerpt":{"rendered":"<p><strong> Caract\u00e9ristiques et avantages <\/strong><\/p>\n<p>\u00c9tend le port RS232 \u00e0 8 ports pour votre syst\u00e8me<\/p>\n<p>Communiquez efficacement avec un p\u00e9riph\u00e9rique connect\u00e9 jusqu&#8217;\u00e0 une prise en charge \u00e0 haute vitesse de 921 Kbps<\/p>\n<p>Conforme \u00e0 la sp\u00e9cification de base PCIe 3.0 \/ 3.1 conforme \u00e0 la version pr\u00e9c\u00e9dente 1.0a \/ 1.1 \/ 2.0 \/ 2.1<\/p>\n<p>Prot\u00e9gez votre syst\u00e8me des dommages avec la protection ESD int\u00e9gr\u00e9e<\/p>\n<p>Sp\u00e9cification de la carte s\u00e9rie industrielle<\/p>\n<p>FiFo 256 octets par \u00e9metteur et r\u00e9cepteur<\/p>\n<p>Plage de temp\u00e9rature de fonctionnement \u00e9tendue de -30 \u00b0 C \u00e0 75 \u00b0 C<\/p>\n<p>Prise en charge des pilotes Microsoft Windows, Linux et QNX<\/p>\n<p>Support de profil\u00e9 standard ou deux supports bas (demi-hauteur)<\/p>\n","protected":false},"featured_media":13705,"comment_status":"open","ping_status":"closed","template":"","meta":[],"product_cat":[1724,1711,1669],"product_tag":[1674,1784,1774,1725,1729,1753,1727,1776,1728],"_links":{"self":[{"href":"https:\/\/shentek.com\/fr\/wp-json\/wp\/v2\/product\/13702"}],"collection":[{"href":"https:\/\/shentek.com\/fr\/wp-json\/wp\/v2\/product"}],"about":[{"href":"https:\/\/shentek.com\/fr\/wp-json\/wp\/v2\/types\/product"}],"replies":[{"embeddable":true,"href":"https:\/\/shentek.com\/fr\/wp-json\/wp\/v2\/comments?post=13702"}],"wp:featuredmedia":[{"embeddable":true,"href":"https:\/\/shentek.com\/fr\/wp-json\/wp\/v2\/media\/13705"}],"wp:attachment":[{"href":"https:\/\/shentek.com\/fr\/wp-json\/wp\/v2\/media?parent=13702"}],"wp:term":[{"taxonomy":"product_cat","embeddable":true,"href":"https:\/\/shentek.com\/fr\/wp-json\/wp\/v2\/product_cat?post=13702"},{"taxonomy":"product_tag","embeddable":true,"href":"https:\/\/shentek.com\/fr\/wp-json\/wp\/v2\/product_tag?post=13702"}],"curies":[{"name":"wp","href":"https:\/\/api.w.org\/{rel}","templated":true}]}}