{"id":18681,"date":"2017-09-27T17:47:08","date_gmt":"2017-09-27T17:47:08","guid":{"rendered":"http:\/\/www.shentek.com\/aboutus-shentek\/"},"modified":"2019-04-09T11:50:46","modified_gmt":"2019-04-09T03:50:46","slug":"aboutus-shentek","status":"publish","type":"page","link":"https:\/\/shentek.com\/it\/aboutus-shentek\/","title":{"rendered":"Riguardo a noi"},"content":{"rendered":"<p>[vc_row css_animation=&#8221;slideInDown&#8221; css=&#8221;.vc_custom_1529420940000{padding-top: 50px !important;padding-bottom: 50px !important;}&#8221;][vc_column width=&#8221;1\/2&#8243;][vc_single_image image=&#8221;651&#8243; img_size=&#8221;full&#8221;][\/vc_column][vc_column css_animation=&#8221;slideInDown&#8221; width=&#8221;1\/2&#8243; nasa_effect=&#8221;fadeIn&#8221; css=&#8221;.vc_custom_1529421071948{padding-top: 50px !important;padding-bottom: 50px !important;}&#8221;][vc_column_text css=&#8221;.vc_custom_1554780938031{padding-top: 30px !important;padding-bottom: 50px !important;}&#8221;]<\/p>\n<h3 style=\"text-align: left;\">Shentek Technology CO., LTD \u00e8 un&#8217;azienda produttrice di design e design con sede a Taipei Taiwan. Eseguiamo il design ODM e il marchio &#8220;Shentek&#8221; per i nostri compagno.<\/h3>\n<p>[\/vc_column_text][\/vc_column][\/vc_row][vc_row css=&#8221;.vc_custom_1529556957597{margin-bottom: 50px !important;}&#8221;][vc_column css=&#8221;.vc_custom_1529557000065{padding-right: 120px !important;padding-left: 120px !important;}&#8221;][vc_empty_space][vc_single_image image=&#8221;574&#8243; img_size=&#8221;large&#8221; alignment=&#8221;center&#8221; css_animation=&#8221;none&#8221;][vc_column_text]<\/p>\n<h4 class=\"av-special-heading-tag\" style=\"text-align: center; color: #8ec31f;\">CONNECT PERFECTLY IN IT PERIPHERALS<\/h4>\n<p>[\/vc_column_text][vc_empty_space height=&#8221;80px&#8221;][vc_btn title=&#8221;Il nostro prodotto&#8221; color=&#8221;green&#8221; size=&#8221;lg&#8221; align=&#8221;center&#8221; link=&#8221;url:%2Fshop%2F|||&#8221;][vc_empty_space][\/vc_column][\/vc_row][vc_row][vc_column][vc_empty_space height=&#8221;120px&#8221;][\/vc_column][\/vc_row][vc_row css=&#8221;.vc_custom_1529423030310{margin-bottom: 50px !important;background-color: #ffffff !important;}&#8221;][vc_column css_animation=&#8221;fadeInDown&#8221; width=&#8221;1\/3&#8243; nasa_effect=&#8221;fadeInDown&#8221;][vc_row_inner][vc_column_inner css=&#8221;.vc_custom_1529556623802{margin-top: 0px !important;margin-right: 80px !important;margin-bottom: 20px !important;margin-left: 80px !important;padding-top: 40px !important;padding-right: 20px !important;padding-bottom: 20px !important;padding-left: 20px !important;background-color: #d2ea79 !important;border-radius: 15px !important;}&#8221;][vc_column_text css_animation=&#8221;fadeIn&#8221; css=&#8221;.vc_custom_1529555342664{padding-bottom: 10px !important;}&#8221;]<\/p>\n<h3 style=\"color: white; text-align: center;\"><strong>VISION<\/strong><\/h3>\n<p>[\/vc_column_text][vc_icon icon_fontawesome=&#8221;fa fa-rocket&#8221; color=&#8221;white&#8221; size=&#8221;xl&#8221; align=&#8221;center&#8221; css_animation=&#8221;fadeIn&#8221; css=&#8221;.vc_custom_1529555354995{padding-top: 10px !important;padding-right: 10px !important;padding-bottom: 10px !important;padding-left: 10px !important;}&#8221;][\/vc_column_inner][\/vc_row_inner][\/vc_column][vc_column css_animation=&#8221;fadeInDown&#8221; width=&#8221;2\/3&#8243; nasa_effect=&#8221;fadeInDown&#8221;][vc_column_text css_animation=&#8221;fadeIn&#8221;]<\/p>\n<h5>\u2022 Diventare il leader periferico IT di livello mondiale<\/h5>\n<h5>Per essere il leader delle periferiche IT, SHENTEK si rivolge alla fornitura di prodotti di alta qualit\u00e0 e servizi rapidi ai nostri clienti. Per raggiungere questo obiettivo, forniamo una soluzione completa e impegniamo le dichiarazioni riportate di seguito per i nostri clienti, dipendenti e partner.<\/h5>\n<h5>\u2022 Ai clienti<\/h5>\n<h5>Per raggiungere l&#8217;elevata soddisfazione del cliente e l&#8217;alta fedelt\u00e0 come obiettivo finale, SHENTEK offre un servizio clienti tempestivo e supporto tecnico nelle specifiche o nell&#8217;uso durante il periodo di pre-vendita, in-vendita o anche post-vendita dal 2009. La professione di SHENTEK fa rendere il prodotto ad alta compatibilit\u00e0 e risposte rapide, che sono la migliore garanzia per i clienti.<\/h5>\n<h5>\u2022 Ai dipendenti<\/h5>\n<h5>SHENTEK fornir\u00e0 corsi di formazione ben progettati per assicurarsi che tutti i dipendenti siano sempre pi\u00f9 professionali nel dominio delle periferiche IT e il miglior servizio clienti per realizzare appieno le loro potenzialit\u00e0. Inoltre, SHENTEK assicurer\u00e0 anche che i dipendenti possano crescere con l&#8217;azienda e condividere il benessere.<\/h5>\n<h5>\u2022 Ai compagno<\/h5>\n<h5>Basandosi sulla convinzione di intergrowth e co-prosperity, SHENTEK ha cercato la creazione di un partner a lungo termine con colui che pu\u00f2 lavorare insieme, crescere insieme e diventare il leader mondiale nel mercato delle periferiche IT insieme.<\/h5>\n<p>[\/vc_column_text][vc_empty_space height=&#8221;40px&#8221;][\/vc_column][\/vc_row][vc_row css=&#8221;.vc_custom_1529423030310{margin-bottom: 50px !important;background-color: #ffffff !important;}&#8221;][vc_column css_animation=&#8221;fadeInDown&#8221; width=&#8221;1\/3&#8243; nasa_effect=&#8221;fadeInDown&#8221;][vc_row_inner][vc_column_inner css=&#8221;.vc_custom_1529556659477{margin-top: 0px !important;margin-right: 80px !important;margin-bottom: 20px !important;margin-left: 80px !important;padding-top: 40px !important;padding-right: 20px !important;padding-bottom: 20px !important;padding-left: 20px !important;background-color: #f4df7f !important;border-radius: 15px !important;}&#8221;][vc_column_text css_animation=&#8221;fadeIn&#8221; css=&#8221;.vc_custom_1529556579416{padding-bottom: 10px !important;}&#8221;]<\/p>\n<h3 style=\"color: white; text-align: center;\"><strong><span style=\"color: #ffffff;\">COMPETENCE<\/span><\/strong><\/h3>\n<p>[\/vc_column_text][vc_icon icon_fontawesome=&#8221;fa fa-globe&#8221; color=&#8221;white&#8221; size=&#8221;xl&#8221; align=&#8221;center&#8221; css_animation=&#8221;fadeIn&#8221; css=&#8221;.vc_custom_1529556491471{padding-top: 10px !important;padding-right: 10px !important;padding-bottom: 10px !important;padding-left: 10px !important;}&#8221;][\/vc_column_inner][\/vc_row_inner][\/vc_column][vc_column css_animation=&#8221;fadeInDown&#8221; width=&#8221;2\/3&#8243; nasa_effect=&#8221;fadeInDown&#8221;][vc_column_text css_animation=&#8221;fadeIn&#8221;]<\/p>\n<h5>1. Pensa globalmente, agisci localmente<\/h5>\n<h5>I clienti di SHENTEK sono distribuiti in tutto il mondo e SHENTEK deve fornire una soluzione globale. Tuttavia, la soluzione deve anche essere redditizia. Cos\u00ec, SHENTEK decide di progettarlo e produrlo a Taiwan con alta qualit\u00e0 per soddisfare i requisiti. Il team di progettazione professionale di SHENTEK ha una ricca esperienza in periferiche IT, in particolare nel campo della connessione, come l&#8217;interfaccia USB, Serial ATA, RS232 \/ 422\/485 e LAN. Tutta la ricerca \u00e8 focalizzata sulla connessione continua e sulla perfetta compatibilit\u00e0.<\/h5>\n<h5>2. Produzione snella<\/h5>\n<h5>Innanzitutto, SHENTEK identifica il valore della connettivit\u00e0 da fornire \u00e8 la compatibilit\u00e0, non importa quanti anni ha o quanto \u00e8 recente il dispositivo. In secondo luogo, il flusso di produzione \u00e8 solido rispetto alla scelta del materiale o dei componenti, alla produzione o persino al collaudo finale, tutti devono seguire SOP ben definiti e le rigorose fasi di test fino a quando non vengono superati tutti i test di affidabilit\u00e0. SHENTEK rende completamente vero il principio di innovazione, qualit\u00e0 e servizio; aumentare la soddisfazione e la lealt\u00e0 dei clienti. SHENTEK si impegna anche a migliorare la qualit\u00e0 del prodotto e il servizio clienti per raggiungere la perfezione di intergrowth e funzionamento perpetuo per i nostri clienti!<\/h5>\n<p>[\/vc_column_text][vc_empty_space height=&#8221;40px&#8221;][\/vc_column][\/vc_row][vc_row css=&#8221;.vc_custom_1529423030310{margin-bottom: 50px !important;background-color: #ffffff !important;}&#8221;][vc_column css_animation=&#8221;fadeInDown&#8221; width=&#8221;1\/3&#8243; nasa_effect=&#8221;fadeInDown&#8221;][vc_row_inner][vc_column_inner css=&#8221;.vc_custom_1529556679813{margin-top: 0px !important;margin-right: 80px !important;margin-bottom: 20px !important;margin-left: 80px !important;padding-top: 40px !important;padding-right: 20px !important;padding-bottom: 20px !important;padding-left: 20px !important;background-color: #83c7fc !important;border-radius: 15px !important;}&#8221;][vc_column_text css_animation=&#8221;fadeIn&#8221; css=&#8221;.vc_custom_1529556320059{padding-bottom: 10px !important;}&#8221;]<\/p>\n<h3 style=\"color: white; text-align: center;\"><strong>CULTURE<\/strong><\/h3>\n<p>[\/vc_column_text][vc_icon icon_fontawesome=&#8221;fa fa-handshake-o&#8221; color=&#8221;white&#8221; size=&#8221;xl&#8221; align=&#8221;center&#8221; css_animation=&#8221;fadeIn&#8221; css=&#8221;.vc_custom_1529556388420{padding-top: 10px !important;padding-right: 10px !important;padding-bottom: 10px !important;padding-left: 10px !important;}&#8221;][\/vc_column_inner][\/vc_row_inner][\/vc_column][vc_column css_animation=&#8221;fadeInDown&#8221; width=&#8221;2\/3&#8243; nasa_effect=&#8221;fadeInDown&#8221;][vc_column_text css_animation=&#8221;fadeIn&#8221;]<\/p>\n<h5 class=\"p1\">SHENTEK conferma il principio di integrit\u00e0, snellezza e innovazione da quando \u00e8 stato istituito e crea continuamente una forza lavoro altamente specializzata, migliora le prestazioni e la compatibilit\u00e0 del prodotto e fa ricerca e innovazione nello sviluppo per superare le nuove sfide del settore IT.<\/h5>\n<h5 class=\"p1\">SHENTEK sottolinea il lavoro di squadra fornendo la tecnologia pi\u00f9 recente, servizi post-vendita rapidi e perfetti e prodotti di alta qualit\u00e0 per soddisfare completamente le richieste dei clienti. SHENTEK continuer\u00e0 inoltre a mantenere l&#8217;innovazione tecnologica, a garantire la qualit\u00e0 e fornire il miglior servizio per adattatori di periferiche IT, schede aggiuntive o altri prodotti correlati. SHENTEK punta sempre sullo sviluppo del prodotto di prima classe e prende come obiettivo finale l&#8217;azienda perpetua.<\/h5>\n<h5 class=\"p1\">La cosa pi\u00f9 importante \u00e8 che SHENTEK \u00e8 alla ricerca di partnership a lungo termine che possano crescere insieme nel mercato IT con supporti reciproci. SHENTEK, benvenuto a qualsiasi partner che voglia realizzare una connettivit\u00e0 perfetta e diventare leader mondiale o leader nel mercato delle periferiche IT!<\/h5>\n<p>[\/vc_column_text][vc_empty_space height=&#8221;40px&#8221;][\/vc_column][\/vc_row]<\/p>\n","protected":false},"excerpt":{"rendered":"<p>[vc_row css_animation=&#8221;slideInDown&#8221; css=&#8221;.vc_custom_1529420940000{padding-top: 50px !important;padding-bottom: 50px !important;}&#8221;][vc_column width=&#8221;1\/2&#8243;][vc_single_image image=&#8221;651&#8243; img_size=&#8221;full&#8221;][\/vc_column][vc_column css_animation=&#8221;slideInDown&#8221; width=&#8221;1\/2&#8243; nasa_effect=&#8221;fadeIn&#8221; css=&#8221;.vc_custom_1529421071948{padding-top: 50px !important;padding-bottom: 50px !important;}&#8221;][vc_column_text css=&#8221;.vc_custom_1554780938031{padding-top: 30px !important;padding-bottom: 50px !important;}&#8221;] Shentek Technology CO., LTD \u00e8 un&#8217;azienda produttrice di design e design con sede a Taipei Taiwan. Eseguiamo il design ODM e il marchio &#8220;Shentek&#8221; per i nostri compagno. [\/vc_column_text][\/vc_column][\/vc_row][vc_row css=&#8221;.vc_custom_1529556957597{margin-bottom: 50px !important;}&#8221;][vc_column [&hellip;]<\/p>\n","protected":false},"author":10,"featured_media":0,"parent":0,"menu_order":0,"comment_status":"closed","ping_status":"closed","template":"page-visual-composer.php","meta":{"footnotes":""},"yst_prominent_words":[],"_links":{"self":[{"href":"https:\/\/shentek.com\/it\/wp-json\/wp\/v2\/pages\/18681"}],"collection":[{"href":"https:\/\/shentek.com\/it\/wp-json\/wp\/v2\/pages"}],"about":[{"href":"https:\/\/shentek.com\/it\/wp-json\/wp\/v2\/types\/page"}],"author":[{"embeddable":true,"href":"https:\/\/shentek.com\/it\/wp-json\/wp\/v2\/users\/10"}],"replies":[{"embeddable":true,"href":"https:\/\/shentek.com\/it\/wp-json\/wp\/v2\/comments?post=18681"}],"version-history":[{"count":0,"href":"https:\/\/shentek.com\/it\/wp-json\/wp\/v2\/pages\/18681\/revisions"}],"wp:attachment":[{"href":"https:\/\/shentek.com\/it\/wp-json\/wp\/v2\/media?parent=18681"}],"wp:term":[{"taxonomy":"yst_prominent_words","embeddable":true,"href":"https:\/\/shentek.com\/it\/wp-json\/wp\/v2\/yst_prominent_words?post=18681"}],"curies":[{"name":"wp","href":"https:\/\/api.w.org\/{rel}","templated":true}]}}