{"id":17925,"date":"2018-08-16T14:05:23","date_gmt":"2018-08-16T06:05:23","guid":{"rendered":"http:\/\/www.shentek.com\/product\/1-port-parallel-expresscard-epp-ecp-laptop\/"},"modified":"2019-04-07T21:31:36","modified_gmt":"2019-04-07T13:31:36","slug":"1-porta-parallela-expresscard-epp-ecp-laptop","status":"publish","type":"product","link":"https:\/\/shentek.com\/it\/product\/1-porta-parallela-expresscard-epp-ecp-laptop\/","title":{"rendered":"Computer portatile EPP ECP 1 porta parallela ExpressCard"},"content":{"rendered":"","protected":false},"excerpt":{"rendered":"<p><span lang=\"EN-US\" style=\"margin: 0px; font-family: 'Arial','sans-serif'; font-size: 10pt;\"><span style=\"color: #000000;\">Caratteristiche e vantaggi<\/span><\/span><\/p>\n<p><span lang=\"EN-US\" style=\"margin: 0px; font-family: 'Arial','sans-serif'; font-size: 10pt;\"><span style=\"color: #000000;\">\u00a0\u00a0\u00a0\u00a0\u00a0\u00a0\u00a0 Espande 1 porta parallela per il tuo sistema<\/span><\/span><\/p>\n<p><span lang=\"EN-US\" style=\"margin: 0px; font-family: 'Arial','sans-serif'; font-size: 10pt;\"><span style=\"color: #000000;\">\u00a0\u00a0\u00a0\u00a0\u00a0\u00a0\u00a0 Design conforme allo standard PCI 1 2.0 Gen 1<\/span><\/span><\/p>\n<p><span lang=\"EN-US\" style=\"margin: 0px; font-family: 'Arial','sans-serif'; font-size: 10pt;\"><span style=\"color: #000000;\">\u00a0\u00a0\u00a0\u00a0\u00a0\u00a0\u00a0 Supporta le specifiche industriali<\/span><\/span><\/p>\n<p><span style=\"color: #000000;\"><span lang=\"EN-US\" style=\"margin: 0px; font-family: 'Arial','sans-serif'; font-size: 10pt;\">\u00a0\u00a0\u00a0\u00a0\u00a0\u00a0\u00a0 <\/span><span lang=\"FR\" style=\"margin: 0px; font-family: 'Arial','sans-serif'; font-size: 10pt;\">Parallela &#8211; Modalit\u00e0 di compatibilit\u00e0, modalit\u00e0 Nibble, modalit\u00e0 Byte, modalit\u00e0 EPP e modalit\u00e0 ECP)<\/span><\/span><\/p>\n<p><span lang=\"FR\" style=\"margin: 0px; font-family: 'Arial','sans-serif'; font-size: 10pt;\"><span style=\"color: #000000;\">\u00a0\u00a0\u00a0\u00a0\u00a0\u00a0\u00a0 16byte\u00a0: EPP\/ECP modalit\u00e0<\/span><\/span><\/p>\n<p><span lang=\"EN-US\" style=\"margin: 0px; font-family: 'Arial','sans-serif'; font-size: 10pt;\"><span style=\"color: #000000;\">\u00a0\u00a0\u00a0\u00a0\u00a0\u00a0\u00a0 Supporta Microsoft Windows, Linux<\/span><\/span><\/p>\n","protected":false},"featured_media":17928,"comment_status":"open","ping_status":"closed","template":"","meta":[],"product_cat":[781],"product_tag":[2313,2308,2314],"_links":{"self":[{"href":"https:\/\/shentek.com\/it\/wp-json\/wp\/v2\/product\/17925"}],"collection":[{"href":"https:\/\/shentek.com\/it\/wp-json\/wp\/v2\/product"}],"about":[{"href":"https:\/\/shentek.com\/it\/wp-json\/wp\/v2\/types\/product"}],"replies":[{"embeddable":true,"href":"https:\/\/shentek.com\/it\/wp-json\/wp\/v2\/comments?post=17925"}],"wp:featuredmedia":[{"embeddable":true,"href":"https:\/\/shentek.com\/it\/wp-json\/wp\/v2\/media\/17928"}],"wp:attachment":[{"href":"https:\/\/shentek.com\/it\/wp-json\/wp\/v2\/media?parent=17925"}],"wp:term":[{"taxonomy":"product_cat","embeddable":true,"href":"https:\/\/shentek.com\/it\/wp-json\/wp\/v2\/product_cat?post=17925"},{"taxonomy":"product_tag","embeddable":true,"href":"https:\/\/shentek.com\/it\/wp-json\/wp\/v2\/product_tag?post=17925"}],"curies":[{"name":"wp","href":"https:\/\/api.w.org\/{rel}","templated":true}]}}