{"id":17988,"date":"2018-08-16T10:55:24","date_gmt":"2018-08-16T02:55:24","guid":{"rendered":"http:\/\/www.shentek.com\/product\/2-port-high-speed-serial-rs-232-1-port-parallel-universal-pci-card-support-pin1-5v-12v-dcd-pin9-5v-12v-ri-selectable-and-standard-and-low-profile-bracket-2\/"},"modified":"2019-04-07T23:07:34","modified_gmt":"2019-04-07T15:07:34","slug":"2-porte-ad-alta-velocita-seriale-rs-232-1-port-parallela-universale-pci-card-supporto-pin1-5v-12v-dcd-pin9-5v-12v-ri-selezionabile-and-standard-e-basso-profilo-staffa-2","status":"publish","type":"product","link":"https:\/\/shentek.com\/it\/product\/2-porte-ad-alta-velocita-seriale-rs-232-1-port-parallela-universale-pci-card-supporto-pin1-5v-12v-dcd-pin9-5v-12v-ri-selezionabile-and-standard-e-basso-profilo-staffa-2\/","title":{"rendered":"Profilo seriale scheda parallela RS232 seriale 2 porte basso"},"content":{"rendered":"","protected":false},"excerpt":{"rendered":"<p><span lang=\"EN-US\" style=\"margin: 0px; color: black; font-family: 'Arial','sans-serif'; font-size: 10pt;\">Caratteristiche e vantaggi<\/span><\/p>\n<p><span lang=\"EN-US\" style=\"margin: 0px; color: black; font-family: 'Arial','sans-serif'; font-size: 10pt;\">\u00a0\u00a0\u00a0\u00a0\u00a0\u00a0\u00a0\u00a0Espande 2 porte COM per il tuo sistema<\/span><\/p>\n<p><span lang=\"EN-US\" style=\"margin: 0px; color: black; font-family: 'Arial','sans-serif'; font-size: 10pt;\">\u00a0\u00a0\u00a0\u00a0\u00a0\u00a0\u00a0\u00a0Velocit\u00e0 di trasmissione ad alta velocit\u00e0 fino a 921,6 Kbps<\/span><\/p>\n<p><span lang=\"EN-US\" style=\"margin: 0px; color: black; font-family: 'Arial','sans-serif'; font-size: 10pt;\">\u00a0\u00a0\u00a0\u00a0\u00a0\u00a0\u00a0\u00a0Compatibile con slot PCI da 3,3 V \/ 5 V e PCI-x<\/span><\/p>\n<p><span lang=\"EN-US\" style=\"margin: 0px; color: black; font-family: 'Arial','sans-serif'; font-size: 10pt;\">\u00a0\u00a0\u00a0\u00a0\u00a0\u00a0\u00a0\u00a0Alimentazione tramite linea di comunicazione (segnale RI)<\/span><\/p>\n<p><span lang=\"EN-US\" style=\"margin: 0px; color: black; font-family: 'Arial','sans-serif'; font-size: 10pt;\">\u00a0\u00a0\u00a0\u00a0\u00a0\u00a0\u00a0\u00a0Protezione ESD da 15KV integrata<\/span><\/p>\n<p><span lang=\"EN-US\" style=\"margin: 0px; color: black; font-family: 'Arial','sans-serif'; font-size: 10pt;\">\u00a0\u00a0\u00a0\u00a0\u00a0\u00a0\u00a0\u00a0Supporta le specifiche industriali<\/span><\/p>\n<p><span lang=\"EN-US\" style=\"margin: 0px; color: black; font-family: 'Arial','sans-serif'; font-size: 10pt;\">\u00a0\u00a0\u00a0\u00a0\u00a0\u00a0\u00a0\u00a0UART integrato da 256 byte FIFO<\/span><\/p>\n<p><span lang=\"EN-US\" style=\"margin: 0px; color: black; font-family: 'Arial','sans-serif'; font-size: 10pt;\">\u00a0\u00a0\u00a0\u00a0\u00a0\u00a0\u00a0\u00a0Supporta 5V \/ 12V \/ RI selezionabili<\/span><\/p>\n<p><span lang=\"EN-US\" style=\"margin: 0px; color: black; font-family: 'Arial','sans-serif'; font-size: 10pt;\">\u00a0\u00a0\u00a0\u00a0\u00a0\u00a0\u00a0\u00a0<\/span><span lang=\"FR\" style=\"margin: 0px; color: black; font-family: 'Arial','sans-serif'; font-size: 10pt;\">Parallela &#8211; Modalit\u00e0 di compatibilit\u00e0, modalit\u00e0 Nibble, modalit\u00e0 Byte, modalit\u00e0 EPP e modalit\u00e0 ECP)<\/span><\/p>\n<p><span lang=\"FR\" style=\"margin: 0px; color: black; font-family: 'Arial','sans-serif'; font-size: 10pt;\">\u00a0\u00a0\u00a0\u00a0\u00a0\u00a0\u00a0\u00a016byte: modalit\u00e0 EPP \/ ECP<\/span><\/p>\n<p><span lang=\"FR\" style=\"margin: 0px; color: black; font-family: 'Arial','sans-serif'; font-size: 10pt;\">\u00a0\u00a0\u00a0\u00a0\u00a0\u00a0\u00a0\u00a0<\/span><span lang=\"EN-US\" style=\"margin: 0px; color: black; font-family: 'Arial','sans-serif'; font-size: 10pt;\">Rimappa indirizzo I \/ O &#8211; RS-232 per 3F8, 2F8, 3 <sup> E <\/ sup> 8, AND 2 <sup> E <\/ sup> 8. Parallelo &#8211; 378 e 278<\/span><\/p>\n<p><span lang=\"EN-US\" style=\"margin: 0px; color: black; font-family: 'Arial','sans-serif'; font-size: 10pt;\">\u00a0\u00a0\u00a0\u00a0\u00a0\u00a0\u00a0\u00a0Supporta Microsoft Windows, Linux<\/span><\/p>\n","protected":false},"featured_media":17998,"comment_status":"open","ping_status":"closed","template":"","meta":[],"product_cat":[2332,2312,2255],"product_tag":[2333,2314,2334,2335,2336],"_links":{"self":[{"href":"https:\/\/shentek.com\/it\/wp-json\/wp\/v2\/product\/17988"}],"collection":[{"href":"https:\/\/shentek.com\/it\/wp-json\/wp\/v2\/product"}],"about":[{"href":"https:\/\/shentek.com\/it\/wp-json\/wp\/v2\/types\/product"}],"replies":[{"embeddable":true,"href":"https:\/\/shentek.com\/it\/wp-json\/wp\/v2\/comments?post=17988"}],"wp:featuredmedia":[{"embeddable":true,"href":"https:\/\/shentek.com\/it\/wp-json\/wp\/v2\/media\/17998"}],"wp:attachment":[{"href":"https:\/\/shentek.com\/it\/wp-json\/wp\/v2\/media?parent=17988"}],"wp:term":[{"taxonomy":"product_cat","embeddable":true,"href":"https:\/\/shentek.com\/it\/wp-json\/wp\/v2\/product_cat?post=17988"},{"taxonomy":"product_tag","embeddable":true,"href":"https:\/\/shentek.com\/it\/wp-json\/wp\/v2\/product_tag?post=17988"}],"curies":[{"name":"wp","href":"https:\/\/api.w.org\/{rel}","templated":true}]}}