{"id":18011,"date":"2018-08-16T10:52:04","date_gmt":"2018-08-16T02:52:04","guid":{"rendered":"http:\/\/www.shentek.com\/product\/2-port-serial-rs232-parallel-pci-card-powered-i-o\/"},"modified":"2019-04-07T23:26:44","modified_gmt":"2019-04-07T15:26:44","slug":"2-port-seriale-parallelo-rs232-pci-card-powered-i-o","status":"publish","type":"product","link":"https:\/\/shentek.com\/it\/product\/2-port-seriale-parallelo-rs232-pci-card-powered-i-o\/","title":{"rendered":"Scheda seriale parallela RS232 seriale a 2 porte I O"},"content":{"rendered":"","protected":false},"excerpt":{"rendered":"<p><span lang=\"EN-US\" style=\"margin: 0px; font-family: 'Arial','sans-serif'; font-size: 10pt;\"><span style=\"color: #000000;\">Caratteristiche e vantaggi<\/span><\/span><\/p>\n<p><span lang=\"EN-US\" style=\"margin: 0px; font-family: 'Arial','sans-serif'; font-size: 10pt;\"><span style=\"color: #000000;\">\u00a0\u00a0\u00a0\u00a0\u00a0\u00a0\u00a0 Espande 2 porte COM per il tuo sistema<\/span><\/span><\/p>\n<p><span lang=\"EN-US\" style=\"margin: 0px; font-family: 'Arial','sans-serif'; font-size: 10pt;\"><span style=\"color: #000000;\">\u00a0\u00a0\u00a0\u00a0\u00a0\u00a0\u00a0 Velocit\u00e0 di trasmissione ad alta velocit\u00e0 fino a 921,6 Kbps<\/span><\/span><\/p>\n<p><span lang=\"EN-US\" style=\"margin: 0px; font-family: 'Arial','sans-serif'; font-size: 10pt;\"><span style=\"color: #000000;\">\u00a0\u00a0\u00a0\u00a0\u00a0\u00a0\u00a0 Compatibile con slot PCI da 3,3 V \/ 5 V e PCI-x<\/span><\/span><\/p>\n<p><span lang=\"EN-US\" style=\"margin: 0px; font-family: 'Arial','sans-serif'; font-size: 10pt;\"><span style=\"color: #000000;\">\u00a0\u00a0\u00a0\u00a0\u00a0\u00a0\u00a0 Alimentazione tramite linea di comunicazione (segnale RI)<\/span><\/span><\/p>\n<p><span lang=\"EN-US\" style=\"margin: 0px; font-family: 'Arial','sans-serif'; font-size: 10pt;\"><span style=\"color: #000000;\">\u00a0\u00a0\u00a0\u00a0\u00a0\u00a0\u00a0 Protezione ESD da 15KV integrata<\/span><\/span><\/p>\n<p><span lang=\"EN-US\" style=\"margin: 0px; font-family: 'Arial','sans-serif'; font-size: 10pt;\"><span style=\"color: #000000;\">\u00a0\u00a0\u00a0\u00a0\u00a0\u00a0\u00a0 Supporta le specifiche industriali<\/span><\/span><\/p>\n<p><span lang=\"EN-US\" style=\"margin: 0px; font-family: 'Arial','sans-serif'; font-size: 10pt;\"><span style=\"color: #000000;\">\u00a0\u00a0\u00a0\u00a0\u00a0\u00a0\u00a0 UART integrato da 256 byte FIFO<\/span><\/span><\/p>\n<p><span lang=\"EN-US\" style=\"margin: 0px; font-family: 'Arial','sans-serif'; font-size: 10pt;\"><span style=\"color: #000000;\">\u00a0\u00a0\u00a0\u00a0\u00a0\u00a0\u00a0 Supporta 5 V \/ 12V selezionabili<\/span><\/span><\/p>\n<p><span style=\"color: #000000;\"><span lang=\"EN-US\" style=\"margin: 0px; font-family: 'Arial','sans-serif'; font-size: 10pt;\">\u00a0\u00a0\u00a0\u00a0\u00a0\u00a0\u00a0 <\/span><span lang=\"FR\" style=\"margin: 0px; font-family: 'Arial','sans-serif'; font-size: 10pt;\">Parallela &#8211; Modalit\u00e0 di compatibilit\u00e0, modalit\u00e0 Nibble, modalit\u00e0 Byte, modalit\u00e0 EPP e modalit\u00e0 ECP)<\/span><\/span><\/p>\n<p><span lang=\"FR\" style=\"margin: 0px; font-family: 'Arial','sans-serif'; font-size: 10pt;\"><span style=\"color: #000000;\">\u00a0\u00a0\u00a0\u00a0\u00a0\u00a0\u00a0 16byte: modalit\u00e0 EPP \/ ECP<\/span><\/span><\/p>\n<p><span style=\"color: #000000;\"><span lang=\"FR\" style=\"margin: 0px; font-family: 'Arial','sans-serif'; font-size: 10pt;\">\u00a0\u00a0\u00a0\u00a0\u00a0\u00a0\u00a0 <\/span><span lang=\"EN-US\" style=\"margin: 0px; font-family: 'Arial','sans-serif'; font-size: 10pt;\">I\/ O Rimappa indirizzo &#8211; RS-232 per 3F8, 2F8, 3E8 e 2E8. Parallelo &#8211; 378 e 278<\/span><\/span><\/p>\n<p><span lang=\"EN-US\" style=\"margin: 0px; font-family: 'Arial','sans-serif'; font-size: 10pt;\"><span style=\"color: #000000;\">\u00a0\u00a0\u00a0\u00a0\u00a0\u00a0\u00a0 Supporta Microsoft Windows, Linux<\/span><\/span><\/p>\n","protected":false},"featured_media":18013,"comment_status":"open","ping_status":"closed","template":"","meta":[],"product_cat":[2332,2312,2255],"product_tag":[2333,2314,2334,2335,2336],"_links":{"self":[{"href":"https:\/\/shentek.com\/it\/wp-json\/wp\/v2\/product\/18011"}],"collection":[{"href":"https:\/\/shentek.com\/it\/wp-json\/wp\/v2\/product"}],"about":[{"href":"https:\/\/shentek.com\/it\/wp-json\/wp\/v2\/types\/product"}],"replies":[{"embeddable":true,"href":"https:\/\/shentek.com\/it\/wp-json\/wp\/v2\/comments?post=18011"}],"wp:featuredmedia":[{"embeddable":true,"href":"https:\/\/shentek.com\/it\/wp-json\/wp\/v2\/media\/18013"}],"wp:attachment":[{"href":"https:\/\/shentek.com\/it\/wp-json\/wp\/v2\/media?parent=18011"}],"wp:term":[{"taxonomy":"product_cat","embeddable":true,"href":"https:\/\/shentek.com\/it\/wp-json\/wp\/v2\/product_cat?post=18011"},{"taxonomy":"product_tag","embeddable":true,"href":"https:\/\/shentek.com\/it\/wp-json\/wp\/v2\/product_tag?post=18011"}],"curies":[{"name":"wp","href":"https:\/\/api.w.org\/{rel}","templated":true}]}}