{"id":18509,"date":"2018-08-14T10:17:07","date_gmt":"2018-08-14T02:17:07","guid":{"rendered":"http:\/\/www.shentek.com\/product\/serial-rs232-parallel-pci-express-pcie-card-industrial\/"},"modified":"2019-04-08T21:57:12","modified_gmt":"2019-04-08T13:57:12","slug":"seriale-rs232-parallelo-pci-express-pcie-card-industriale","status":"publish","type":"product","link":"https:\/\/shentek.com\/it\/product\/seriale-rs232-parallelo-pci-express-pcie-card-industriale\/","title":{"rendered":"Industrial PCIe PCIe seriale parallela RS232 seriale"},"content":{"rendered":"","protected":false},"excerpt":{"rendered":"<p><strong>Caratteristiche e vantaggi<\/strong><\/p>\n<p>Espande 2 porte RS232 per il sistema<\/p>\n<p>Espande 1 porta parallela per sistema<\/p>\n<p>Comunicare in modo efficiente con il dispositivo collegato fino al supporto ad alta velocit\u00e0 di 921 Kbps<\/p>\n<p>Conforme alle specifiche PCIe base 3.0 \/ 3.1 conforme alle versioni precedenti 1.0a \/ 1.1 \/ 2.0 \/ 2.1<\/p>\n<p>Proteggi il tuo sistema dai danni grazie alla protezione ESD integrata<\/p>\n<p>Supporta la specifica della scheda seriale industriale<\/p>\n<p>Parallela: modalit\u00e0 di compatibilit\u00e0, modalit\u00e0 Nibble, modalit\u00e0 Byte, modalit\u00e0 EPP e modalit\u00e0 ECP)<\/p>\n<p>16byte: modalit\u00e0 EPP \/ ECP<\/p>\n<p>Selezionabile I \/ O Pin1 5V \/ 12V \/ DCD o Pin9 5V \/ 12V \/ RI selezionabili<\/p>\n<p>256 Byte FiFo per trasmettitore e ricevitore<\/p>\n<p>Intervallo di temperatura di funzionamento esteso da -30 \u00b0 C a 75 \u00b0 C<\/p>\n<p>Alimentazione di dispositivi seriali collegati con pin 1 o pin 9 potenza di uscita flessibile tramite jumper<\/p>\n<p>Supporta Microsoft Windows, Linux, driver<\/p>\n<p>Staffa a profilo standard o due staffe a basso profilo (a mezza altezza)<\/p>\n","protected":false},"featured_media":18522,"comment_status":"open","ping_status":"closed","template":"","meta":[],"product_cat":[2332,2312,2255],"product_tag":[2388,2385,2333,2314,2361,2339,2270,2389],"_links":{"self":[{"href":"https:\/\/shentek.com\/it\/wp-json\/wp\/v2\/product\/18509"}],"collection":[{"href":"https:\/\/shentek.com\/it\/wp-json\/wp\/v2\/product"}],"about":[{"href":"https:\/\/shentek.com\/it\/wp-json\/wp\/v2\/types\/product"}],"replies":[{"embeddable":true,"href":"https:\/\/shentek.com\/it\/wp-json\/wp\/v2\/comments?post=18509"}],"wp:featuredmedia":[{"embeddable":true,"href":"https:\/\/shentek.com\/it\/wp-json\/wp\/v2\/media\/18522"}],"wp:attachment":[{"href":"https:\/\/shentek.com\/it\/wp-json\/wp\/v2\/media?parent=18509"}],"wp:term":[{"taxonomy":"product_cat","embeddable":true,"href":"https:\/\/shentek.com\/it\/wp-json\/wp\/v2\/product_cat?post=18509"},{"taxonomy":"product_tag","embeddable":true,"href":"https:\/\/shentek.com\/it\/wp-json\/wp\/v2\/product_tag?post=18509"}],"curies":[{"name":"wp","href":"https:\/\/api.w.org\/{rel}","templated":true}]}}