{"id":14606,"date":"2018-08-14T14:43:35","date_gmt":"2018-08-14T06:43:35","guid":{"rendered":"http:\/\/www.shentek.com\/product\/2-port-power-esatap-usb-2-0-sata-pcie-card\/"},"modified":"2019-02-12T17:23:07","modified_gmt":"2019-02-12T09:23:07","slug":"2%e3%83%9d%e3%83%bc%e3%83%88%e9%9b%bb%e6%ba%90esatap-usb-2-0-sata-pcie%e3%82%ab%e3%83%bc%e3%83%89","status":"publish","type":"product","link":"https:\/\/shentek.com\/ja\/product\/2%e3%83%9d%e3%83%bc%e3%83%88%e9%9b%bb%e6%ba%90esatap-usb-2-0-sata-pcie%e3%82%ab%e3%83%bc%e3%83%89\/","title":{"rendered":"2\u30dd\u30fc\u30c8\u96fb\u6e90eSATAp USB 2.0 SATA PCIe\u30ab\u30fc\u30c9"},"content":{"rendered":"","protected":false},"excerpt":{"rendered":"<p><span lang=\"EN-US\"> \u6a5f\u80fd\u3068\u5229\u70b9 <\/span><\/p>\n<p><span lang=\"EN-US\">  \u304a\u4f7f\u3044\u306e\u30b7\u30b9\u30c6\u30e0\u7528\u306b2\u3064\u306eeSATAp\u307e\u305f\u306fUSB2.0\u30dd\u30fc\u30c8\u3092\u62e1\u5f35\u3057\u307e\u3059\u3002 <\/span><\/p>\n<p><span lang=\"EN-US\">  SATA\u30dd\u30fc\u30c8\u3067\u6700\u59273Gbps,USB2.0\u30dd\u30fc\u30c8\u3067\u6700\u5927480Mbps\u306e\u8ee2\u9001\u30ec\u30fc\u30c8 <\/span><\/p>\n<p><span lang=\"EN-US\">  PCI Express 2.0 Gen 1\u6e96\u62e0\u306e\u8a2d\u8a08 <\/span><\/p>\n<p><span lang=\"EN-US\">  PCI Express\u00d71\u00d72,\u00d74,\u00d78,\u304a\u3088\u3073\u00d716\u30ec\u30fc\u30f3\u30d0\u30b9 <\/span><\/p>\n<p><span lang=\"EN-US\">  Power eSATAp\u30b3\u30cd\u30af\u30bf\u304b\u3089\u306e5V \/ 12V\u96fb\u6e90\u3092\u30b5\u30dd\u30fc\u30c8\u3057\u307e\u3059\u3002 <\/span><\/p>\n<p><span lang=\"EN-US\">  Windows,Linux,\u304a\u3088\u3073Mac\u3092\u30b5\u30dd\u30fc\u30c8\u3057\u307e\u3059\u3002 <\/span><\/p>\n<p><span lang=\"EN-US\">  \u30bd\u30d5\u30c8\u30a6\u30a7\u30a2RAID 0,1,5,10\u306f,\u3044\u305a\u308c\u3082RAID FW\u3092\u30b5\u30dd\u30fc\u30c8\u3057\u3066\u3044\u307e\u305b\u3093\u3002 <\/span><\/p>\n","protected":false},"featured_media":14618,"comment_status":"open","ping_status":"closed","template":"","meta":[],"product_cat":[1837,1838,1791],"product_tag":[1854,1858,1856,1857],"_links":{"self":[{"href":"https:\/\/shentek.com\/ja\/wp-json\/wp\/v2\/product\/14606"}],"collection":[{"href":"https:\/\/shentek.com\/ja\/wp-json\/wp\/v2\/product"}],"about":[{"href":"https:\/\/shentek.com\/ja\/wp-json\/wp\/v2\/types\/product"}],"replies":[{"embeddable":true,"href":"https:\/\/shentek.com\/ja\/wp-json\/wp\/v2\/comments?post=14606"}],"wp:featuredmedia":[{"embeddable":true,"href":"https:\/\/shentek.com\/ja\/wp-json\/wp\/v2\/media\/14618"}],"wp:attachment":[{"href":"https:\/\/shentek.com\/ja\/wp-json\/wp\/v2\/media?parent=14606"}],"wp:term":[{"taxonomy":"product_cat","embeddable":true,"href":"https:\/\/shentek.com\/ja\/wp-json\/wp\/v2\/product_cat?post=14606"},{"taxonomy":"product_tag","embeddable":true,"href":"https:\/\/shentek.com\/ja\/wp-json\/wp\/v2\/product_tag?post=14606"}],"curies":[{"name":"wp","href":"https:\/\/api.w.org\/{rel}","templated":true}]}}